
{"id":16533,"date":"2021-01-19T11:41:48","date_gmt":"2021-01-19T10:41:48","guid":{"rendered":"http:\/\/qkx.kqs.mybluehost.me\/karriere\/"},"modified":"2022-03-30T12:20:56","modified_gmt":"2022-03-30T10:20:56","slug":"karriere","status":"publish","type":"page","link":"https:\/\/www.agrivi.com\/de\/karriere\/","title":{"rendered":"Karriere"},"content":{"rendered":"<p>[vc_section full_width=&#8220;stretch_row&#8220; content_placement=&#8220;middle&#8220; el_class=&#8220;agrivi-header&#8220; css=&#8220;.vc_custom_1624450151654{background: #407933 url(https:\/\/www.agrivi.com\/wp-content\/uploads\/2021\/06\/AGRIVI-Web-Hero-Image-CAREERS.jpg?id=32362) !important;background-position: center !important;background-repeat: no-repeat !important;background-size: cover !important;}&#8220;][vc_row][vc_column][vc_custom_heading text=&#8220;AGRIVI KARRIERE&#8220; font_container=&#8220;tag:h1|text_align:center|color:%23ffffff&#8220; use_theme_fonts=&#8220;yes&#8220; el_class=&#8220;agrivi-header-title&#8220;][vc_custom_heading text=&#8220;Ver\u00e4ndern Sie mit uns die Art und Weise, wie Lebensmittel produziert werden.&#8220; font_container=&#8220;tag:h2|text_align:center|color:%23ffffff&#8220; el_class=&#8220;agrivi-header-subtitle&#8220;][\/vc_column][\/vc_row][\/vc_section][vc_section full_width=&#8220;stretch_row&#8220; el_class=&#8220;careers-3rd-row&#8220; css=&#8220;.vc_custom_1616664027404{padding-bottom: 0px !important;}&#8220;][vc_row content_placement=&#8220;middle&#8220;][vc_column][vc_custom_heading text=&#8220;UNSERE WERTE&#8220; font_container=&#8220;tag:h2|text_align:center&#8220; use_theme_fonts=&#8220;yes&#8220;][\/vc_column][\/vc_row][vc_row type=&#8220;full-width-section&#8220; equal_height=&#8220;yes&#8220; css=&#8220;.vc_custom_1621975490767{border-bottom-width: 1px !important;padding-bottom: 35px !important;background-color: #ffffff !important;border-bottom-color: #cdcdcd !important;border-bottom-style: solid !important;border-radius: 1px !important;}&#8220;][vc_column width=&#8220;1\/2&#8243;][vc_single_image image=&#8220;12847&#8243; img_size=&#8220;full&#8220; alignment=&#8220;center&#8220; css=&#8220;.vc_custom_1616659105736{padding-top: 10% !important;padding-right: 10% !important;padding-bottom: 10% !important;padding-left: 10% !important;}&#8220;][\/vc_column][vc_column width=&#8220;1\/2&#8243; el_class=&#8220;center-column-content-vertical&#8220;][vc_custom_heading text=&#8220;LEIDENSCHAFT&#8220; font_container=&#8220;tag:h2|font_size:35|text_align:left|color:%23407933|line_height:42px&#8220; use_theme_fonts=&#8220;yes&#8220; css=&#8220;.vc_custom_1616663014903{padding-top: 0px !important;padding-right: 0px !important;padding-bottom: 0px !important;padding-left: 0px !important;}&#8220;][vc_column_text font_size=&#8220;22&#8243; line_height=&#8220;36&#8243; el_class=&#8220;limited_width&#8220; css=&#8220;.vc_custom_1622269096700{padding-top: 0px !important;padding-right: 0px !important;padding-bottom: 0px !important;padding-left: 0px !important;}&#8220;]AGRIVI leistet sinnvolle Arbeit. Wir lieben, was wir tun und wollen mit Menschen zusammenarbeiten, die genau wie wir daf\u00fcr brennen, einen positiven Einfluss auf die Welt zu haben.[\/vc_column_text][\/vc_column][\/vc_row][vc_row type=&#8220;full-width-section&#8220; equal_height=&#8220;yes&#8220; css=&#8220;.vc_custom_1621977209689{border-bottom-width: 1px !important;padding-top: 35px !important;padding-bottom: 35px !important;background-color: #f7f8fa !important;border-bottom-color: #cdcdcd !important;border-bottom-style: solid !important;}&#8220; el_class=&#8220;swap-on-mobile&#8220;][vc_column width=&#8220;1\/2&#8243; el_class=&#8220;center-column-content-vertical&#8220;][vc_custom_heading text=&#8220;KREATIVIT\u00c4T&#8220; font_container=&#8220;tag:h2|font_size:35|text_align:left|color:%23407933|line_height:42px&#8220; use_theme_fonts=&#8220;yes&#8220;][vc_column_text font_size=&#8220;22&#8243; line_height=&#8220;36&#8243; el_class=&#8220;limited_width&#8220;]<\/p>\n<p style=\"text-align: left;\">Die gr\u00f6\u00dften globalen Probleme erfordern innovative und unkonventionelle Ideen, um sie zu l\u00f6sen. Wir sch\u00e4tzen Menschen, die bereit sind, sich mit Herausforderungen auseinanderzusetzen und die mit Neugierde und Kreativit\u00e4t nach neuen Wegen suchen.<\/p>\n<p>&nbsp;<br \/>\n[\/vc_column_text][\/vc_column][vc_column width=&#8220;1\/2&#8243; el_class=&#8220;vc_col-sm-pull-6&#8243;][vc_single_image image=&#8220;12839&#8243; img_size=&#8220;full&#8220; alignment=&#8220;center&#8220; css=&#8220;.vc_custom_1615842020753{padding-top: 10% !important;padding-right: 10% !important;padding-bottom: 10% !important;padding-left: 10% !important;}&#8220;][\/vc_column][\/vc_row][vc_row type=&#8220;full-width-section&#8220; equal_height=&#8220;yes&#8220; css=&#8220;.vc_custom_1621977305040{border-bottom-width: 1px !important;padding-top: 35px !important;padding-bottom: 35px !important;background-color: #ffffff !important;border-bottom-color: #cdcdcd !important;border-bottom-style: solid !important;}&#8220;][vc_column width=&#8220;1\/2&#8243;][vc_single_image image=&#8220;12807&#8243; img_size=&#8220;full&#8220; alignment=&#8220;center&#8220; css=&#8220;.vc_custom_1615842684898{padding-top: 10% !important;padding-right: 10% !important;padding-bottom: 10% !important;padding-left: 10% !important;}&#8220;][\/vc_column][vc_column width=&#8220;1\/2&#8243; el_class=&#8220;center-column-content-vertical&#8220;][vc_custom_heading text=&#8220;EXZELLENZ&#8220; font_container=&#8220;tag:h2|font_size:35|text_align:left|color:%23407933|line_height:42px&#8220; use_theme_fonts=&#8220;yes&#8220;][vc_column_text font_size=&#8220;22&#8243; line_height=&#8220;36&#8243; el_class=&#8220;limited_width&#8220;]Egal, wie gut etwas ist, es gibt immer Wege, um Dinge besser zu machen. Wir streben nach Premium-Qualit\u00e4t und besten L\u00f6sungen, die unseren Kunden den h\u00f6chsten Wert bringen.[\/vc_column_text][\/vc_column][\/vc_row][vc_row type=&#8220;full-width-section&#8220; equal_height=&#8220;yes&#8220; css=&#8220;.vc_custom_1621977312033{border-bottom-width: 1px !important;padding-top: 35px !important;padding-bottom: 35px !important;background-color: #f7f8fa !important;border-bottom-color: #cdcdcd !important;border-bottom-style: solid !important;}&#8220; el_class=&#8220;swap-on-mobile&#8220;][vc_column width=&#8220;1\/2&#8243; el_class=&#8220;center-column-content-vertical&#8220;][vc_custom_heading text=&#8220;VERANTWORTUNG&#8220; font_container=&#8220;tag:h2|font_size:35|text_align:left|color:%23407933|line_height:42px&#8220; use_theme_fonts=&#8220;yes&#8220;][vc_column_text font_size=&#8220;22&#8243; line_height=&#8220;36&#8243; el_class=&#8220;limited_width&#8220;]Wir setzen Dinge um und reden nicht nur dar\u00fcber. Wir sch\u00e4tzen Menschen, die zu ihrem Wort stehen, ihrer Leidenschaft folgen und volle Verantwortung f\u00fcr ihre Arbeit \u00fcbernehmen, von der Idee bis zur Ausf\u00fchrung.[\/vc_column_text][\/vc_column][vc_column width=&#8220;1\/2&#8243;][vc_single_image image=&#8220;12815&#8243; img_size=&#8220;full&#8220; alignment=&#8220;center&#8220; css=&#8220;.vc_custom_1615844094991{padding-top: 10% !important;padding-right: 10% !important;padding-bottom: 10% !important;padding-left: 10% !important;}&#8220;][\/vc_column][\/vc_row][vc_row type=&#8220;full-width-section&#8220; equal_height=&#8220;yes&#8220; css=&#8220;.vc_custom_1621977319631{border-bottom-width: 1px !important;background-color: #ffffff !important;border-bottom-color: #cdcdcd !important;border-bottom-style: solid !important;border-radius: 1px !important;}&#8220;][vc_column width=&#8220;1\/2&#8243;][vc_single_image image=&#8220;12831&#8243; img_size=&#8220;full&#8220; alignment=&#8220;center&#8220; css=&#8220;.vc_custom_1615841856224{padding-top: 10% !important;padding-right: 10% !important;padding-bottom: 10% !important;padding-left: 10% !important;}&#8220;][\/vc_column][vc_column width=&#8220;1\/2&#8243; el_class=&#8220;center-column-content-vertical&#8220;][vc_custom_heading text=&#8220;TEAMWORK&#8220; font_container=&#8220;tag:h2|font_size:35|text_align:left|color:%23407933|line_height:42px&#8220; use_theme_fonts=&#8220;yes&#8220;][vc_column_text font_size=&#8220;22&#8243; line_height=&#8220;36&#8243; el_class=&#8220;limited_width&#8220;]Ein Team ist immer st\u00e4rker als der oder die Einzelne. Wir ben\u00f6tigen proaktive, engagierte und offene Teams, die gemeinsam immer einen Schritt weiter gehen wollen.[\/vc_column_text][\/vc_column][\/vc_row][vc_row type=&#8220;full-width-section&#8220; equal_height=&#8220;yes&#8220; css=&#8220;.vc_custom_1621977327384{border-bottom-width: 1px !important;padding-top: 35px !important;padding-bottom: 35px !important;background-color: #f7f8fa !important;border-bottom-color: #cdcdcd !important;border-bottom-style: solid !important;}&#8220; el_class=&#8220;swap-on-mobile&#8220;][vc_column width=&#8220;1\/2&#8243; el_class=&#8220;center-column-content-vertical&#8220;][vc_custom_heading text=&#8220;DIVERSIT\u00c4T&#8220; font_container=&#8220;tag:h2|font_size:35|text_align:left|color:%23407933|line_height:42px&#8220; use_theme_fonts=&#8220;yes&#8220;][vc_column_text font_size=&#8220;22&#8243; line_height=&#8220;36&#8243; el_class=&#8220;limited_width&#8220;]Wir sind ein globales Unternehmen und Vielfalt ist bereits in unserer DNA. Wir entwickeln marktf\u00fchrende L\u00f6sungen, unterst\u00fctzen Kunden auf allen Kontinenten, besch\u00e4ftigen l\u00e4nder\u00fcbergreifend Menschen und sch\u00e4tzen die Vielfalt, in der wir leben.[\/vc_column_text][\/vc_column][vc_column width=&#8220;1\/2&#8243;][vc_single_image image=&#8220;12783&#8243; img_size=&#8220;full&#8220; alignment=&#8220;center&#8220; css=&#8220;.vc_custom_1615981953211{padding-top: 10% !important;padding-right: 10% !important;padding-bottom: 10% !important;padding-left: 10% !important;}&#8220;][\/vc_column][\/vc_row][vc_row type=&#8220;full-width-section&#8220; equal_height=&#8220;yes&#8220; css=&#8220;.vc_custom_1621977335231{border-bottom-width: 1px !important;padding-top: 35px !important;padding-bottom: 35px !important;background-color: #ffffff !important;border-bottom-color: #cdcdcd !important;border-bottom-style: solid !important;border-radius: 1px !important;}&#8220;][vc_column width=&#8220;1\/2&#8243;][vc_single_image image=&#8220;12823&#8243; img_size=&#8220;full&#8220; alignment=&#8220;center&#8220; css=&#8220;.vc_custom_1615842302314{padding-top: 10% !important;padding-right: 10% !important;padding-bottom: 10% !important;padding-left: 10% !important;}&#8220;][\/vc_column][vc_column width=&#8220;1\/2&#8243; el_class=&#8220;center-column-content-vertical&#8220;][vc_custom_heading text=&#8220;NACHHALTIGKEIT&#8220; font_container=&#8220;tag:h2|text_align:left|color:%23407933&#8243; use_theme_fonts=&#8220;yes&#8220;][vc_column_text font_size=&#8220;22&#8243; line_height=&#8220;36&#8243; el_class=&#8220;limited_width&#8220;]Wir haben unseren Planeten von unseren Eltern und Gro\u00dfeltern geerbt. Es liegt in unserer Verantwortung, ihn zu unseren Lebzeiten zu pflegen und ihn zu einem gro\u00dfartigen Lebensort f\u00fcr zuk\u00fcnftige Generationen zu machen.[\/vc_column_text][\/vc_column][\/vc_row][\/vc_section][vc_section full_width=&#8220;stretch_row&#8220; content_placement=&#8220;middle&#8220; css=&#8220;.vc_custom_1623683877125{padding-top: 0px !important;padding-right: 0px !important;padding-bottom: 0px !important;padding-left: 0px !important;}&#8220; el_class=&#8220;careers-benefits-section&#8220;][vc_row type=&#8220;full-width-section&#8220; equal_height=&#8220;yes&#8220; content_placement=&#8220;middle&#8220;][vc_column width=&#8220;1\/2&#8243;][vc_single_image image=&#8220;12791&#8243; img_size=&#8220;1054&#215;750&#8243; alignment=&#8220;center&#8220;][\/vc_column][vc_column width=&#8220;1\/2&#8243;][vc_custom_heading text=&#8220;AGRIVI-VORTEILE&#8220; font_container=&#8220;tag:h2|text_align:left|color:%23343434&#8243; use_theme_fonts=&#8220;yes&#8220;][vc_column_text font_size=&#8220;18&#8243; line_height=&#8220;28&#8243; el_class=&#8220;agrivi_benefits_ul&#8220;]<\/p>\n<ul>\n<li>Gehen Sie einer Aufgabe nach, die einen echten Einfluss auf die Welt hat<\/li>\n<li>Entwickeln Sie mit uns ein global f\u00fchrendes Produkt, das weltweit eingesetzt wird<\/li>\n<li>Werden Sie Teil eines schnell wachsenden Unternehmens in einer Milliarden-Dollar-Branche<\/li>\n<li>Entwickeln Sie sich in unserem erfahrenen Team professionell weiter<\/li>\n<li>Internationales und flexibles Arbeitsumfeld<\/li>\n<\/ul>\n<p>&nbsp;<br \/>\n[\/vc_column_text][\/vc_column][\/vc_row][\/vc_section][vc_section full_width=&#8220;stretch_row_content&#8220; full_height=&#8220;yes&#8220; css=&#8220;.vc_custom_1618060810927{background-image: url(https:\/\/www.agrivi.com\/wp-content\/uploads\/2021\/04\/AGRIVI-Web-Careers-CTA-Image.jpg?id=13406) !important;background-position: center !important;background-repeat: no-repeat !important;background-size: cover !important;}&#8220;][vc_row type=&#8220;full-width-section&#8220; el_class=&#8220;careers-5th-row&#8220;][vc_column][vc_custom_heading text=&#8220;KARRIEREM\u00d6GLICHKEITEN&#8220; font_container=&#8220;tag:h2|font_size:40px|text_align:center|color:%23ffffff|line_height:55px&#8220; google_fonts=&#8220;font_family:Roboto%3A100%2C100italic%2C300%2C300italic%2Cregular%2Citalic%2C500%2C500italic%2C700%2C700italic%2C900%2C900italic|font_style:900%20bold%20regular%3A900%3Anormal&#8220; css=&#8220;.vc_custom_1617988645839{margin-bottom: 12px !important;}&#8220;][vc_custom_heading text=&#8220;Entdecken Sie unsere offenen Positionen &#038; bewerben Sie sich.&#8220; font_container=&#8220;tag:h2|font_size:30px|text_align:center|color:%23ffffff|line_height:38px&#8220; google_fonts=&#8220;font_family:Roboto%3A100%2C100italic%2C300%2C300italic%2Cregular%2Citalic%2C500%2C500italic%2C700%2C700italic%2C900%2C900italic|font_style:300%20light%20regular%3A300%3Anormal&#8220; el_class=&#8220;not_uppercase&#8220;]<style type=\"text\/css\" >#b_7j08eqajndnaegtwr4xh a{color:#ffffff; background:#3f7631; margin-top:0px; margin-bottom:0px;  margin-left:0px; margin-right:0px; font-weight:500; border-radius:6px;}#b_7j08eqajndnaegtwr4xh a:hover{color:#ffffff ; background:#83b552 ;}<\/style><div class=\"ta_center tf_btn_pos\" id=\"b_7j08eqajndnaegtwr4xh\" ><a class=\"rd_normal_bt mediumlarge_rd_bt  btn-agrivi-tertiary\" href=\"https:\/\/agrivi.talentlyft.com\/\" target=\"yes\"   >SEHEN SIE SICH UNSERE OFFENEN POSITIONEN AN<\/a><\/div>[\/vc_column][\/vc_row][\/vc_section]<\/p>\n","protected":false},"excerpt":{"rendered":"<p>[vc_section full_width=&#8220;stretch_row&#8220; content_placement=&#8220;middle&#8220; el_class=&#8220;agrivi-header&#8220; css=&#8220;.vc_custom_1624450151654{background: #407933 url(https:\/\/www.agrivi.com\/wp-content\/uploads\/2021\/06\/AGRIVI-Web-Hero-Image-CAREERS.jpg?id=32362) !important;background-position: center !important;background-repeat: no-repeat !important;background-size: cover !important;}&#8220;][vc_row][vc_column][vc_custom_heading text=&#8220;AGRIVI KARRIERE&#8220; font_container=&#8220;tag:h1|text_align:center|color:%23ffffff&#8220; use_theme_fonts=&#8220;yes&#8220; el_class=&#8220;agrivi-header-title&#8220;][vc_custom_heading text=&#8220;Ver\u00e4ndern Sie mit uns die Art und Weise, wie Lebensmittel produziert werden.&#8220; font_container=&#8220;tag:h2|text_align:center|color:%23ffffff&#8220; el_class=&#8220;agrivi-header-subtitle&#8220;][\/vc_column][\/vc_row][\/vc_section][vc_section full_width=&#8220;stretch_row&#8220; el_class=&#8220;careers-3rd-row&#8220; css=&#8220;.vc_custom_1616664027404{padding-bottom: 0px !important;}&#8220;][vc_row content_placement=&#8220;middle&#8220;][vc_column][vc_custom_heading text=&#8220;UNSERE WERTE&#8220; font_container=&#8220;tag:h2|text_align:center&#8220; use_theme_fonts=&#8220;yes&#8220;][\/vc_column][\/vc_row][vc_row type=&#8220;full-width-section&#8220; equal_height=&#8220;yes&#8220; css=&#8220;.vc_custom_1621975490767{border-bottom-width: 1px !important;padding-bottom: 35px !important;background-color: #ffffff !important;border-bottom-color: #cdcdcd !important;border-bottom-style: solid<br \/><a href=\"https:\/\/www.agrivi.com\/de\/karriere\/\" class=\"more\">Weiterlesen<\/a><\/p>\n","protected":false},"author":15,"featured_media":0,"parent":0,"menu_order":0,"comment_status":"closed","ping_status":"closed","template":"","meta":{"_acf_changed":false,"inline_featured_image":false,"footnotes":""},"class_list":["post-16533","page","type-page","status-publish","hentry"],"acf":[],"yoast_head":"<!-- This site is optimized with the Yoast SEO plugin v27.3 - https:\/\/yoast.com\/product\/yoast-seo-wordpress\/ -->\n<title>AGRIVI | Karriere<\/title>\n<meta name=\"description\" content=\"Begleiten Sie uns bei der Ver\u00e4nderung der Art und Weise, wie Lebensmittel hergestellt werden - entdecken Sie unsere offenen M\u00f6glichkeiten zur beruflichen Entwicklung.\" \/>\n<meta name=\"robots\" content=\"index, follow, max-snippet:-1, max-image-preview:large, max-video-preview:-1\" \/>\n<link rel=\"canonical\" href=\"https:\/\/www.agrivi.com\/de\/karriere\/\" \/>\n<meta property=\"og:locale\" content=\"de_DE\" \/>\n<meta property=\"og:type\" content=\"article\" \/>\n<meta property=\"og:title\" content=\"AGRIVI | Karriere\" \/>\n<meta property=\"og:description\" content=\"Begleiten Sie uns bei der Ver\u00e4nderung der Art und Weise, wie Lebensmittel hergestellt werden - entdecken Sie unsere offenen M\u00f6glichkeiten zur beruflichen Entwicklung.\" \/>\n<meta property=\"og:url\" content=\"https:\/\/www.agrivi.com\/de\/karriere\/\" \/>\n<meta property=\"og:site_name\" content=\"AGRIVI\" \/>\n<meta property=\"article:modified_time\" content=\"2022-03-30T10:20:56+00:00\" \/>\n<meta name=\"twitter:card\" content=\"summary_large_image\" \/>\n<meta name=\"twitter:label1\" content=\"Gesch\u00e4tzte Lesezeit\" \/>\n\t<meta name=\"twitter:data1\" content=\"3\u00a0Minuten\" \/>\n<script type=\"application\/ld+json\" class=\"yoast-schema-graph\">{\"@context\":\"https:\\\/\\\/schema.org\",\"@graph\":[{\"@type\":\"WebPage\",\"@id\":\"https:\\\/\\\/www.agrivi.com\\\/de\\\/karriere\\\/\",\"url\":\"https:\\\/\\\/www.agrivi.com\\\/de\\\/karriere\\\/\",\"name\":\"AGRIVI | Karriere\",\"isPartOf\":{\"@id\":\"https:\\\/\\\/www.agrivi.com\\\/de\\\/#website\"},\"datePublished\":\"2021-01-19T10:41:48+00:00\",\"dateModified\":\"2022-03-30T10:20:56+00:00\",\"description\":\"Begleiten Sie uns bei der Ver\u00e4nderung der Art und Weise, wie Lebensmittel hergestellt werden - entdecken Sie unsere offenen M\u00f6glichkeiten zur beruflichen Entwicklung.\",\"breadcrumb\":{\"@id\":\"https:\\\/\\\/www.agrivi.com\\\/de\\\/karriere\\\/#breadcrumb\"},\"inLanguage\":\"de\",\"potentialAction\":[{\"@type\":\"ReadAction\",\"target\":[\"https:\\\/\\\/www.agrivi.com\\\/de\\\/karriere\\\/\"]}]},{\"@type\":\"BreadcrumbList\",\"@id\":\"https:\\\/\\\/www.agrivi.com\\\/de\\\/karriere\\\/#breadcrumb\",\"itemListElement\":[{\"@type\":\"ListItem\",\"position\":1,\"name\":\"Home\",\"item\":\"https:\\\/\\\/www.agrivi.com\\\/de\\\/\"},{\"@type\":\"ListItem\",\"position\":2,\"name\":\"Karriere\"}]},{\"@type\":\"WebSite\",\"@id\":\"https:\\\/\\\/www.agrivi.com\\\/de\\\/#website\",\"url\":\"https:\\\/\\\/www.agrivi.com\\\/de\\\/\",\"name\":\"AGRIVI\",\"description\":\"Farm managment solutions\",\"publisher\":{\"@id\":\"https:\\\/\\\/www.agrivi.com\\\/de\\\/#organization\"},\"potentialAction\":[{\"@type\":\"SearchAction\",\"target\":{\"@type\":\"EntryPoint\",\"urlTemplate\":\"https:\\\/\\\/www.agrivi.com\\\/de\\\/?s={search_term_string}\"},\"query-input\":{\"@type\":\"PropertyValueSpecification\",\"valueRequired\":true,\"valueName\":\"search_term_string\"}}],\"inLanguage\":\"de\"},{\"@type\":\"Organization\",\"@id\":\"https:\\\/\\\/www.agrivi.com\\\/de\\\/#organization\",\"name\":\"AGRIVI\",\"url\":\"https:\\\/\\\/www.agrivi.com\\\/de\\\/\",\"logo\":{\"@type\":\"ImageObject\",\"inLanguage\":\"de\",\"@id\":\"https:\\\/\\\/www.agrivi.com\\\/de\\\/#\\\/schema\\\/logo\\\/image\\\/\",\"url\":\"https:\\\/\\\/www.agrivi.com\\\/wp-content\\\/uploads\\\/2021\\\/02\\\/Agrivi-svg.svg\",\"contentUrl\":\"https:\\\/\\\/www.agrivi.com\\\/wp-content\\\/uploads\\\/2021\\\/02\\\/Agrivi-svg.svg\",\"width\":1,\"height\":1,\"caption\":\"AGRIVI\"},\"image\":{\"@id\":\"https:\\\/\\\/www.agrivi.com\\\/de\\\/#\\\/schema\\\/logo\\\/image\\\/\"}}]}<\/script>\n<!-- \/ Yoast SEO plugin. -->","yoast_head_json":{"title":"AGRIVI | Karriere","description":"Begleiten Sie uns bei der Ver\u00e4nderung der Art und Weise, wie Lebensmittel hergestellt werden - entdecken Sie unsere offenen M\u00f6glichkeiten zur beruflichen Entwicklung.","robots":{"index":"index","follow":"follow","max-snippet":"max-snippet:-1","max-image-preview":"max-image-preview:large","max-video-preview":"max-video-preview:-1"},"canonical":"https:\/\/www.agrivi.com\/de\/karriere\/","og_locale":"de_DE","og_type":"article","og_title":"AGRIVI | Karriere","og_description":"Begleiten Sie uns bei der Ver\u00e4nderung der Art und Weise, wie Lebensmittel hergestellt werden - entdecken Sie unsere offenen M\u00f6glichkeiten zur beruflichen Entwicklung.","og_url":"https:\/\/www.agrivi.com\/de\/karriere\/","og_site_name":"AGRIVI","article_modified_time":"2022-03-30T10:20:56+00:00","twitter_card":"summary_large_image","twitter_misc":{"Gesch\u00e4tzte Lesezeit":"3\u00a0Minuten"},"schema":{"@context":"https:\/\/schema.org","@graph":[{"@type":"WebPage","@id":"https:\/\/www.agrivi.com\/de\/karriere\/","url":"https:\/\/www.agrivi.com\/de\/karriere\/","name":"AGRIVI | Karriere","isPartOf":{"@id":"https:\/\/www.agrivi.com\/de\/#website"},"datePublished":"2021-01-19T10:41:48+00:00","dateModified":"2022-03-30T10:20:56+00:00","description":"Begleiten Sie uns bei der Ver\u00e4nderung der Art und Weise, wie Lebensmittel hergestellt werden - entdecken Sie unsere offenen M\u00f6glichkeiten zur beruflichen Entwicklung.","breadcrumb":{"@id":"https:\/\/www.agrivi.com\/de\/karriere\/#breadcrumb"},"inLanguage":"de","potentialAction":[{"@type":"ReadAction","target":["https:\/\/www.agrivi.com\/de\/karriere\/"]}]},{"@type":"BreadcrumbList","@id":"https:\/\/www.agrivi.com\/de\/karriere\/#breadcrumb","itemListElement":[{"@type":"ListItem","position":1,"name":"Home","item":"https:\/\/www.agrivi.com\/de\/"},{"@type":"ListItem","position":2,"name":"Karriere"}]},{"@type":"WebSite","@id":"https:\/\/www.agrivi.com\/de\/#website","url":"https:\/\/www.agrivi.com\/de\/","name":"AGRIVI","description":"Farm managment solutions","publisher":{"@id":"https:\/\/www.agrivi.com\/de\/#organization"},"potentialAction":[{"@type":"SearchAction","target":{"@type":"EntryPoint","urlTemplate":"https:\/\/www.agrivi.com\/de\/?s={search_term_string}"},"query-input":{"@type":"PropertyValueSpecification","valueRequired":true,"valueName":"search_term_string"}}],"inLanguage":"de"},{"@type":"Organization","@id":"https:\/\/www.agrivi.com\/de\/#organization","name":"AGRIVI","url":"https:\/\/www.agrivi.com\/de\/","logo":{"@type":"ImageObject","inLanguage":"de","@id":"https:\/\/www.agrivi.com\/de\/#\/schema\/logo\/image\/","url":"https:\/\/www.agrivi.com\/wp-content\/uploads\/2021\/02\/Agrivi-svg.svg","contentUrl":"https:\/\/www.agrivi.com\/wp-content\/uploads\/2021\/02\/Agrivi-svg.svg","width":1,"height":1,"caption":"AGRIVI"},"image":{"@id":"https:\/\/www.agrivi.com\/de\/#\/schema\/logo\/image\/"}}]}},"_links":{"self":[{"href":"https:\/\/www.agrivi.com\/de\/wp-json\/wp\/v2\/pages\/16533","targetHints":{"allow":["GET"]}}],"collection":[{"href":"https:\/\/www.agrivi.com\/de\/wp-json\/wp\/v2\/pages"}],"about":[{"href":"https:\/\/www.agrivi.com\/de\/wp-json\/wp\/v2\/types\/page"}],"author":[{"embeddable":true,"href":"https:\/\/www.agrivi.com\/de\/wp-json\/wp\/v2\/users\/15"}],"replies":[{"embeddable":true,"href":"https:\/\/www.agrivi.com\/de\/wp-json\/wp\/v2\/comments?post=16533"}],"version-history":[{"count":24,"href":"https:\/\/www.agrivi.com\/de\/wp-json\/wp\/v2\/pages\/16533\/revisions"}],"predecessor-version":[{"id":54321,"href":"https:\/\/www.agrivi.com\/de\/wp-json\/wp\/v2\/pages\/16533\/revisions\/54321"}],"wp:attachment":[{"href":"https:\/\/www.agrivi.com\/de\/wp-json\/wp\/v2\/media?parent=16533"}],"curies":[{"name":"wp","href":"https:\/\/api.w.org\/{rel}","templated":true}]}}