
{"id":72368,"date":"2023-05-18T18:19:03","date_gmt":"2023-05-18T16:19:03","guid":{"rendered":"https:\/\/www.agrivi.com\/produkte\/agrivi-ed\/"},"modified":"2025-07-15T15:46:58","modified_gmt":"2025-07-15T13:46:58","slug":"agrivi-ed","status":"publish","type":"page","link":"https:\/\/www.agrivi.com\/de\/produkte\/agrivi-ed\/","title":{"rendered":"AGRIVI Ed"},"content":{"rendered":"<p>[vc_section full_width=&#8220;stretch_row_content&#8220; content_placement=&#8220;middle&#8220; el_class=&#8220;agrivi-header desktop-only vh-50&#8243; css=&#8220;.vc_custom_1752587171540{background: #407933 url(https:\/\/www.agrivi.com\/wp-content\/uploads\/2025\/07\/Advisor-Hero-language.jpg?id=72348) !important;background-position: center !important;background-repeat: no-repeat !important;background-size: cover !important;}&#8220;][vc_row][vc_column][\/vc_column][\/vc_row][\/vc_section][vc_section full_width=&#8220;stretch_row&#8220; content_placement=&#8220;middle&#8220; el_class=&#8220;agrivi-header mobile-only&#8220; css=&#8220;.vc_custom_1713366362239{margin-top: 50px !important;padding-top: 150px !important;padding-bottom: 150px !important;background: #407933 url(https:\/\/www.agrivi.com\/wp-content\/uploads\/2024\/04\/Advisor-Hero-MOBILE-New.jpg?id=66473) !important;background-position: center !important;background-repeat: no-repeat !important;background-size: cover !important;}&#8220;][vc_row][vc_column][\/vc_column][\/vc_row][\/vc_section][vc_section full_width=&#8220;stretch_row&#8220; css=&#8220;.vc_custom_1699011055212{border-bottom-width: 1px !important;background-position: center !important;background-repeat: no-repeat !important;background-size: cover !important;border-bottom-color: #cdcdcd !important;}&#8220;][vc_row][vc_column][vc_video link=&#8220;https:\/\/www.youtube.com\/watch?v=8m2HfGomZts&#8220; align=&#8220;center&#8220;][\/vc_column][\/vc_row][\/vc_section][vc_section full_width=&#8220;stretch_row&#8220; el_class=&#8220;careers-3rd-row&#8220; css=&#8220;.vc_custom_1698752855966{padding-top: 0px !important;padding-bottom: 0px !important;}&#8220; el_id=&#8220;careers-section&#8220;][vc_row type=&#8220;full-width-section&#8220; content_placement=&#8220;middle&#8220; css=&#8220;.vc_custom_1698753068415{padding-top: 50px !important;background-color: #ffffff !important;}&#8220;][vc_column][vc_custom_heading text=&#8220;Lernen Sie AGRIVI Ed kennen, Ihren vertrauensw\u00fcrdigen Agronomen&#8220; font_container=&#8220;tag:h2|text_align:center&#8220; use_theme_fonts=&#8220;yes&#8220;][\/vc_column][\/vc_row][vc_row type=&#8220;full-width-section&#8220; equal_height=&#8220;yes&#8220; css=&#8220;.vc_custom_1698753063886{border-bottom-width: 1px !important;background-color: #ffffff !important;border-bottom-color: #cdcdcd !important;border-bottom-style: solid !important;}&#8220; el_class=&#8220;swap-on-mobile&#8220;][vc_column width=&#8220;1\/2&#8243; el_class=&#8220;center-column-content-vertical mar-left&#8220;][vc_custom_heading text=&#8220;Lokalisierung&#8220; font_container=&#8220;tag:h2|font_size:35|text_align:left|color:%23407933|line_height:42px&#8220; use_theme_fonts=&#8220;yes&#8220; el_class=&#8220;section__title&#8220;][vc_column_text font_size=&#8220;22&#8243; line_height=&#8220;36&#8243; el_class=&#8220;limited_width&#8220;]<br \/>\nEd unterst\u00fctzt Gespr\u00e4che in \u00fcber 50 Sprachen. W\u00e4hlen Sie die Sprache, die Sie bevorzugen.<br \/>\n[\/vc_column_text][\/vc_column][vc_column width=&#8220;1\/2&#8243; el_class=&#8220;vc_col-sm-pull-6&#8243;][vc_single_image image=&#8220;60820&#8243; img_size=&#8220;full&#8220; alignment=&#8220;center&#8220; css=&#8220;.vc_custom_1685699107085{padding-top: 10% !important;padding-right: 10% !important;padding-bottom: 10% !important;padding-left: 10% !important;}&#8220;][\/vc_column][\/vc_row][vc_row type=&#8220;full-width-section&#8220; equal_height=&#8220;yes&#8220; css=&#8220;.vc_custom_1698753036150{border-bottom-width: 1px !important;background-color: #f7f8fa !important;border-bottom-color: #cdcdcd !important;border-bottom-style: solid !important;}&#8220;][vc_column width=&#8220;1\/2&#8243;][vc_single_image image=&#8220;66413&#8243; img_size=&#8220;full&#8220; alignment=&#8220;center&#8220; css=&#8220;.vc_custom_1713259548884{padding-top: 10% !important;padding-right: 10% !important;padding-bottom: 10% !important;padding-left: 10% !important;}&#8220;][\/vc_column][vc_column width=&#8220;1\/2&#8243; el_class=&#8220;center-column-content-vertical mar-right&#8220;][vc_custom_heading text=&#8220;Einfache Bedienoberfl\u00e4che&#8220; font_container=&#8220;tag:h2|font_size:35|text_align:left|color:%23407933|line_height:42px&#8220; use_theme_fonts=&#8220;yes&#8220; el_class=&#8220;section__title&#8220;][vc_column_text font_size=&#8220;22&#8243; line_height=&#8220;36&#8243; el_class=&#8220;limited_width&#8220;]Ed ist als KI-Berater \u00fcber WhatsApp verf\u00fcgbar, was ihn besonders einfach zu nutzen macht.[\/vc_column_text][\/vc_column][\/vc_row][vc_row type=&#8220;full-width-section&#8220; equal_height=&#8220;yes&#8220; css=&#8220;.vc_custom_1690965551218{border-bottom-width: 1px !important;background-color: #ffffff !important;border-bottom-color: #cdcdcd !important;border-bottom-style: solid !important;border-radius: 1px !important;}&#8220;][vc_column width=&#8220;1\/2&#8243;][vc_single_image image=&#8220;61064&#8243; img_size=&#8220;full&#8220; alignment=&#8220;center&#8220; css=&#8220;.vc_custom_1686563265424{padding-top: 10% !important;padding-right: 10% !important;padding-bottom: 10% !important;padding-left: 10% !important;}&#8220;][\/vc_column][vc_column width=&#8220;1\/2&#8243; el_class=&#8220;center-column-content-vertical mar-right&#8220;][vc_custom_heading text=&#8220;Leistungsstarkes Fachwissen&#8220; font_container=&#8220;tag:h2|font_size:35|text_align:left|color:%23407933|line_height:42px&#8220; use_theme_fonts=&#8220;yes&#8220; css=&#8220;.vc_custom_1686046317394{padding-top: 0px !important;padding-right: 0px !important;padding-bottom: 0px !important;padding-left: 0px !important;}&#8220; el_class=&#8220;section__title limited_width&#8220;][vc_column_text font_size=&#8220;22&#8243; line_height=&#8220;36&#8243; el_class=&#8220;limited_width&#8220; css=&#8220;.vc_custom_1685005172855{padding-top: 0px !important;padding-right: 0px !important;padding-bottom: 0px !important;padding-left: 0px !important;}&#8220;]Ed liefert hochwertige und pr\u00e4zise Informationen \u00fcber Betriebsmittel. Stellen Sie ihm jede Frage zu Produkten \u2013 Ed kennt alle Antworten.[\/vc_column_text][\/vc_column][\/vc_row][vc_row type=&#8220;full-width-section&#8220; equal_height=&#8220;yes&#8220; css=&#8220;.vc_custom_1690965560100{border-bottom-width: 1px !important;background-color: #f7f8fa !important;border-bottom-color: #cdcdcd !important;border-bottom-style: solid !important;}&#8220; el_class=&#8220;swap-on-mobile&#8220;][vc_column width=&#8220;1\/2&#8243; el_class=&#8220;center-column-content-vertical mar-left&#8220;][vc_custom_heading text=&#8220;Rund um die Uhr verf\u00fcgbar&#8220; font_container=&#8220;tag:h2|font_size:35|text_align:left|color:%23407933|line_height:42px&#8220; use_theme_fonts=&#8220;yes&#8220; el_class=&#8220;section__title&#8220;][vc_column_text font_size=&#8220;22&#8243; line_height=&#8220;36&#8243; el_class=&#8220;limited_width&#8220;]Wann immer Sie Ed brauchen, ist er da. Ed braucht keinen Schlaf und keine Schichtplanung \u2013 er ist immer f\u00fcr Sie da.[\/vc_column_text][\/vc_column][vc_column width=&#8220;1\/2&#8243;][vc_single_image image=&#8220;60784&#8243; img_size=&#8220;full&#8220; alignment=&#8220;center&#8220; css=&#8220;.vc_custom_1685699173864{padding-top: 10% !important;padding-right: 10% !important;padding-bottom: 10% !important;padding-left: 10% !important;}&#8220;][\/vc_column][\/vc_row][vc_row type=&#8220;full-width-section&#8220; equal_height=&#8220;yes&#8220; css=&#8220;.vc_custom_1690965573758{border-bottom-width: 1px !important;background-color: #ffffff !important;border-bottom-color: #cdcdcd !important;border-bottom-style: solid !important;border-radius: 1px !important;}&#8220;][vc_column width=&#8220;1\/2&#8243;][vc_single_image image=&#8220;60793&#8243; img_size=&#8220;full&#8220; alignment=&#8220;center&#8220; css=&#8220;.vc_custom_1685699187273{padding-top: 10% !important;padding-right: 10% !important;padding-bottom: 10% !important;padding-left: 10% !important;}&#8220;][\/vc_column][vc_column width=&#8220;1\/2&#8243; el_class=&#8220;center-column-content-vertical mar-right&#8220;][vc_custom_heading text=&#8220;Sofortige Antworten&#8220; font_container=&#8220;tag:h2|font_size:35|text_align:left|color:%23407933|line_height:42px&#8220; use_theme_fonts=&#8220;yes&#8220; el_class=&#8220;section__title&#8220;][vc_column_text font_size=&#8220;22&#8243; line_height=&#8220;36&#8243; el_class=&#8220;limited_width&#8220;]Eine benutzerfreundliche Oberfl\u00e4che macht die Unterhaltung so einfach wie ein Gespr\u00e4ch mit einem Freund.[\/vc_column_text][\/vc_column][\/vc_row][vc_row type=&#8220;full-width-section&#8220; equal_height=&#8220;yes&#8220; css=&#8220;.vc_custom_1690965579976{border-bottom-width: 1px !important;background-color: #f7f8fa !important;border-bottom-color: #cdcdcd !important;border-bottom-style: solid !important;}&#8220; el_class=&#8220;swap-on-mobile&#8220;][vc_column width=&#8220;1\/2&#8243; el_class=&#8220;center-column-content-vertical mar-left&#8220;][vc_custom_heading text=&#8220;Unbegrenzte Gespr\u00e4che&#8220; font_container=&#8220;tag:h2|font_size:35|text_align:left|color:%23407933|line_height:42px&#8220; use_theme_fonts=&#8220;yes&#8220; el_class=&#8220;section__title&#8220;][vc_column_text font_size=&#8220;22&#8243; line_height=&#8220;36&#8243; el_class=&#8220;limited_width&#8220;]Sie k\u00f6nnen Ed so oft um Rat fragen, wie Sie m\u00f6chten \u2013 es gibt keine Begrenzung der Nachrichten.[\/vc_column_text][\/vc_column][vc_column width=&#8220;1\/2&#8243;][vc_single_image image=&#8220;61035&#8243; img_size=&#8220;full&#8220; alignment=&#8220;center&#8220; css=&#8220;.vc_custom_1686132752628{padding-top: 10% !important;padding-right: 10% !important;padding-bottom: 10% !important;padding-left: 10% !important;}&#8220;][\/vc_column][\/vc_row][\/vc_section][vc_row equal_height=&#8220;yes&#8220; el_class=&#8220;engage__section&#8220; el_id=&#8220;careers-section&#8220;][vc_column width=&#8220;1\/2&#8243; el_class=&#8220;image-pb-mobile&#8220;][vc_single_image image=&#8220;72357&#8243; img_size=&#8220;full&#8220; alignment=&#8220;center&#8220; css=&#8220;.vc_custom_1752587208428{padding-top: 10% !important;padding-right: 10% !important;padding-bottom: 0px !important;padding-left: 10% !important;}&#8220;][\/vc_column][vc_column width=&#8220;1\/2&#8243; el_class=&#8220;center-column-content-vertical&#8220;][vc_custom_heading text=&#8220;Holen Sie sich Ihren eigenen Ed mit AGRIVI Engage&#8220; font_container=&#8220;tag:h2|text_align:left|color:%23407933&#8243; use_theme_fonts=&#8220;yes&#8220; el_class=&#8220;section__title&#8220;][vc_column_text font_size=&#8220;22&#8243; line_height=&#8220;36&#8243; el_class=&#8220;limited_width&#8220;]Sie sind ein Unternehmen und interessieren sich f\u00fcr Ed? Ed ist als White-Label-L\u00f6sung unter Ihrer Marke verf\u00fcgbar. Geben Sie Ed Ihren Namen mit AGRIVI Engage.[\/vc_column_text]<style type=\"text\/css\" >#b_g6zsuci6rppl770bk8i7 a{color:; background:; margin-top:0px; margin-bottom:0px;  margin-left:0px; margin-right:0px; font-weight:900; border-radius:0px;}#b_g6zsuci6rppl770bk8i7 a:hover{color: ; background: ;}<\/style><div class=\"ta_left tf_btn_pos\" id=\"b_g6zsuci6rppl770bk8i7\" ><a class=\"rd_normal_bt small_rd_bt  btn-agrivi-primary\" href=\"https:\/\/www.agrivi.com\/de\/produkte\/agrivi-engage\/\" target=\"\"   >ERFAHREN SIE MEHR<\/a><\/div>[\/vc_column][\/vc_row][vc_section full_width=&#8220;stretch_row_content&#8220; full_height=&#8220;yes&#8220; css=&#8220;.vc_custom_1690967557932{padding-right: 20px !important;padding-left: 20px !important;background-image: url(https:\/\/www.agrivi.com\/wp-content\/uploads\/2023\/06\/AGRIVI-Web-Hero-Image-4.jpg?id=60753) !important;background-position: center !important;background-repeat: no-repeat !important;background-size: cover !important;}&#8220; el_id=&#8220;ai-agronomic-advisory&#8220;][vc_row type=&#8220;full-width-section&#8220; el_class=&#8220;careers-5th-row&#8220;][vc_column][vc_custom_heading text=&#8220;KI-gest\u00fctzte agronomische Beratung f\u00fcr eine intelligentere und effizientere Bewirtschaftung Ihrer Kulturen&#8220; font_container=&#8220;tag:h2|font_size:40px|text_align:center|color:%23ffffff|line_height:55px&#8220; google_fonts=&#8220;font_family:Roboto%3A100%2C100italic%2C300%2C300italic%2Cregular%2Citalic%2C500%2C500italic%2C700%2C700italic%2C900%2C900italic|font_style:900%20bold%20regular%3A900%3Anormal&#8220; css=&#8220;.vc_custom_1684484518428{margin-bottom: 12px !important;}&#8220;][vc_custom_heading text=&#8220;Haben Sie eine Frage zu Saatgut oder Pflanzenschutz?&#8220; font_container=&#8220;tag:h2|font_size:30px|text_align:center|color:%23ffffff|line_height:38px&#8220; google_fonts=&#8220;font_family:Roboto%3A100%2C100italic%2C300%2C300italic%2Cregular%2Citalic%2C500%2C500italic%2C700%2C700italic%2C900%2C900italic|font_style:300%20light%20regular%3A300%3Anormal&#8220; el_class=&#8220;not_uppercase&#8220;]<style type=\"text\/css\" >#b_h5erpyfkt3vpqs8495zl a{color:#ffffff; background:#3f7631; margin-top:0px; margin-bottom:0px;  margin-left:0px; margin-right:0px; font-weight:500; border-radius:6px;}#b_h5erpyfkt3vpqs8495zl a:hover{color:#ffffff ; background:#83b552 ;}<\/style><div class=\"ta_center tf_btn_pos\" id=\"b_h5erpyfkt3vpqs8495zl\" ><a class=\"rd_normal_bt mediumlarge_rd_bt  btn-agrivi-tertiary\" href=\"https:\/\/www.agrivi.com\/de\/demo\/\" target=\"yes\"   >KONTAKTIEREN SIE UNS<\/a><\/div>[\/vc_column][\/vc_row][\/vc_section]<\/p>\n","protected":false},"excerpt":{"rendered":"<p>[vc_section full_width=&#8220;stretch_row_content&#8220; content_placement=&#8220;middle&#8220; el_class=&#8220;agrivi-header desktop-only vh-50&#8243; css=&#8220;.vc_custom_1752587171540{background: #407933 url(https:\/\/www.agrivi.com\/wp-content\/uploads\/2025\/07\/Advisor-Hero-language.jpg?id=72348) !important;background-position: center !important;background-repeat: no-repeat !important;background-size: cover !important;}&#8220;][vc_row][vc_column][\/vc_column][\/vc_row][\/vc_section][vc_section full_width=&#8220;stretch_row&#8220; content_placement=&#8220;middle&#8220; el_class=&#8220;agrivi-header mobile-only&#8220; css=&#8220;.vc_custom_1713366362239{margin-top: 50px !important;padding-top: 150px !important;padding-bottom: 150px !important;background: #407933 url(https:\/\/www.agrivi.com\/wp-content\/uploads\/2024\/04\/Advisor-Hero-MOBILE-New.jpg?id=66473) !important;background-position: center !important;background-repeat: no-repeat !important;background-size: cover !important;}&#8220;][vc_row][vc_column][\/vc_column][\/vc_row][\/vc_section][vc_section full_width=&#8220;stretch_row&#8220; css=&#8220;.vc_custom_1699011055212{border-bottom-width: 1px !important;background-position: center !important;background-repeat: no-repeat !important;background-size: cover !important;border-bottom-color: #cdcdcd !important;}&#8220;][vc_row][vc_column][vc_video link=&#8220;https:\/\/www.youtube.com\/watch?v=8m2HfGomZts&#8220; align=&#8220;center&#8220;][\/vc_column][\/vc_row][\/vc_section][vc_section full_width=&#8220;stretch_row&#8220; el_class=&#8220;careers-3rd-row&#8220; css=&#8220;.vc_custom_1698752855966{padding-top: 0px !important;padding-bottom:<br \/><a href=\"https:\/\/www.agrivi.com\/de\/produkte\/agrivi-ed\/\" class=\"more\">Weiterlesen<\/a><\/p>\n","protected":false},"author":15,"featured_media":0,"parent":16638,"menu_order":0,"comment_status":"closed","ping_status":"closed","template":"","meta":{"_acf_changed":false,"inline_featured_image":false,"footnotes":""},"class_list":["post-72368","page","type-page","status-publish","hentry"],"acf":[],"yoast_head":"<!-- This site is optimized with the Yoast SEO plugin v27.3 - https:\/\/yoast.com\/product\/yoast-seo-wordpress\/ -->\n<title>AGRIVI | Ed<\/title>\n<meta name=\"description\" content=\"Lernen Sie AGRIVI Ed kennen. Der KI-gesteuerte agronomische Beratungsassistent wurde entwickelt, um die landwirtschaftliche Wertsch\u00f6pfungskette zu st\u00e4rken und die Digitalisierung von \u00fcber 500 Millionen landwirtschaftlichen Betrieben weltweit zu unterst\u00fctzen.\" \/>\n<meta name=\"robots\" content=\"index, follow, max-snippet:-1, max-image-preview:large, max-video-preview:-1\" \/>\n<link rel=\"canonical\" href=\"https:\/\/www.agrivi.com\/de\/produkte\/agrivi-ed\/\" \/>\n<meta property=\"og:locale\" content=\"de_DE\" \/>\n<meta property=\"og:type\" content=\"article\" \/>\n<meta property=\"og:title\" content=\"AGRIVI | Ed\" \/>\n<meta property=\"og:description\" content=\"Lernen Sie AGRIVI Ed kennen. Der KI-gesteuerte agronomische Beratungsassistent wurde entwickelt, um die landwirtschaftliche Wertsch\u00f6pfungskette zu st\u00e4rken und die Digitalisierung von \u00fcber 500 Millionen landwirtschaftlichen Betrieben weltweit zu unterst\u00fctzen.\" \/>\n<meta property=\"og:url\" content=\"https:\/\/www.agrivi.com\/de\/produkte\/agrivi-ed\/\" \/>\n<meta property=\"og:site_name\" content=\"AGRIVI\" \/>\n<meta property=\"article:modified_time\" content=\"2025-07-15T13:46:58+00:00\" \/>\n<meta name=\"twitter:card\" content=\"summary_large_image\" \/>\n<meta name=\"twitter:label1\" content=\"Gesch\u00e4tzte Lesezeit\" \/>\n\t<meta name=\"twitter:data1\" content=\"7\u00a0Minuten\" \/>\n<script type=\"application\/ld+json\" class=\"yoast-schema-graph\">{\"@context\":\"https:\\\/\\\/schema.org\",\"@graph\":[{\"@type\":\"WebPage\",\"@id\":\"https:\\\/\\\/www.agrivi.com\\\/de\\\/produkte\\\/agrivi-ed\\\/\",\"url\":\"https:\\\/\\\/www.agrivi.com\\\/de\\\/produkte\\\/agrivi-ed\\\/\",\"name\":\"AGRIVI | Ed\",\"isPartOf\":{\"@id\":\"https:\\\/\\\/www.agrivi.com\\\/de\\\/#website\"},\"datePublished\":\"2023-05-18T16:19:03+00:00\",\"dateModified\":\"2025-07-15T13:46:58+00:00\",\"description\":\"Lernen Sie AGRIVI Ed kennen. Der KI-gesteuerte agronomische Beratungsassistent wurde entwickelt, um die landwirtschaftliche Wertsch\u00f6pfungskette zu st\u00e4rken und die Digitalisierung von \u00fcber 500 Millionen landwirtschaftlichen Betrieben weltweit zu unterst\u00fctzen.\",\"breadcrumb\":{\"@id\":\"https:\\\/\\\/www.agrivi.com\\\/de\\\/produkte\\\/agrivi-ed\\\/#breadcrumb\"},\"inLanguage\":\"de\",\"potentialAction\":[{\"@type\":\"ReadAction\",\"target\":[\"https:\\\/\\\/www.agrivi.com\\\/de\\\/produkte\\\/agrivi-ed\\\/\"]}]},{\"@type\":\"BreadcrumbList\",\"@id\":\"https:\\\/\\\/www.agrivi.com\\\/de\\\/produkte\\\/agrivi-ed\\\/#breadcrumb\",\"itemListElement\":[{\"@type\":\"ListItem\",\"position\":1,\"name\":\"Home\",\"item\":\"https:\\\/\\\/www.agrivi.com\\\/de\\\/\"},{\"@type\":\"ListItem\",\"position\":2,\"name\":\"Produkte\",\"item\":\"https:\\\/\\\/www.agrivi.com\\\/de\\\/produkte\\\/\"},{\"@type\":\"ListItem\",\"position\":3,\"name\":\"AGRIVI Ed\"}]},{\"@type\":\"WebSite\",\"@id\":\"https:\\\/\\\/www.agrivi.com\\\/de\\\/#website\",\"url\":\"https:\\\/\\\/www.agrivi.com\\\/de\\\/\",\"name\":\"AGRIVI\",\"description\":\"Farm managment solutions\",\"publisher\":{\"@id\":\"https:\\\/\\\/www.agrivi.com\\\/de\\\/#organization\"},\"potentialAction\":[{\"@type\":\"SearchAction\",\"target\":{\"@type\":\"EntryPoint\",\"urlTemplate\":\"https:\\\/\\\/www.agrivi.com\\\/de\\\/?s={search_term_string}\"},\"query-input\":{\"@type\":\"PropertyValueSpecification\",\"valueRequired\":true,\"valueName\":\"search_term_string\"}}],\"inLanguage\":\"de\"},{\"@type\":\"Organization\",\"@id\":\"https:\\\/\\\/www.agrivi.com\\\/de\\\/#organization\",\"name\":\"AGRIVI\",\"url\":\"https:\\\/\\\/www.agrivi.com\\\/de\\\/\",\"logo\":{\"@type\":\"ImageObject\",\"inLanguage\":\"de\",\"@id\":\"https:\\\/\\\/www.agrivi.com\\\/de\\\/#\\\/schema\\\/logo\\\/image\\\/\",\"url\":\"https:\\\/\\\/www.agrivi.com\\\/wp-content\\\/uploads\\\/2021\\\/02\\\/Agrivi-svg.svg\",\"contentUrl\":\"https:\\\/\\\/www.agrivi.com\\\/wp-content\\\/uploads\\\/2021\\\/02\\\/Agrivi-svg.svg\",\"width\":1,\"height\":1,\"caption\":\"AGRIVI\"},\"image\":{\"@id\":\"https:\\\/\\\/www.agrivi.com\\\/de\\\/#\\\/schema\\\/logo\\\/image\\\/\"}}]}<\/script>\n<!-- \/ Yoast SEO plugin. -->","yoast_head_json":{"title":"AGRIVI | Ed","description":"Lernen Sie AGRIVI Ed kennen. Der KI-gesteuerte agronomische Beratungsassistent wurde entwickelt, um die landwirtschaftliche Wertsch\u00f6pfungskette zu st\u00e4rken und die Digitalisierung von \u00fcber 500 Millionen landwirtschaftlichen Betrieben weltweit zu unterst\u00fctzen.","robots":{"index":"index","follow":"follow","max-snippet":"max-snippet:-1","max-image-preview":"max-image-preview:large","max-video-preview":"max-video-preview:-1"},"canonical":"https:\/\/www.agrivi.com\/de\/produkte\/agrivi-ed\/","og_locale":"de_DE","og_type":"article","og_title":"AGRIVI | Ed","og_description":"Lernen Sie AGRIVI Ed kennen. Der KI-gesteuerte agronomische Beratungsassistent wurde entwickelt, um die landwirtschaftliche Wertsch\u00f6pfungskette zu st\u00e4rken und die Digitalisierung von \u00fcber 500 Millionen landwirtschaftlichen Betrieben weltweit zu unterst\u00fctzen.","og_url":"https:\/\/www.agrivi.com\/de\/produkte\/agrivi-ed\/","og_site_name":"AGRIVI","article_modified_time":"2025-07-15T13:46:58+00:00","twitter_card":"summary_large_image","twitter_misc":{"Gesch\u00e4tzte Lesezeit":"7\u00a0Minuten"},"schema":{"@context":"https:\/\/schema.org","@graph":[{"@type":"WebPage","@id":"https:\/\/www.agrivi.com\/de\/produkte\/agrivi-ed\/","url":"https:\/\/www.agrivi.com\/de\/produkte\/agrivi-ed\/","name":"AGRIVI | Ed","isPartOf":{"@id":"https:\/\/www.agrivi.com\/de\/#website"},"datePublished":"2023-05-18T16:19:03+00:00","dateModified":"2025-07-15T13:46:58+00:00","description":"Lernen Sie AGRIVI Ed kennen. Der KI-gesteuerte agronomische Beratungsassistent wurde entwickelt, um die landwirtschaftliche Wertsch\u00f6pfungskette zu st\u00e4rken und die Digitalisierung von \u00fcber 500 Millionen landwirtschaftlichen Betrieben weltweit zu unterst\u00fctzen.","breadcrumb":{"@id":"https:\/\/www.agrivi.com\/de\/produkte\/agrivi-ed\/#breadcrumb"},"inLanguage":"de","potentialAction":[{"@type":"ReadAction","target":["https:\/\/www.agrivi.com\/de\/produkte\/agrivi-ed\/"]}]},{"@type":"BreadcrumbList","@id":"https:\/\/www.agrivi.com\/de\/produkte\/agrivi-ed\/#breadcrumb","itemListElement":[{"@type":"ListItem","position":1,"name":"Home","item":"https:\/\/www.agrivi.com\/de\/"},{"@type":"ListItem","position":2,"name":"Produkte","item":"https:\/\/www.agrivi.com\/de\/produkte\/"},{"@type":"ListItem","position":3,"name":"AGRIVI Ed"}]},{"@type":"WebSite","@id":"https:\/\/www.agrivi.com\/de\/#website","url":"https:\/\/www.agrivi.com\/de\/","name":"AGRIVI","description":"Farm managment solutions","publisher":{"@id":"https:\/\/www.agrivi.com\/de\/#organization"},"potentialAction":[{"@type":"SearchAction","target":{"@type":"EntryPoint","urlTemplate":"https:\/\/www.agrivi.com\/de\/?s={search_term_string}"},"query-input":{"@type":"PropertyValueSpecification","valueRequired":true,"valueName":"search_term_string"}}],"inLanguage":"de"},{"@type":"Organization","@id":"https:\/\/www.agrivi.com\/de\/#organization","name":"AGRIVI","url":"https:\/\/www.agrivi.com\/de\/","logo":{"@type":"ImageObject","inLanguage":"de","@id":"https:\/\/www.agrivi.com\/de\/#\/schema\/logo\/image\/","url":"https:\/\/www.agrivi.com\/wp-content\/uploads\/2021\/02\/Agrivi-svg.svg","contentUrl":"https:\/\/www.agrivi.com\/wp-content\/uploads\/2021\/02\/Agrivi-svg.svg","width":1,"height":1,"caption":"AGRIVI"},"image":{"@id":"https:\/\/www.agrivi.com\/de\/#\/schema\/logo\/image\/"}}]}},"_links":{"self":[{"href":"https:\/\/www.agrivi.com\/de\/wp-json\/wp\/v2\/pages\/72368","targetHints":{"allow":["GET"]}}],"collection":[{"href":"https:\/\/www.agrivi.com\/de\/wp-json\/wp\/v2\/pages"}],"about":[{"href":"https:\/\/www.agrivi.com\/de\/wp-json\/wp\/v2\/types\/page"}],"author":[{"embeddable":true,"href":"https:\/\/www.agrivi.com\/de\/wp-json\/wp\/v2\/users\/15"}],"replies":[{"embeddable":true,"href":"https:\/\/www.agrivi.com\/de\/wp-json\/wp\/v2\/comments?post=72368"}],"version-history":[{"count":5,"href":"https:\/\/www.agrivi.com\/de\/wp-json\/wp\/v2\/pages\/72368\/revisions"}],"predecessor-version":[{"id":72377,"href":"https:\/\/www.agrivi.com\/de\/wp-json\/wp\/v2\/pages\/72368\/revisions\/72377"}],"up":[{"embeddable":true,"href":"https:\/\/www.agrivi.com\/de\/wp-json\/wp\/v2\/pages\/16638"}],"wp:attachment":[{"href":"https:\/\/www.agrivi.com\/de\/wp-json\/wp\/v2\/media?parent=72368"}],"curies":[{"name":"wp","href":"https:\/\/api.w.org\/{rel}","templated":true}]}}