
{"id":18380,"date":"2021-01-19T11:41:48","date_gmt":"2021-01-19T10:41:48","guid":{"rendered":"http:\/\/qkx.kqs.mybluehost.me\/ofertas-de-empleo\/"},"modified":"2022-03-30T12:21:51","modified_gmt":"2022-03-30T10:21:51","slug":"ofertas-de-empleo","status":"publish","type":"page","link":"https:\/\/www.agrivi.com\/es\/ofertas-de-empleo\/","title":{"rendered":"Ofertas de empleo"},"content":{"rendered":"<p>[vc_section full_width=\u00bbstretch_row\u00bb content_placement=\u00bbmiddle\u00bb el_class=\u00bbagrivi-header\u00bb css=\u00bb.vc_custom_1624450151654{background: #407933 url(https:\/\/www.agrivi.com\/wp-content\/uploads\/2021\/06\/AGRIVI-Web-Hero-Image-CAREERS.jpg?id=32362) !important;background-position: center !important;background-repeat: no-repeat !important;background-size: cover !important;}\u00bb][vc_row][vc_column][vc_custom_heading text=\u00bbOPORTUNIDADES PROFESIONALES EN AGRIVI\u00bb font_container=\u00bbtag:h1|text_align:center|color:%23ffffff\u00bb use_theme_fonts=\u00bbyes\u00bb el_class=\u00bbagrivi-header-title\u00bb][vc_custom_heading text=\u00bbCambiemos juntos la forma de producir alimentos.\u00bb font_container=\u00bbtag:h2|text_align:center|color:%23ffffff\u00bb el_class=\u00bbagrivi-header-subtitle\u00bb][\/vc_column][\/vc_row][\/vc_section][vc_section full_width=\u00bbstretch_row\u00bb el_class=\u00bbcareers-3rd-row\u00bb css=\u00bb.vc_custom_1616664027404{padding-bottom: 0px !important;}\u00bb][vc_row content_placement=\u00bbmiddle\u00bb][vc_column][vc_custom_heading text=\u00bbNUESTROS VALORES\u00bb font_container=\u00bbtag:h2|text_align:center\u00bb use_theme_fonts=\u00bbyes\u00bb][\/vc_column][\/vc_row][vc_row type=\u00bbfull-width-section\u00bb equal_height=\u00bbyes\u00bb css=\u00bb.vc_custom_1621975490767{border-bottom-width: 1px !important;padding-bottom: 35px !important;background-color: #ffffff !important;border-bottom-color: #cdcdcd !important;border-bottom-style: solid !important;border-radius: 1px !important;}\u00bb][vc_column width=\u00bb1\/2&#8243;][vc_single_image image=\u00bb12853&#8243; img_size=\u00bbfull\u00bb alignment=\u00bbcenter\u00bb css=\u00bb.vc_custom_1616659105736{padding-top: 10% !important;padding-right: 10% !important;padding-bottom: 10% !important;padding-left: 10% !important;}\u00bb][\/vc_column][vc_column width=\u00bb1\/2&#8243; el_class=\u00bbcenter-column-content-vertical\u00bb][vc_custom_heading text=\u00bbPASI\u00d3N\u00bb font_container=\u00bbtag:h2|font_size:35|text_align:left|color:%23407933|line_height:42px\u00bb use_theme_fonts=\u00bbyes\u00bb css=\u00bb.vc_custom_1616663014903{padding-top: 0px !important;padding-right: 0px !important;padding-bottom: 0px !important;padding-left: 0px !important;}\u00bb][vc_column_text font_size=\u00bb22&#8243; line_height=\u00bb36&#8243; el_class=\u00bblimited_width\u00bb css=\u00bb.vc_custom_1622269096700{padding-top: 0px !important;padding-right: 0px !important;padding-bottom: 0px !important;padding-left: 0px !important;}\u00bb]AGRIVI realiza un trabajo muy valioso. Nos apasiona lo que hacemos y queremos trabajar con personas que compartan nuestra visi\u00f3n de generar un impacto positivo en el mundo.[\/vc_column_text][\/vc_column][\/vc_row][vc_row type=\u00bbfull-width-section\u00bb equal_height=\u00bbyes\u00bb css=\u00bb.vc_custom_1621977209689{border-bottom-width: 1px !important;padding-top: 35px !important;padding-bottom: 35px !important;background-color: #f7f8fa !important;border-bottom-color: #cdcdcd !important;border-bottom-style: solid !important;}\u00bb el_class=\u00bbswap-on-mobile\u00bb][vc_column width=\u00bb1\/2&#8243; el_class=\u00bbcenter-column-content-vertical\u00bb][vc_custom_heading text=\u00bbCreatividad\u00bb font_container=\u00bbtag:h2|font_size:35|text_align:left|color:%23407933|line_height:42px\u00bb use_theme_fonts=\u00bbyes\u00bb][vc_column_text font_size=\u00bb22&#8243; line_height=\u00bb36&#8243; el_class=\u00bblimited_width\u00bb]<\/p>\n<p style=\"text-align: left;\">Para resolver los principales problemas del mundo, se necesitan ideas innovadoras y originales. Valoramos a las personas que est\u00e1n dispuestas a enfrentarse a los retos y a buscar nuevos caminos mostrando curiosidad y creatividad.<\/p>\n<p>[\/vc_column_text][\/vc_column][vc_column width=\u00bb1\/2&#8243; el_class=\u00bbvc_col-sm-pull-6&#8243;][vc_single_image image=\u00bb12845&#8243; img_size=\u00bbfull\u00bb alignment=\u00bbcenter\u00bb css=\u00bb.vc_custom_1615842020753{padding-top: 10% !important;padding-right: 10% !important;padding-bottom: 10% !important;padding-left: 10% !important;}\u00bb][\/vc_column][\/vc_row][vc_row type=\u00bbfull-width-section\u00bb equal_height=\u00bbyes\u00bb css=\u00bb.vc_custom_1621977305040{border-bottom-width: 1px !important;padding-top: 35px !important;padding-bottom: 35px !important;background-color: #ffffff !important;border-bottom-color: #cdcdcd !important;border-bottom-style: solid !important;}\u00bb][vc_column width=\u00bb1\/2&#8243;][vc_single_image image=\u00bb12813&#8243; img_size=\u00bbfull\u00bb alignment=\u00bbcenter\u00bb css=\u00bb.vc_custom_1615842684898{padding-top: 10% !important;padding-right: 10% !important;padding-bottom: 10% !important;padding-left: 10% !important;}\u00bb][\/vc_column][vc_column width=\u00bb1\/2&#8243; el_class=\u00bbcenter-column-content-vertical\u00bb][vc_custom_heading text=\u00bbExcelencia\u00bb font_container=\u00bbtag:h2|font_size:35|text_align:left|color:%23407933|line_height:42px\u00bb use_theme_fonts=\u00bbyes\u00bb][vc_column_text font_size=\u00bb22&#8243; line_height=\u00bb36&#8243; el_class=\u00bblimited_width\u00bb]Siempre hay formas de mejorar las cosas por muy bien que est\u00e9n marchando. Nos esforzamos por conseguir la m\u00e1xima calidad y las mejores soluciones que aporten el m\u00e1ximo valor a nuestros clientes.[\/vc_column_text][\/vc_column][\/vc_row][vc_row type=\u00bbfull-width-section\u00bb equal_height=\u00bbyes\u00bb css=\u00bb.vc_custom_1621977312033{border-bottom-width: 1px !important;padding-top: 35px !important;padding-bottom: 35px !important;background-color: #f7f8fa !important;border-bottom-color: #cdcdcd !important;border-bottom-style: solid !important;}\u00bb el_class=\u00bbswap-on-mobile\u00bb][vc_column width=\u00bb1\/2&#8243; el_class=\u00bbcenter-column-content-vertical\u00bb][vc_custom_heading text=\u00bbResponsabilidad\u00bb font_container=\u00bbtag:h2|font_size:35|text_align:left|color:%23407933|line_height:42px\u00bb use_theme_fonts=\u00bbyes\u00bb][vc_column_text font_size=\u00bb22&#8243; line_height=\u00bb36&#8243; el_class=\u00bblimited_width\u00bb]Damos soluciones, no excusas. Valoramos a las personas que cumplen con lo que dicen y que asumen con responsabilidad su trabajo, desde la idea hasta la ejecuci\u00f3n.[\/vc_column_text][\/vc_column][vc_column width=\u00bb1\/2&#8243;][vc_single_image image=\u00bb12821&#8243; img_size=\u00bbfull\u00bb alignment=\u00bbcenter\u00bb css=\u00bb.vc_custom_1615844094991{padding-top: 10% !important;padding-right: 10% !important;padding-bottom: 10% !important;padding-left: 10% !important;}\u00bb][\/vc_column][\/vc_row][vc_row type=\u00bbfull-width-section\u00bb equal_height=\u00bbyes\u00bb css=\u00bb.vc_custom_1621977319631{border-bottom-width: 1px !important;background-color: #ffffff !important;border-bottom-color: #cdcdcd !important;border-bottom-style: solid !important;border-radius: 1px !important;}\u00bb][vc_column width=\u00bb1\/2&#8243;][vc_single_image image=\u00bb12837&#8243; img_size=\u00bbfull\u00bb alignment=\u00bbcenter\u00bb css=\u00bb.vc_custom_1615841856224{padding-top: 10% !important;padding-right: 10% !important;padding-bottom: 10% !important;padding-left: 10% !important;}\u00bb][\/vc_column][vc_column width=\u00bb1\/2&#8243; el_class=\u00bbcenter-column-content-vertical\u00bb][vc_custom_heading text=\u00bbTrabajo en equipo\u00bb font_container=\u00bbtag:h2|font_size:35|text_align:left|color:%23407933|line_height:42px\u00bb use_theme_fonts=\u00bbyes\u00bb][vc_column_text font_size=\u00bb22&#8243; line_height=\u00bb36&#8243; el_class=\u00bblimited_width\u00bb]Un equipo siempre es m\u00e1s fuerte que una sola persona. Necesitamos miembros proactivos, comprometidos y abiertos para que el equipo siga avanzando.[\/vc_column_text][\/vc_column][\/vc_row][vc_row type=\u00bbfull-width-section\u00bb equal_height=\u00bbyes\u00bb css=\u00bb.vc_custom_1621977327384{border-bottom-width: 1px !important;padding-top: 35px !important;padding-bottom: 35px !important;background-color: #f7f8fa !important;border-bottom-color: #cdcdcd !important;border-bottom-style: solid !important;}\u00bb el_class=\u00bbswap-on-mobile\u00bb][vc_column width=\u00bb1\/2&#8243; el_class=\u00bbcenter-column-content-vertical\u00bb][vc_custom_heading text=\u00bbDiversidad\u00bb font_container=\u00bbtag:h2|font_size:35|text_align:left|color:%23407933|line_height:42px\u00bb use_theme_fonts=\u00bbyes\u00bb][vc_column_text font_size=\u00bb22&#8243; line_height=\u00bb36&#8243; el_class=\u00bblimited_width\u00bb]Somos una empresa global, la diversidad est\u00e1 en nuestro ADN. Creamos soluciones l\u00edderes en el mercado, damos soporte a clientes de todos los continentes, tenemos empleados de todos los pa\u00edses y disfrutamos de la diversidad en la que vivimos.[\/vc_column_text][\/vc_column][vc_column width=\u00bb1\/2&#8243;][vc_single_image image=\u00bb12789&#8243; img_size=\u00bbfull\u00bb alignment=\u00bbcenter\u00bb css=\u00bb.vc_custom_1615981953211{padding-top: 10% !important;padding-right: 10% !important;padding-bottom: 10% !important;padding-left: 10% !important;}\u00bb][\/vc_column][\/vc_row][vc_row type=\u00bbfull-width-section\u00bb equal_height=\u00bbyes\u00bb css=\u00bb.vc_custom_1621977335231{border-bottom-width: 1px !important;padding-top: 35px !important;padding-bottom: 35px !important;background-color: #ffffff !important;border-bottom-color: #cdcdcd !important;border-bottom-style: solid !important;border-radius: 1px !important;}\u00bb][vc_column width=\u00bb1\/2&#8243;][vc_single_image image=\u00bb12829&#8243; img_size=\u00bbfull\u00bb alignment=\u00bbcenter\u00bb css=\u00bb.vc_custom_1615842302314{padding-top: 10% !important;padding-right: 10% !important;padding-bottom: 10% !important;padding-left: 10% !important;}\u00bb][\/vc_column][vc_column width=\u00bb1\/2&#8243; el_class=\u00bbcenter-column-content-vertical\u00bb][vc_custom_heading text=\u00bbSostenibilidad\u00bb font_container=\u00bbtag:h2|text_align:left|color:%23407933&#8243; use_theme_fonts=\u00bbyes\u00bb][vc_column_text font_size=\u00bb22&#8243; line_height=\u00bb36&#8243; el_class=\u00bblimited_width\u00bb]Heredamos el planeta en que vivimos de nuestros padres y abuelos. Es nuestra responsabilidad cuidarlo durante nuestra vida y hacer de \u00e9l un mejor lugar para vivir para las futuras generaciones.[\/vc_column_text][\/vc_column][\/vc_row][\/vc_section][vc_section full_width=\u00bbstretch_row\u00bb content_placement=\u00bbmiddle\u00bb css=\u00bb.vc_custom_1623683877125{padding-top: 0px !important;padding-right: 0px !important;padding-bottom: 0px !important;padding-left: 0px !important;}\u00bb el_class=\u00bbcareers-benefits-section\u00bb][vc_row type=\u00bbfull-width-section\u00bb equal_height=\u00bbyes\u00bb content_placement=\u00bbmiddle\u00bb][vc_column width=\u00bb1\/2&#8243;][vc_single_image image=\u00bb12797&#8243; img_size=\u00bb1054&#215;750&#8243; alignment=\u00bbcenter\u00bb][\/vc_column][vc_column width=\u00bb1\/2&#8243;][vc_custom_heading text=\u00bbBeneficios de Trabajar en AGRIVI\u00bb font_container=\u00bbtag:h2|text_align:left|color:%23343434&#8243; use_theme_fonts=\u00bbyes\u00bb][vc_column_text font_size=\u00bb18&#8243; line_height=\u00bb28&#8243; el_class=\u00bbagrivi_benefits_ul\u00bb]<\/p>\n<ul>\n<li>Hacer un trabajo con impacto real en el mundo<\/li>\n<li>Desarrollar un producto l\u00edder a nivel mundial y usado globalmente<\/li>\n<li>Formar parte de una empresa de r\u00e1pido crecimiento en un sector que mueve billones de d\u00f3lares<\/li>\n<li>Crecer profesionalmente en un equipo con vasta experiencia<\/li>\n<li>Entorno de trabajo internacional y flexible<\/li>\n<\/ul>\n<p>[\/vc_column_text][\/vc_column][\/vc_row][\/vc_section][vc_section full_width=\u00bbstretch_row_content\u00bb full_height=\u00bbyes\u00bb css=\u00bb.vc_custom_1618060810927{background-image: url(https:\/\/www.agrivi.com\/wp-content\/uploads\/2021\/04\/AGRIVI-Web-Careers-CTA-Image.jpg?id=13406) !important;background-position: center !important;background-repeat: no-repeat !important;background-size: cover !important;}\u00bb][vc_row type=\u00bbfull-width-section\u00bb el_class=\u00bbcareers-5th-row\u00bb][vc_column][vc_custom_heading text=\u00bbOPORTUNIDADES PROFESIONALES\u00bb font_container=\u00bbtag:h2|font_size:40px|text_align:center|color:%23ffffff|line_height:55px\u00bb google_fonts=\u00bbfont_family:Roboto%3A100%2C100italic%2C300%2C300italic%2Cregular%2Citalic%2C500%2C500italic%2C700%2C700italic%2C900%2C900italic|font_style:900%20bold%20regular%3A900%3Anormal\u00bb css=\u00bb.vc_custom_1617988645839{margin-bottom: 12px !important;}\u00bb][vc_custom_heading text=\u00bbConsulte y postule a nuestros puestos vacantes.\u00bb font_container=\u00bbtag:h2|font_size:30px|text_align:center|color:%23ffffff|line_height:38px\u00bb google_fonts=\u00bbfont_family:Roboto%3A100%2C100italic%2C300%2C300italic%2Cregular%2Citalic%2C500%2C500italic%2C700%2C700italic%2C900%2C900italic|font_style:300%20light%20regular%3A300%3Anormal\u00bb el_class=\u00bbnot_uppercase\u00bb]<style type=\"text\/css\" >#b_j9ld5j2e28rchjliof1t a{color:#ffffff; background:#3f7631; margin-top:0px; margin-bottom:0px;  margin-left:0px; margin-right:0px; font-weight:500; border-radius:6px;}#b_j9ld5j2e28rchjliof1t a:hover{color:#ffffff ; background:#83b552 ;}<\/style><div class=\"ta_center tf_btn_pos\" id=\"b_j9ld5j2e28rchjliof1t\" ><a class=\"rd_normal_bt mediumlarge_rd_bt  btn-agrivi-tertiary\" href=\"https:\/\/agrivi.talentlyft.com\/\" target=\"yes\"   >CONSULTAR PUESTOS VACANTES<\/a><\/div>[\/vc_column][\/vc_row][\/vc_section]<\/p>\n","protected":false},"excerpt":{"rendered":"<p>[vc_section full_width=\u00bbstretch_row\u00bb content_placement=\u00bbmiddle\u00bb el_class=\u00bbagrivi-header\u00bb css=\u00bb.vc_custom_1624450151654{background: #407933 url(https:\/\/www.agrivi.com\/wp-content\/uploads\/2021\/06\/AGRIVI-Web-Hero-Image-CAREERS.jpg?id=32362) !important;background-position: center !important;background-repeat: no-repeat !important;background-size: cover !important;}\u00bb][vc_row][vc_column][vc_custom_heading text=\u00bbOPORTUNIDADES PROFESIONALES EN AGRIVI\u00bb font_container=\u00bbtag:h1|text_align:center|color:%23ffffff\u00bb use_theme_fonts=\u00bbyes\u00bb el_class=\u00bbagrivi-header-title\u00bb][vc_custom_heading text=\u00bbCambiemos juntos la forma de producir alimentos.\u00bb font_container=\u00bbtag:h2|text_align:center|color:%23ffffff\u00bb el_class=\u00bbagrivi-header-subtitle\u00bb][\/vc_column][\/vc_row][\/vc_section][vc_section full_width=\u00bbstretch_row\u00bb el_class=\u00bbcareers-3rd-row\u00bb css=\u00bb.vc_custom_1616664027404{padding-bottom: 0px !important;}\u00bb][vc_row content_placement=\u00bbmiddle\u00bb][vc_column][vc_custom_heading text=\u00bbNUESTROS VALORES\u00bb font_container=\u00bbtag:h2|text_align:center\u00bb use_theme_fonts=\u00bbyes\u00bb][\/vc_column][\/vc_row][vc_row type=\u00bbfull-width-section\u00bb equal_height=\u00bbyes\u00bb css=\u00bb.vc_custom_1621975490767{border-bottom-width: 1px !important;padding-bottom: 35px !important;background-color: #ffffff !important;border-bottom-color: #cdcdcd !important;border-bottom-style: solid !important;border-radius: 1px !important;}\u00bb][vc_column<br \/><a href=\"https:\/\/www.agrivi.com\/es\/ofertas-de-empleo\/\" class=\"more\">Lee mas<\/a><\/p>\n","protected":false},"author":15,"featured_media":0,"parent":0,"menu_order":0,"comment_status":"closed","ping_status":"closed","template":"","meta":{"_acf_changed":false,"inline_featured_image":false,"footnotes":""},"class_list":["post-18380","page","type-page","status-publish","hentry"],"acf":[],"yoast_head":"<!-- This site is optimized with the Yoast SEO plugin v27.4 - https:\/\/yoast.com\/product\/yoast-seo-wordpress\/ -->\n<title>AGRIVI | Carreras<\/title>\n<meta name=\"description\" content=\"\u00danase a nosotros para cambiar la forma en que se producen los alimentos: explore nuestras oportunidades abiertas para el desarrollo profesional.\" \/>\n<meta name=\"robots\" content=\"index, follow, max-snippet:-1, max-image-preview:large, max-video-preview:-1\" \/>\n<link rel=\"canonical\" href=\"https:\/\/www.agrivi.com\/es\/ofertas-de-empleo\/\" \/>\n<meta property=\"og:locale\" content=\"es_ES\" \/>\n<meta property=\"og:type\" content=\"article\" \/>\n<meta property=\"og:title\" content=\"AGRIVI | Carreras\" \/>\n<meta property=\"og:description\" content=\"\u00danase a nosotros para cambiar la forma en que se producen los alimentos: explore nuestras oportunidades abiertas para el desarrollo profesional.\" \/>\n<meta property=\"og:url\" content=\"https:\/\/www.agrivi.com\/es\/ofertas-de-empleo\/\" \/>\n<meta property=\"og:site_name\" content=\"AGRIVI\" \/>\n<meta property=\"article:modified_time\" content=\"2022-03-30T10:21:51+00:00\" \/>\n<meta name=\"twitter:card\" content=\"summary_large_image\" \/>\n<meta name=\"twitter:label1\" content=\"Tiempo de lectura\" \/>\n\t<meta name=\"twitter:data1\" content=\"7 minutos\" \/>\n<script type=\"application\/ld+json\" class=\"yoast-schema-graph\">{\"@context\":\"https:\\\/\\\/schema.org\",\"@graph\":[{\"@type\":\"WebPage\",\"@id\":\"https:\\\/\\\/www.agrivi.com\\\/es\\\/ofertas-de-empleo\\\/\",\"url\":\"https:\\\/\\\/www.agrivi.com\\\/es\\\/ofertas-de-empleo\\\/\",\"name\":\"AGRIVI | Carreras\",\"isPartOf\":{\"@id\":\"https:\\\/\\\/www.agrivi.com\\\/es\\\/#website\"},\"datePublished\":\"2021-01-19T10:41:48+00:00\",\"dateModified\":\"2022-03-30T10:21:51+00:00\",\"description\":\"\u00danase a nosotros para cambiar la forma en que se producen los alimentos: explore nuestras oportunidades abiertas para el desarrollo profesional.\",\"breadcrumb\":{\"@id\":\"https:\\\/\\\/www.agrivi.com\\\/es\\\/ofertas-de-empleo\\\/#breadcrumb\"},\"inLanguage\":\"es\",\"potentialAction\":[{\"@type\":\"ReadAction\",\"target\":[\"https:\\\/\\\/www.agrivi.com\\\/es\\\/ofertas-de-empleo\\\/\"]}]},{\"@type\":\"BreadcrumbList\",\"@id\":\"https:\\\/\\\/www.agrivi.com\\\/es\\\/ofertas-de-empleo\\\/#breadcrumb\",\"itemListElement\":[{\"@type\":\"ListItem\",\"position\":1,\"name\":\"Home\",\"item\":\"https:\\\/\\\/www.agrivi.com\\\/es\\\/\"},{\"@type\":\"ListItem\",\"position\":2,\"name\":\"Ofertas de empleo\"}]},{\"@type\":\"WebSite\",\"@id\":\"https:\\\/\\\/www.agrivi.com\\\/es\\\/#website\",\"url\":\"https:\\\/\\\/www.agrivi.com\\\/es\\\/\",\"name\":\"AGRIVI\",\"description\":\"Farm managment solutions\",\"publisher\":{\"@id\":\"https:\\\/\\\/www.agrivi.com\\\/es\\\/#organization\"},\"potentialAction\":[{\"@type\":\"SearchAction\",\"target\":{\"@type\":\"EntryPoint\",\"urlTemplate\":\"https:\\\/\\\/www.agrivi.com\\\/es\\\/?s={search_term_string}\"},\"query-input\":{\"@type\":\"PropertyValueSpecification\",\"valueRequired\":true,\"valueName\":\"search_term_string\"}}],\"inLanguage\":\"es\"},{\"@type\":\"Organization\",\"@id\":\"https:\\\/\\\/www.agrivi.com\\\/es\\\/#organization\",\"name\":\"AGRIVI\",\"url\":\"https:\\\/\\\/www.agrivi.com\\\/es\\\/\",\"logo\":{\"@type\":\"ImageObject\",\"inLanguage\":\"es\",\"@id\":\"https:\\\/\\\/www.agrivi.com\\\/es\\\/#\\\/schema\\\/logo\\\/image\\\/\",\"url\":\"https:\\\/\\\/www.agrivi.com\\\/wp-content\\\/uploads\\\/2021\\\/02\\\/Agrivi-svg.svg\",\"contentUrl\":\"https:\\\/\\\/www.agrivi.com\\\/wp-content\\\/uploads\\\/2021\\\/02\\\/Agrivi-svg.svg\",\"width\":1,\"height\":1,\"caption\":\"AGRIVI\"},\"image\":{\"@id\":\"https:\\\/\\\/www.agrivi.com\\\/es\\\/#\\\/schema\\\/logo\\\/image\\\/\"}}]}<\/script>\n<!-- \/ Yoast SEO plugin. -->","yoast_head_json":{"title":"AGRIVI | Carreras","description":"\u00danase a nosotros para cambiar la forma en que se producen los alimentos: explore nuestras oportunidades abiertas para el desarrollo profesional.","robots":{"index":"index","follow":"follow","max-snippet":"max-snippet:-1","max-image-preview":"max-image-preview:large","max-video-preview":"max-video-preview:-1"},"canonical":"https:\/\/www.agrivi.com\/es\/ofertas-de-empleo\/","og_locale":"es_ES","og_type":"article","og_title":"AGRIVI | Carreras","og_description":"\u00danase a nosotros para cambiar la forma en que se producen los alimentos: explore nuestras oportunidades abiertas para el desarrollo profesional.","og_url":"https:\/\/www.agrivi.com\/es\/ofertas-de-empleo\/","og_site_name":"AGRIVI","article_modified_time":"2022-03-30T10:21:51+00:00","twitter_card":"summary_large_image","twitter_misc":{"Tiempo de lectura":"7 minutos"},"schema":{"@context":"https:\/\/schema.org","@graph":[{"@type":"WebPage","@id":"https:\/\/www.agrivi.com\/es\/ofertas-de-empleo\/","url":"https:\/\/www.agrivi.com\/es\/ofertas-de-empleo\/","name":"AGRIVI | Carreras","isPartOf":{"@id":"https:\/\/www.agrivi.com\/es\/#website"},"datePublished":"2021-01-19T10:41:48+00:00","dateModified":"2022-03-30T10:21:51+00:00","description":"\u00danase a nosotros para cambiar la forma en que se producen los alimentos: explore nuestras oportunidades abiertas para el desarrollo profesional.","breadcrumb":{"@id":"https:\/\/www.agrivi.com\/es\/ofertas-de-empleo\/#breadcrumb"},"inLanguage":"es","potentialAction":[{"@type":"ReadAction","target":["https:\/\/www.agrivi.com\/es\/ofertas-de-empleo\/"]}]},{"@type":"BreadcrumbList","@id":"https:\/\/www.agrivi.com\/es\/ofertas-de-empleo\/#breadcrumb","itemListElement":[{"@type":"ListItem","position":1,"name":"Home","item":"https:\/\/www.agrivi.com\/es\/"},{"@type":"ListItem","position":2,"name":"Ofertas de empleo"}]},{"@type":"WebSite","@id":"https:\/\/www.agrivi.com\/es\/#website","url":"https:\/\/www.agrivi.com\/es\/","name":"AGRIVI","description":"Farm managment solutions","publisher":{"@id":"https:\/\/www.agrivi.com\/es\/#organization"},"potentialAction":[{"@type":"SearchAction","target":{"@type":"EntryPoint","urlTemplate":"https:\/\/www.agrivi.com\/es\/?s={search_term_string}"},"query-input":{"@type":"PropertyValueSpecification","valueRequired":true,"valueName":"search_term_string"}}],"inLanguage":"es"},{"@type":"Organization","@id":"https:\/\/www.agrivi.com\/es\/#organization","name":"AGRIVI","url":"https:\/\/www.agrivi.com\/es\/","logo":{"@type":"ImageObject","inLanguage":"es","@id":"https:\/\/www.agrivi.com\/es\/#\/schema\/logo\/image\/","url":"https:\/\/www.agrivi.com\/wp-content\/uploads\/2021\/02\/Agrivi-svg.svg","contentUrl":"https:\/\/www.agrivi.com\/wp-content\/uploads\/2021\/02\/Agrivi-svg.svg","width":1,"height":1,"caption":"AGRIVI"},"image":{"@id":"https:\/\/www.agrivi.com\/es\/#\/schema\/logo\/image\/"}}]}},"_links":{"self":[{"href":"https:\/\/www.agrivi.com\/es\/wp-json\/wp\/v2\/pages\/18380","targetHints":{"allow":["GET"]}}],"collection":[{"href":"https:\/\/www.agrivi.com\/es\/wp-json\/wp\/v2\/pages"}],"about":[{"href":"https:\/\/www.agrivi.com\/es\/wp-json\/wp\/v2\/types\/page"}],"author":[{"embeddable":true,"href":"https:\/\/www.agrivi.com\/es\/wp-json\/wp\/v2\/users\/15"}],"replies":[{"embeddable":true,"href":"https:\/\/www.agrivi.com\/es\/wp-json\/wp\/v2\/comments?post=18380"}],"version-history":[{"count":28,"href":"https:\/\/www.agrivi.com\/es\/wp-json\/wp\/v2\/pages\/18380\/revisions"}],"predecessor-version":[{"id":54341,"href":"https:\/\/www.agrivi.com\/es\/wp-json\/wp\/v2\/pages\/18380\/revisions\/54341"}],"wp:attachment":[{"href":"https:\/\/www.agrivi.com\/es\/wp-json\/wp\/v2\/media?parent=18380"}],"curies":[{"name":"wp","href":"https:\/\/api.w.org\/{rel}","templated":true}]}}