
{"id":72413,"date":"2023-05-18T18:19:03","date_gmt":"2023-05-18T16:19:03","guid":{"rendered":"https:\/\/www.agrivi.com\/productos\/agrivi-ed\/"},"modified":"2025-07-15T16:25:42","modified_gmt":"2025-07-15T14:25:42","slug":"agrivi-ed","status":"publish","type":"page","link":"https:\/\/www.agrivi.com\/es\/productos\/agrivi-ed\/","title":{"rendered":"AGRIVI Ed"},"content":{"rendered":"<p>[vc_section full_width=\u00bbstretch_row_content\u00bb content_placement=\u00bbmiddle\u00bb el_class=\u00bbagrivi-header desktop-only vh-50&#8243; css=\u00bb.vc_custom_1752589513695{background: #407933 url(https:\/\/www.agrivi.com\/wp-content\/uploads\/2025\/07\/Advisor-Hero-language.jpg?id=72353) !important;background-position: center !important;background-repeat: no-repeat !important;background-size: cover !important;}\u00bb][vc_row][vc_column][\/vc_column][\/vc_row][\/vc_section][vc_section full_width=\u00bbstretch_row\u00bb content_placement=\u00bbmiddle\u00bb el_class=\u00bbagrivi-header mobile-only\u00bb css=\u00bb.vc_custom_1713366362239{margin-top: 50px !important;padding-top: 150px !important;padding-bottom: 150px !important;background: #407933 url(https:\/\/www.agrivi.com\/wp-content\/uploads\/2024\/04\/Advisor-Hero-MOBILE-New.jpg?id=66473) !important;background-position: center !important;background-repeat: no-repeat !important;background-size: cover !important;}\u00bb][vc_row][vc_column][\/vc_column][\/vc_row][\/vc_section][vc_section full_width=\u00bbstretch_row\u00bb css=\u00bb.vc_custom_1699011055212{border-bottom-width: 1px !important;background-position: center !important;background-repeat: no-repeat !important;background-size: cover !important;border-bottom-color: #cdcdcd !important;}\u00bb][vc_row][vc_column][vc_video link=\u00bbhttps:\/\/www.youtube.com\/watch?v=8m2HfGomZts\u00bb align=\u00bbcenter\u00bb][\/vc_column][\/vc_row][\/vc_section][vc_section full_width=\u00bbstretch_row\u00bb el_class=\u00bbcareers-3rd-row\u00bb css=\u00bb.vc_custom_1698752855966{padding-top: 0px !important;padding-bottom: 0px !important;}\u00bb el_id=\u00bbcareers-section\u00bb][vc_row type=\u00bbfull-width-section\u00bb content_placement=\u00bbmiddle\u00bb css=\u00bb.vc_custom_1698753068415{padding-top: 50px !important;background-color: #ffffff !important;}\u00bb][vc_column][vc_custom_heading text=\u00bbConoce a AGRIVI Ed, tu agr\u00f3nomo de confianza\u00bb font_container=\u00bbtag:h2|text_align:center\u00bb use_theme_fonts=\u00bbyes\u00bb][\/vc_column][\/vc_row][vc_row type=\u00bbfull-width-section\u00bb equal_height=\u00bbyes\u00bb css=\u00bb.vc_custom_1698753063886{border-bottom-width: 1px !important;background-color: #ffffff !important;border-bottom-color: #cdcdcd !important;border-bottom-style: solid !important;}\u00bb el_class=\u00bbswap-on-mobile\u00bb][vc_column width=\u00bb1\/2&#8243; el_class=\u00bbcenter-column-content-vertical mar-left\u00bb][vc_custom_heading text=\u00bbLocalizaci\u00f3n\u00bb font_container=\u00bbtag:h2|font_size:35|text_align:left|color:%23407933|line_height:42px\u00bb use_theme_fonts=\u00bbyes\u00bb el_class=\u00bbsection__title\u00bb][vc_column_text font_size=\u00bb22&#8243; line_height=\u00bb36&#8243; el_class=\u00bblimited_width\u00bb]<br \/>\nEd admite conversaciones en m\u00e1s de 50 idiomas. Elige el que prefieras.<br \/>\n[\/vc_column_text][\/vc_column][vc_column width=\u00bb1\/2&#8243; el_class=\u00bbvc_col-sm-pull-6&#8243;][vc_single_image image=\u00bb60825&#8243; img_size=\u00bbfull\u00bb alignment=\u00bbcenter\u00bb css=\u00bb.vc_custom_1685699107085{padding-top: 10% !important;padding-right: 10% !important;padding-bottom: 10% !important;padding-left: 10% !important;}\u00bb][\/vc_column][\/vc_row][vc_row type=\u00bbfull-width-section\u00bb equal_height=\u00bbyes\u00bb css=\u00bb.vc_custom_1698753036150{border-bottom-width: 1px !important;background-color: #f7f8fa !important;border-bottom-color: #cdcdcd !important;border-bottom-style: solid !important;}\u00bb][vc_column width=\u00bb1\/2&#8243;][vc_single_image image=\u00bb66418&#8243; img_size=\u00bbfull\u00bb alignment=\u00bbcenter\u00bb css=\u00bb.vc_custom_1713259548884{padding-top: 10% !important;padding-right: 10% !important;padding-bottom: 10% !important;padding-left: 10% !important;}\u00bb][\/vc_column][vc_column width=\u00bb1\/2&#8243; el_class=\u00bbcenter-column-content-vertical mar-right\u00bb][vc_custom_heading text=\u00bbInterfaz f\u00e1cil de usar\u00bb font_container=\u00bbtag:h2|font_size:35|text_align:left|color:%23407933|line_height:42px\u00bb use_theme_fonts=\u00bbyes\u00bb el_class=\u00bbsection__title\u00bb][vc_column_text font_size=\u00bb22&#8243; line_height=\u00bb36&#8243; el_class=\u00bblimited_width\u00bb]Ed est\u00e1 disponible como asesor de IA en WhatsApp, lo que lo hace muy f\u00e1cil de usar.[\/vc_column_text][\/vc_column][\/vc_row][vc_row type=\u00bbfull-width-section\u00bb equal_height=\u00bbyes\u00bb css=\u00bb.vc_custom_1690965551218{border-bottom-width: 1px !important;background-color: #ffffff !important;border-bottom-color: #cdcdcd !important;border-bottom-style: solid !important;border-radius: 1px !important;}\u00bb][vc_column width=\u00bb1\/2&#8243;][vc_single_image image=\u00bb61069&#8243; img_size=\u00bbfull\u00bb alignment=\u00bbcenter\u00bb css=\u00bb.vc_custom_1686563265424{padding-top: 10% !important;padding-right: 10% !important;padding-bottom: 10% !important;padding-left: 10% !important;}\u00bb][\/vc_column][vc_column width=\u00bb1\/2&#8243; el_class=\u00bbcenter-column-content-vertical mar-right\u00bb][vc_custom_heading text=\u00bbConocimiento especializado\u00bb font_container=\u00bbtag:h2|font_size:35|text_align:left|color:%23407933|line_height:42px\u00bb use_theme_fonts=\u00bbyes\u00bb css=\u00bb.vc_custom_1686046317394{padding-top: 0px !important;padding-right: 0px !important;padding-bottom: 0px !important;padding-left: 0px !important;}\u00bb el_class=\u00bbsection__title limited_width\u00bb][vc_column_text font_size=\u00bb22&#8243; line_height=\u00bb36&#8243; el_class=\u00bblimited_width\u00bb css=\u00bb.vc_custom_1685005172855{padding-top: 0px !important;padding-right: 0px !important;padding-bottom: 0px !important;padding-left: 0px !important;}\u00bb]Ed proporciona informaci\u00f3n precisa y de calidad sobre insumos. Pregunta lo que quieras sobre productos, Ed lo sabe todo.[\/vc_column_text][\/vc_column][\/vc_row][vc_row type=\u00bbfull-width-section\u00bb equal_height=\u00bbyes\u00bb css=\u00bb.vc_custom_1690965560100{border-bottom-width: 1px !important;background-color: #f7f8fa !important;border-bottom-color: #cdcdcd !important;border-bottom-style: solid !important;}\u00bb el_class=\u00bbswap-on-mobile\u00bb][vc_column width=\u00bb1\/2&#8243; el_class=\u00bbcenter-column-content-vertical mar-left\u00bb][vc_custom_heading text=\u00bbDisponible 24\/7&#8243; font_container=\u00bbtag:h2|font_size:35|text_align:left|color:%23407933|line_height:42px\u00bb use_theme_fonts=\u00bbyes\u00bb el_class=\u00bbsection__title\u00bb][vc_column_text font_size=\u00bb22&#8243; line_height=\u00bb36&#8243; el_class=\u00bblimited_width\u00bb]Cuando necesites a Ed, \u00e9l estar\u00e1 disponible. No duerme ni necesita turnos: siempre est\u00e1 listo para ayudarte.[\/vc_column_text][\/vc_column][vc_column width=\u00bb1\/2&#8243;][vc_single_image image=\u00bb60789&#8243; img_size=\u00bbfull\u00bb alignment=\u00bbcenter\u00bb css=\u00bb.vc_custom_1685699173864{padding-top: 10% !important;padding-right: 10% !important;padding-bottom: 10% !important;padding-left: 10% !important;}\u00bb][\/vc_column][\/vc_row][vc_row type=\u00bbfull-width-section\u00bb equal_height=\u00bbyes\u00bb css=\u00bb.vc_custom_1690965573758{border-bottom-width: 1px !important;background-color: #ffffff !important;border-bottom-color: #cdcdcd !important;border-bottom-style: solid !important;border-radius: 1px !important;}\u00bb][vc_column width=\u00bb1\/2&#8243;][vc_single_image image=\u00bb60798&#8243; img_size=\u00bbfull\u00bb alignment=\u00bbcenter\u00bb css=\u00bb.vc_custom_1685699187273{padding-top: 10% !important;padding-right: 10% !important;padding-bottom: 10% !important;padding-left: 10% !important;}\u00bb][\/vc_column][vc_column width=\u00bb1\/2&#8243; el_class=\u00bbcenter-column-content-vertical mar-right\u00bb][vc_custom_heading text=\u00bbRespuestas inmediatas\u00bb font_container=\u00bbtag:h2|font_size:35|text_align:left|color:%23407933|line_height:42px\u00bb use_theme_fonts=\u00bbyes\u00bb el_class=\u00bbsection__title\u00bb][vc_column_text font_size=\u00bb22&#8243; line_height=\u00bb36&#8243; el_class=\u00bblimited_width\u00bb]Una interfaz sencilla hace que la conversaci\u00f3n sea tan f\u00e1cil como charlar con un amigo.[\/vc_column_text][\/vc_column][\/vc_row][vc_row type=\u00bbfull-width-section\u00bb equal_height=\u00bbyes\u00bb css=\u00bb.vc_custom_1690965579976{border-bottom-width: 1px !important;background-color: #f7f8fa !important;border-bottom-color: #cdcdcd !important;border-bottom-style: solid !important;}\u00bb el_class=\u00bbswap-on-mobile\u00bb][vc_column width=\u00bb1\/2&#8243; el_class=\u00bbcenter-column-content-vertical mar-left\u00bb][vc_custom_heading text=\u00bbConversaciones ilimitadas\u00bb font_container=\u00bbtag:h2|font_size:35|text_align:left|color:%23407933|line_height:42px\u00bb use_theme_fonts=\u00bbyes\u00bb el_class=\u00bbsection__title\u00bb][vc_column_text font_size=\u00bb22&#8243; line_height=\u00bb36&#8243; el_class=\u00bblimited_width\u00bb]Puedes pedirle consejo a Ed tantas veces como quieras, no hay l\u00edmite de mensajes.[\/vc_column_text][\/vc_column][vc_column width=\u00bb1\/2&#8243;][vc_single_image image=\u00bb61040&#8243; img_size=\u00bbfull\u00bb alignment=\u00bbcenter\u00bb css=\u00bb.vc_custom_1686132752628{padding-top: 10% !important;padding-right: 10% !important;padding-bottom: 10% !important;padding-left: 10% !important;}\u00bb][\/vc_column][\/vc_row][\/vc_section][vc_row equal_height=\u00bbyes\u00bb el_class=\u00bbengage__section\u00bb el_id=\u00bbcareers-section\u00bb][vc_column width=\u00bb1\/2&#8243; el_class=\u00bbimage-pb-mobile\u00bb][vc_single_image image=\u00bb72362&#8243; img_size=\u00bbfull\u00bb alignment=\u00bbcenter\u00bb css=\u00bb.vc_custom_1752589536207{padding-top: 10% !important;padding-right: 10% !important;padding-bottom: 0px !important;padding-left: 10% !important;}\u00bb][\/vc_column][vc_column width=\u00bb1\/2&#8243; el_class=\u00bbcenter-column-content-vertical\u00bb][vc_custom_heading text=\u00bbConsigue tu propio Ed con AGRIVI Engage\u00bb font_container=\u00bbtag:h2|text_align:left|color:%23407933&#8243; use_theme_fonts=\u00bbyes\u00bb el_class=\u00bbsection__title\u00bb][vc_column_text font_size=\u00bb22&#8243; line_height=\u00bb36&#8243; el_class=\u00bblimited_width\u00bb]\u00bfEres una empresa interesada en Ed? Ed est\u00e1 disponible como soluci\u00f3n white-label bajo tu propia marca. Dale tu nombre con AGRIVI Engage.[\/vc_column_text]<style type=\"text\/css\" >#b_9ryziuxz4c2kf6w1yhin a{color:; background:; margin-top:0px; margin-bottom:0px;  margin-left:0px; margin-right:0px; font-weight:900; border-radius:0px;}#b_9ryziuxz4c2kf6w1yhin a:hover{color: ; background: ;}<\/style><div class=\"ta_left tf_btn_pos\" id=\"b_9ryziuxz4c2kf6w1yhin\" ><a class=\"rd_normal_bt small_rd_bt  btn-agrivi-primary\" href=\"https:\/\/www.agrivi.com\/es\/productos\/agrivi-engage\/\" target=\"\"   >DESCUBRE M\u00c1S<\/a><\/div>[\/vc_column][\/vc_row][vc_section full_width=\u00bbstretch_row_content\u00bb full_height=\u00bbyes\u00bb css=\u00bb.vc_custom_1690967557932{padding-right: 20px !important;padding-left: 20px !important;background-image: url(https:\/\/www.agrivi.com\/wp-content\/uploads\/2023\/06\/AGRIVI-Web-Hero-Image-4.jpg?id=60753) !important;background-position: center !important;background-repeat: no-repeat !important;background-size: cover !important;}\u00bb el_id=\u00bbai-agronomic-advisory\u00bb][vc_row type=\u00bbfull-width-section\u00bb el_class=\u00bbcareers-5th-row\u00bb][vc_column][vc_custom_heading text=\u00bbAsesoramiento agron\u00f3mico con IA que hace la gesti\u00f3n de cultivos m\u00e1s inteligente y eficiente\u00bb font_container=\u00bbtag:h2|font_size:40px|text_align:center|color:%23ffffff|line_height:55px\u00bb google_fonts=\u00bbfont_family:Roboto%3A100%2C100italic%2C300%2C300italic%2Cregular%2Citalic%2C500%2C500italic%2C700%2C700italic%2C900%2C900italic|font_style:900%20bold%20regular%3A900%3Anormal\u00bb css=\u00bb.vc_custom_1684484518428{margin-bottom: 12px !important;}\u00bb][vc_custom_heading text=\u00bb\u00bfTienes una pregunta sobre semillas o protecci\u00f3n de cultivos?\u00bb font_container=\u00bbtag:h2|font_size:30px|text_align:center|color:%23ffffff|line_height:38px\u00bb google_fonts=\u00bbfont_family:Roboto%3A100%2C100italic%2C300%2C300italic%2Cregular%2Citalic%2C500%2C500italic%2C700%2C700italic%2C900%2C900italic|font_style:300%20light%20regular%3A300%3Anormal\u00bb el_class=\u00bbnot_uppercase\u00bb]<style type=\"text\/css\" >#b_43zqqvualfw87pn4sexs a{color:#ffffff; background:#3f7631; margin-top:0px; margin-bottom:0px;  margin-left:0px; margin-right:0px; font-weight:500; border-radius:6px;}#b_43zqqvualfw87pn4sexs a:hover{color:#ffffff ; background:#83b552 ;}<\/style><div class=\"ta_center tf_btn_pos\" id=\"b_43zqqvualfw87pn4sexs\" ><a class=\"rd_normal_bt mediumlarge_rd_bt  btn-agrivi-tertiary\" href=\"https:\/\/www.agrivi.com\/es\/demo\/\" target=\"yes\"   >CONTACTA CON NOSOTROS<\/a><\/div>[\/vc_column][\/vc_row][\/vc_section]<\/p>\n","protected":false},"excerpt":{"rendered":"<p>[vc_section full_width=\u00bbstretch_row_content\u00bb content_placement=\u00bbmiddle\u00bb el_class=\u00bbagrivi-header desktop-only vh-50&#8243; css=\u00bb.vc_custom_1752589513695{background: #407933 url(https:\/\/www.agrivi.com\/wp-content\/uploads\/2025\/07\/Advisor-Hero-language.jpg?id=72353) !important;background-position: center !important;background-repeat: no-repeat !important;background-size: cover !important;}\u00bb][vc_row][vc_column][\/vc_column][\/vc_row][\/vc_section][vc_section full_width=\u00bbstretch_row\u00bb content_placement=\u00bbmiddle\u00bb el_class=\u00bbagrivi-header mobile-only\u00bb css=\u00bb.vc_custom_1713366362239{margin-top: 50px !important;padding-top: 150px !important;padding-bottom: 150px !important;background: #407933 url(https:\/\/www.agrivi.com\/wp-content\/uploads\/2024\/04\/Advisor-Hero-MOBILE-New.jpg?id=66473) !important;background-position: center !important;background-repeat: no-repeat !important;background-size: cover !important;}\u00bb][vc_row][vc_column][\/vc_column][\/vc_row][\/vc_section][vc_section full_width=\u00bbstretch_row\u00bb css=\u00bb.vc_custom_1699011055212{border-bottom-width: 1px !important;background-position: center !important;background-repeat: no-repeat !important;background-size: cover !important;border-bottom-color: #cdcdcd !important;}\u00bb][vc_row][vc_column][vc_video link=\u00bbhttps:\/\/www.youtube.com\/watch?v=8m2HfGomZts\u00bb align=\u00bbcenter\u00bb][\/vc_column][\/vc_row][\/vc_section][vc_section full_width=\u00bbstretch_row\u00bb el_class=\u00bbcareers-3rd-row\u00bb css=\u00bb.vc_custom_1698752855966{padding-top: 0px !important;padding-bottom:<br \/><a href=\"https:\/\/www.agrivi.com\/es\/productos\/agrivi-ed\/\" class=\"more\">Lee mas<\/a><\/p>\n","protected":false},"author":15,"featured_media":0,"parent":18451,"menu_order":0,"comment_status":"closed","ping_status":"closed","template":"","meta":{"_acf_changed":false,"inline_featured_image":false,"footnotes":""},"class_list":["post-72413","page","type-page","status-publish","hentry"],"acf":[],"yoast_head":"<!-- This site is optimized with the Yoast SEO plugin v27.3 - https:\/\/yoast.com\/product\/yoast-seo-wordpress\/ -->\n<title>AGRIVI | Ed<\/title>\n<meta name=\"description\" content=\"Conozca AGRIVI Ed. Asistente de asesoramiento agron\u00f3mico impulsado por IA, dise\u00f1ado para potenciar la cadena de valor agr\u00edcola y respaldar la digitalizaci\u00f3n de m\u00e1s de 500 millones de granjas en todo el mundo.\" \/>\n<meta name=\"robots\" content=\"index, follow, max-snippet:-1, max-image-preview:large, max-video-preview:-1\" \/>\n<link rel=\"canonical\" href=\"https:\/\/www.agrivi.com\/es\/productos\/agrivi-ed\/\" \/>\n<meta property=\"og:locale\" content=\"es_ES\" \/>\n<meta property=\"og:type\" content=\"article\" \/>\n<meta property=\"og:title\" content=\"AGRIVI | Ed\" \/>\n<meta property=\"og:description\" content=\"Conozca AGRIVI Ed. Asistente de asesoramiento agron\u00f3mico impulsado por IA, dise\u00f1ado para potenciar la cadena de valor agr\u00edcola y respaldar la digitalizaci\u00f3n de m\u00e1s de 500 millones de granjas en todo el mundo.\" \/>\n<meta property=\"og:url\" content=\"https:\/\/www.agrivi.com\/es\/productos\/agrivi-ed\/\" \/>\n<meta property=\"og:site_name\" content=\"AGRIVI\" \/>\n<meta property=\"article:modified_time\" content=\"2025-07-15T14:25:42+00:00\" \/>\n<meta name=\"twitter:card\" content=\"summary_large_image\" \/>\n<meta name=\"twitter:label1\" content=\"Tiempo de lectura\" \/>\n\t<meta name=\"twitter:data1\" content=\"7 minutos\" \/>\n<script type=\"application\/ld+json\" class=\"yoast-schema-graph\">{\"@context\":\"https:\\\/\\\/schema.org\",\"@graph\":[{\"@type\":\"WebPage\",\"@id\":\"https:\\\/\\\/www.agrivi.com\\\/es\\\/productos\\\/agrivi-ed\\\/\",\"url\":\"https:\\\/\\\/www.agrivi.com\\\/es\\\/productos\\\/agrivi-ed\\\/\",\"name\":\"AGRIVI | Ed\",\"isPartOf\":{\"@id\":\"https:\\\/\\\/www.agrivi.com\\\/es\\\/#website\"},\"datePublished\":\"2023-05-18T16:19:03+00:00\",\"dateModified\":\"2025-07-15T14:25:42+00:00\",\"description\":\"Conozca AGRIVI Ed. Asistente de asesoramiento agron\u00f3mico impulsado por IA, dise\u00f1ado para potenciar la cadena de valor agr\u00edcola y respaldar la digitalizaci\u00f3n de m\u00e1s de 500 millones de granjas en todo el mundo.\",\"breadcrumb\":{\"@id\":\"https:\\\/\\\/www.agrivi.com\\\/es\\\/productos\\\/agrivi-ed\\\/#breadcrumb\"},\"inLanguage\":\"es\",\"potentialAction\":[{\"@type\":\"ReadAction\",\"target\":[\"https:\\\/\\\/www.agrivi.com\\\/es\\\/productos\\\/agrivi-ed\\\/\"]}]},{\"@type\":\"BreadcrumbList\",\"@id\":\"https:\\\/\\\/www.agrivi.com\\\/es\\\/productos\\\/agrivi-ed\\\/#breadcrumb\",\"itemListElement\":[{\"@type\":\"ListItem\",\"position\":1,\"name\":\"Home\",\"item\":\"https:\\\/\\\/www.agrivi.com\\\/es\\\/\"},{\"@type\":\"ListItem\",\"position\":2,\"name\":\"Productos\",\"item\":\"https:\\\/\\\/www.agrivi.com\\\/es\\\/productos\\\/\"},{\"@type\":\"ListItem\",\"position\":3,\"name\":\"AGRIVI Ed\"}]},{\"@type\":\"WebSite\",\"@id\":\"https:\\\/\\\/www.agrivi.com\\\/es\\\/#website\",\"url\":\"https:\\\/\\\/www.agrivi.com\\\/es\\\/\",\"name\":\"AGRIVI\",\"description\":\"Farm managment solutions\",\"publisher\":{\"@id\":\"https:\\\/\\\/www.agrivi.com\\\/es\\\/#organization\"},\"potentialAction\":[{\"@type\":\"SearchAction\",\"target\":{\"@type\":\"EntryPoint\",\"urlTemplate\":\"https:\\\/\\\/www.agrivi.com\\\/es\\\/?s={search_term_string}\"},\"query-input\":{\"@type\":\"PropertyValueSpecification\",\"valueRequired\":true,\"valueName\":\"search_term_string\"}}],\"inLanguage\":\"es\"},{\"@type\":\"Organization\",\"@id\":\"https:\\\/\\\/www.agrivi.com\\\/es\\\/#organization\",\"name\":\"AGRIVI\",\"url\":\"https:\\\/\\\/www.agrivi.com\\\/es\\\/\",\"logo\":{\"@type\":\"ImageObject\",\"inLanguage\":\"es\",\"@id\":\"https:\\\/\\\/www.agrivi.com\\\/es\\\/#\\\/schema\\\/logo\\\/image\\\/\",\"url\":\"https:\\\/\\\/www.agrivi.com\\\/wp-content\\\/uploads\\\/2021\\\/02\\\/Agrivi-svg.svg\",\"contentUrl\":\"https:\\\/\\\/www.agrivi.com\\\/wp-content\\\/uploads\\\/2021\\\/02\\\/Agrivi-svg.svg\",\"width\":1,\"height\":1,\"caption\":\"AGRIVI\"},\"image\":{\"@id\":\"https:\\\/\\\/www.agrivi.com\\\/es\\\/#\\\/schema\\\/logo\\\/image\\\/\"}}]}<\/script>\n<!-- \/ Yoast SEO plugin. -->","yoast_head_json":{"title":"AGRIVI | Ed","description":"Conozca AGRIVI Ed. Asistente de asesoramiento agron\u00f3mico impulsado por IA, dise\u00f1ado para potenciar la cadena de valor agr\u00edcola y respaldar la digitalizaci\u00f3n de m\u00e1s de 500 millones de granjas en todo el mundo.","robots":{"index":"index","follow":"follow","max-snippet":"max-snippet:-1","max-image-preview":"max-image-preview:large","max-video-preview":"max-video-preview:-1"},"canonical":"https:\/\/www.agrivi.com\/es\/productos\/agrivi-ed\/","og_locale":"es_ES","og_type":"article","og_title":"AGRIVI | Ed","og_description":"Conozca AGRIVI Ed. Asistente de asesoramiento agron\u00f3mico impulsado por IA, dise\u00f1ado para potenciar la cadena de valor agr\u00edcola y respaldar la digitalizaci\u00f3n de m\u00e1s de 500 millones de granjas en todo el mundo.","og_url":"https:\/\/www.agrivi.com\/es\/productos\/agrivi-ed\/","og_site_name":"AGRIVI","article_modified_time":"2025-07-15T14:25:42+00:00","twitter_card":"summary_large_image","twitter_misc":{"Tiempo de lectura":"7 minutos"},"schema":{"@context":"https:\/\/schema.org","@graph":[{"@type":"WebPage","@id":"https:\/\/www.agrivi.com\/es\/productos\/agrivi-ed\/","url":"https:\/\/www.agrivi.com\/es\/productos\/agrivi-ed\/","name":"AGRIVI | Ed","isPartOf":{"@id":"https:\/\/www.agrivi.com\/es\/#website"},"datePublished":"2023-05-18T16:19:03+00:00","dateModified":"2025-07-15T14:25:42+00:00","description":"Conozca AGRIVI Ed. Asistente de asesoramiento agron\u00f3mico impulsado por IA, dise\u00f1ado para potenciar la cadena de valor agr\u00edcola y respaldar la digitalizaci\u00f3n de m\u00e1s de 500 millones de granjas en todo el mundo.","breadcrumb":{"@id":"https:\/\/www.agrivi.com\/es\/productos\/agrivi-ed\/#breadcrumb"},"inLanguage":"es","potentialAction":[{"@type":"ReadAction","target":["https:\/\/www.agrivi.com\/es\/productos\/agrivi-ed\/"]}]},{"@type":"BreadcrumbList","@id":"https:\/\/www.agrivi.com\/es\/productos\/agrivi-ed\/#breadcrumb","itemListElement":[{"@type":"ListItem","position":1,"name":"Home","item":"https:\/\/www.agrivi.com\/es\/"},{"@type":"ListItem","position":2,"name":"Productos","item":"https:\/\/www.agrivi.com\/es\/productos\/"},{"@type":"ListItem","position":3,"name":"AGRIVI Ed"}]},{"@type":"WebSite","@id":"https:\/\/www.agrivi.com\/es\/#website","url":"https:\/\/www.agrivi.com\/es\/","name":"AGRIVI","description":"Farm managment solutions","publisher":{"@id":"https:\/\/www.agrivi.com\/es\/#organization"},"potentialAction":[{"@type":"SearchAction","target":{"@type":"EntryPoint","urlTemplate":"https:\/\/www.agrivi.com\/es\/?s={search_term_string}"},"query-input":{"@type":"PropertyValueSpecification","valueRequired":true,"valueName":"search_term_string"}}],"inLanguage":"es"},{"@type":"Organization","@id":"https:\/\/www.agrivi.com\/es\/#organization","name":"AGRIVI","url":"https:\/\/www.agrivi.com\/es\/","logo":{"@type":"ImageObject","inLanguage":"es","@id":"https:\/\/www.agrivi.com\/es\/#\/schema\/logo\/image\/","url":"https:\/\/www.agrivi.com\/wp-content\/uploads\/2021\/02\/Agrivi-svg.svg","contentUrl":"https:\/\/www.agrivi.com\/wp-content\/uploads\/2021\/02\/Agrivi-svg.svg","width":1,"height":1,"caption":"AGRIVI"},"image":{"@id":"https:\/\/www.agrivi.com\/es\/#\/schema\/logo\/image\/"}}]}},"_links":{"self":[{"href":"https:\/\/www.agrivi.com\/es\/wp-json\/wp\/v2\/pages\/72413","targetHints":{"allow":["GET"]}}],"collection":[{"href":"https:\/\/www.agrivi.com\/es\/wp-json\/wp\/v2\/pages"}],"about":[{"href":"https:\/\/www.agrivi.com\/es\/wp-json\/wp\/v2\/types\/page"}],"author":[{"embeddable":true,"href":"https:\/\/www.agrivi.com\/es\/wp-json\/wp\/v2\/users\/15"}],"replies":[{"embeddable":true,"href":"https:\/\/www.agrivi.com\/es\/wp-json\/wp\/v2\/comments?post=72413"}],"version-history":[{"count":5,"href":"https:\/\/www.agrivi.com\/es\/wp-json\/wp\/v2\/pages\/72413\/revisions"}],"predecessor-version":[{"id":72418,"href":"https:\/\/www.agrivi.com\/es\/wp-json\/wp\/v2\/pages\/72413\/revisions\/72418"}],"up":[{"embeddable":true,"href":"https:\/\/www.agrivi.com\/es\/wp-json\/wp\/v2\/pages\/18451"}],"wp:attachment":[{"href":"https:\/\/www.agrivi.com\/es\/wp-json\/wp\/v2\/media?parent=72413"}],"curies":[{"name":"wp","href":"https:\/\/api.w.org\/{rel}","templated":true}]}}