
{"id":72340,"date":"2023-05-18T18:19:03","date_gmt":"2023-05-18T16:19:03","guid":{"rendered":"https:\/\/www.agrivi.com\/produits\/agrivi-ed\/"},"modified":"2025-07-15T15:27:09","modified_gmt":"2025-07-15T13:27:09","slug":"agrivi-ed","status":"publish","type":"page","link":"https:\/\/www.agrivi.com\/fr\/produits\/agrivi-ed\/","title":{"rendered":"AGRIVI Ed"},"content":{"rendered":"<p>[vc_section full_width=\u00a0\u00bbstretch_row_content\u00a0\u00bb content_placement=\u00a0\u00bbmiddle\u00a0\u00bb el_class=\u00a0\u00bbagrivi-header desktop-only vh-50&Prime; css=\u00a0\u00bb.vc_custom_1752585979263{background: #407933 url(https:\/\/www.agrivi.com\/wp-content\/uploads\/2025\/07\/Advisor-Hero-language.jpg?id=72345) !important;background-position: center !important;background-repeat: no-repeat !important;background-size: cover !important;}\u00a0\u00bb][vc_row][vc_column][\/vc_column][\/vc_row][\/vc_section][vc_section full_width=\u00a0\u00bbstretch_row\u00a0\u00bb content_placement=\u00a0\u00bbmiddle\u00a0\u00bb el_class=\u00a0\u00bbagrivi-header mobile-only\u00a0\u00bb css=\u00a0\u00bb.vc_custom_1713366362239{margin-top: 50px !important;padding-top: 150px !important;padding-bottom: 150px !important;background: #407933 url(https:\/\/www.agrivi.com\/wp-content\/uploads\/2024\/04\/Advisor-Hero-MOBILE-New.jpg?id=66473) !important;background-position: center !important;background-repeat: no-repeat !important;background-size: cover !important;}\u00a0\u00bb][vc_row][vc_column][\/vc_column][\/vc_row][\/vc_section][vc_section full_width=\u00a0\u00bbstretch_row\u00a0\u00bb css=\u00a0\u00bb.vc_custom_1699011055212{border-bottom-width: 1px !important;background-position: center !important;background-repeat: no-repeat !important;background-size: cover !important;border-bottom-color: #cdcdcd !important;}\u00a0\u00bb][vc_row][vc_column][vc_video link=\u00a0\u00bbhttps:\/\/www.youtube.com\/watch?v=8m2HfGomZts\u00a0\u00bb align=\u00a0\u00bbcenter\u00a0\u00bb][\/vc_column][\/vc_row][\/vc_section][vc_section full_width=\u00a0\u00bbstretch_row\u00a0\u00bb el_class=\u00a0\u00bbcareers-3rd-row\u00a0\u00bb css=\u00a0\u00bb.vc_custom_1698752855966{padding-top: 0px !important;padding-bottom: 0px !important;}\u00a0\u00bb el_id=\u00a0\u00bbcareers-section\u00a0\u00bb][vc_row type=\u00a0\u00bbfull-width-section\u00a0\u00bb content_placement=\u00a0\u00bbmiddle\u00a0\u00bb css=\u00a0\u00bb.vc_custom_1698753068415{padding-top: 50px !important;background-color: #ffffff !important;}\u00a0\u00bb][vc_column][vc_custom_heading text=\u00a0\u00bbD\u00e9couvrez AGRIVI Ed, votre agronome de confiance\u00a0\u00bb font_container=\u00a0\u00bbtag:h2|text_align:center\u00a0\u00bb use_theme_fonts=\u00a0\u00bbyes\u00a0\u00bb][\/vc_column][\/vc_row][vc_row type=\u00a0\u00bbfull-width-section\u00a0\u00bb equal_height=\u00a0\u00bbyes\u00a0\u00bb css=\u00a0\u00bb.vc_custom_1698753063886{border-bottom-width: 1px !important;background-color: #ffffff !important;border-bottom-color: #cdcdcd !important;border-bottom-style: solid !important;}\u00a0\u00bb el_class=\u00a0\u00bbswap-on-mobile\u00a0\u00bb][vc_column width=\u00a0\u00bb1\/2&Prime; el_class=\u00a0\u00bbcenter-column-content-vertical mar-left\u00a0\u00bb][vc_custom_heading text=\u00a0\u00bbLocalisation\u00a0\u00bb font_container=\u00a0\u00bbtag:h2|font_size:35|text_align:left|color:%23407933|line_height:42px\u00a0\u00bb use_theme_fonts=\u00a0\u00bbyes\u00a0\u00bb el_class=\u00a0\u00bbsection__title\u00a0\u00bb][vc_column_text font_size=\u00a0\u00bb22&Prime; line_height=\u00a0\u00bb36&Prime; el_class=\u00a0\u00bblimited_width\u00a0\u00bb]<br \/>\nEd permet de discuter dans plus de 50 langues. Choisissez celle que vous pr\u00e9f\u00e9rez.<br \/>\n[\/vc_column_text][\/vc_column][vc_column width=\u00a0\u00bb1\/2&Prime; el_class=\u00a0\u00bbvc_col-sm-pull-6&Prime;][vc_single_image image=\u00a0\u00bb60819&Prime; img_size=\u00a0\u00bbfull\u00a0\u00bb alignment=\u00a0\u00bbcenter\u00a0\u00bb css=\u00a0\u00bb.vc_custom_1685699107085{padding-top: 10% !important;padding-right: 10% !important;padding-bottom: 10% !important;padding-left: 10% !important;}\u00a0\u00bb][\/vc_column][\/vc_row][vc_row type=\u00a0\u00bbfull-width-section\u00a0\u00bb equal_height=\u00a0\u00bbyes\u00a0\u00bb css=\u00a0\u00bb.vc_custom_1698753036150{border-bottom-width: 1px !important;background-color: #f7f8fa !important;border-bottom-color: #cdcdcd !important;border-bottom-style: solid !important;}\u00a0\u00bb][vc_column width=\u00a0\u00bb1\/2&Prime;][vc_single_image image=\u00a0\u00bb66412&Prime; img_size=\u00a0\u00bbfull\u00a0\u00bb alignment=\u00a0\u00bbcenter\u00a0\u00bb css=\u00a0\u00bb.vc_custom_1713259548884{padding-top: 10% !important;padding-right: 10% !important;padding-bottom: 10% !important;padding-left: 10% !important;}\u00a0\u00bb][\/vc_column][vc_column width=\u00a0\u00bb1\/2&Prime; el_class=\u00a0\u00bbcenter-column-content-vertical mar-right\u00a0\u00bb][vc_custom_heading text=\u00a0\u00bbInterface simple d\u2019utilisation\u00a0\u00bb font_container=\u00a0\u00bbtag:h2|font_size:35|text_align:left|color:%23407933|line_height:42px\u00a0\u00bb use_theme_fonts=\u00a0\u00bbyes\u00a0\u00bb el_class=\u00a0\u00bbsection__title\u00a0\u00bb][vc_column_text font_size=\u00a0\u00bb22&Prime; line_height=\u00a0\u00bb36&Prime; el_class=\u00a0\u00bblimited_width\u00a0\u00bb]Ed est disponible en tant que conseiller IA sur WhatsApp, ce qui le rend facile \u00e0 utiliser.[\/vc_column_text][\/vc_column][\/vc_row][vc_row type=\u00a0\u00bbfull-width-section\u00a0\u00bb equal_height=\u00a0\u00bbyes\u00a0\u00bb css=\u00a0\u00bb.vc_custom_1690965551218{border-bottom-width: 1px !important;background-color: #ffffff !important;border-bottom-color: #cdcdcd !important;border-bottom-style: solid !important;border-radius: 1px !important;}\u00a0\u00bb][vc_column width=\u00a0\u00bb1\/2&Prime;][vc_single_image image=\u00a0\u00bb61063&Prime; img_size=\u00a0\u00bbfull\u00a0\u00bb alignment=\u00a0\u00bbcenter\u00a0\u00bb css=\u00a0\u00bb.vc_custom_1686563265424{padding-top: 10% !important;padding-right: 10% !important;padding-bottom: 10% !important;padding-left: 10% !important;}\u00a0\u00bb][\/vc_column][vc_column width=\u00a0\u00bb1\/2&Prime; el_class=\u00a0\u00bbcenter-column-content-vertical mar-right\u00a0\u00bb][vc_custom_heading text=\u00a0\u00bbExpertise puissante\u00a0\u00bb font_container=\u00a0\u00bbtag:h2|font_size:35|text_align:left|color:%23407933|line_height:42px\u00a0\u00bb use_theme_fonts=\u00a0\u00bbyes\u00a0\u00bb css=\u00a0\u00bb.vc_custom_1686046317394{padding-top: 0px !important;padding-right: 0px !important;padding-bottom: 0px !important;padding-left: 0px !important;}\u00a0\u00bb el_class=\u00a0\u00bbsection__title limited_width\u00a0\u00bb][vc_column_text font_size=\u00a0\u00bb22&Prime; line_height=\u00a0\u00bb36&Prime; el_class=\u00a0\u00bblimited_width\u00a0\u00bb css=\u00a0\u00bb.vc_custom_1685005172855{padding-top: 0px !important;padding-right: 0px !important;padding-bottom: 0px !important;padding-left: 0px !important;}\u00a0\u00bb]Ed fournit des informations pr\u00e9cises et de qualit\u00e9 sur les intrants. Posez-lui toutes vos questions sur les produits, Ed conna\u00eet toutes les r\u00e9ponses.[\/vc_column_text][\/vc_column][\/vc_row][vc_row type=\u00a0\u00bbfull-width-section\u00a0\u00bb equal_height=\u00a0\u00bbyes\u00a0\u00bb css=\u00a0\u00bb.vc_custom_1690965560100{border-bottom-width: 1px !important;background-color: #f7f8fa !important;border-bottom-color: #cdcdcd !important;border-bottom-style: solid !important;}\u00a0\u00bb el_class=\u00a0\u00bbswap-on-mobile\u00a0\u00bb][vc_column width=\u00a0\u00bb1\/2&Prime; el_class=\u00a0\u00bbcenter-column-content-vertical mar-left\u00a0\u00bb][vc_custom_heading text=\u00a0\u00bbDisponible 24\/7&Prime; font_container=\u00a0\u00bbtag:h2|font_size:35|text_align:left|color:%23407933|line_height:42px\u00a0\u00bb use_theme_fonts=\u00a0\u00bbyes\u00a0\u00bb el_class=\u00a0\u00bbsection__title\u00a0\u00bb][vc_column_text font_size=\u00a0\u00bb22&Prime; line_height=\u00a0\u00bb36&Prime; el_class=\u00a0\u00bblimited_width\u00a0\u00bb]D\u00e8s que vous avez besoin d\u2019Ed, il est l\u00e0. Il n\u2019a pas besoin de dormir ou de travailler par roulement, il est toujours pr\u00eat \u00e0 vous aider.[\/vc_column_text][\/vc_column][vc_column width=\u00a0\u00bb1\/2&Prime;][vc_single_image image=\u00a0\u00bb60783&Prime; img_size=\u00a0\u00bbfull\u00a0\u00bb alignment=\u00a0\u00bbcenter\u00a0\u00bb css=\u00a0\u00bb.vc_custom_1685699173864{padding-top: 10% !important;padding-right: 10% !important;padding-bottom: 10% !important;padding-left: 10% !important;}\u00a0\u00bb][\/vc_column][\/vc_row][vc_row type=\u00a0\u00bbfull-width-section\u00a0\u00bb equal_height=\u00a0\u00bbyes\u00a0\u00bb css=\u00a0\u00bb.vc_custom_1690965573758{border-bottom-width: 1px !important;background-color: #ffffff !important;border-bottom-color: #cdcdcd !important;border-bottom-style: solid !important;border-radius: 1px !important;}\u00a0\u00bb][vc_column width=\u00a0\u00bb1\/2&Prime;][vc_single_image image=\u00a0\u00bb60792&Prime; img_size=\u00a0\u00bbfull\u00a0\u00bb alignment=\u00a0\u00bbcenter\u00a0\u00bb css=\u00a0\u00bb.vc_custom_1685699187273{padding-top: 10% !important;padding-right: 10% !important;padding-bottom: 10% !important;padding-left: 10% !important;}\u00a0\u00bb][\/vc_column][vc_column width=\u00a0\u00bb1\/2&Prime; el_class=\u00a0\u00bbcenter-column-content-vertical mar-right\u00a0\u00bb][vc_custom_heading text=\u00a0\u00bbR\u00e9ponses imm\u00e9diates\u00a0\u00bb font_container=\u00a0\u00bbtag:h2|font_size:35|text_align:left|color:%23407933|line_height:42px\u00a0\u00bb use_theme_fonts=\u00a0\u00bbyes\u00a0\u00bb el_class=\u00a0\u00bbsection__title\u00a0\u00bb][vc_column_text font_size=\u00a0\u00bb22&Prime; line_height=\u00a0\u00bb36&Prime; el_class=\u00a0\u00bblimited_width\u00a0\u00bb]Une interface simple rend la conversation aussi facile qu\u2019un \u00e9change avec un ami.[\/vc_column_text][\/vc_column][\/vc_row][vc_row type=\u00a0\u00bbfull-width-section\u00a0\u00bb equal_height=\u00a0\u00bbyes\u00a0\u00bb css=\u00a0\u00bb.vc_custom_1690965579976{border-bottom-width: 1px !important;background-color: #f7f8fa !important;border-bottom-color: #cdcdcd !important;border-bottom-style: solid !important;}\u00a0\u00bb el_class=\u00a0\u00bbswap-on-mobile\u00a0\u00bb][vc_column width=\u00a0\u00bb1\/2&Prime; el_class=\u00a0\u00bbcenter-column-content-vertical mar-left\u00a0\u00bb][vc_custom_heading text=\u00a0\u00bbConversations illimit\u00e9es\u00a0\u00bb font_container=\u00a0\u00bbtag:h2|font_size:35|text_align:left|color:%23407933|line_height:42px\u00a0\u00bb use_theme_fonts=\u00a0\u00bbyes\u00a0\u00bb el_class=\u00a0\u00bbsection__title\u00a0\u00bb][vc_column_text font_size=\u00a0\u00bb22&Prime; line_height=\u00a0\u00bb36&Prime; el_class=\u00a0\u00bblimited_width\u00a0\u00bb]Vous pouvez demander des conseils \u00e0 Ed autant de fois que vous le souhaitez, il n\u2019y a aucune limite de messages.[\/vc_column_text][\/vc_column][vc_column width=\u00a0\u00bb1\/2&Prime;][vc_single_image image=\u00a0\u00bb61034&Prime; img_size=\u00a0\u00bbfull\u00a0\u00bb alignment=\u00a0\u00bbcenter\u00a0\u00bb css=\u00a0\u00bb.vc_custom_1686132752628{padding-top: 10% !important;padding-right: 10% !important;padding-bottom: 10% !important;padding-left: 10% !important;}\u00a0\u00bb][\/vc_column][\/vc_row][\/vc_section][vc_row equal_height=\u00a0\u00bbyes\u00a0\u00bb el_class=\u00a0\u00bbengage__section\u00a0\u00bb el_id=\u00a0\u00bbcareers-section\u00a0\u00bb][vc_column width=\u00a0\u00bb1\/2&Prime; el_class=\u00a0\u00bbimage-pb-mobile\u00a0\u00bb][vc_single_image image=\u00a0\u00bb72354&Prime; img_size=\u00a0\u00bbfull\u00a0\u00bb alignment=\u00a0\u00bbcenter\u00a0\u00bb css=\u00a0\u00bb.vc_custom_1752586019604{padding-top: 10% !important;padding-right: 10% !important;padding-bottom: 0px !important;padding-left: 10% !important;}\u00a0\u00bb][\/vc_column][vc_column width=\u00a0\u00bb1\/2&Prime; el_class=\u00a0\u00bbcenter-column-content-vertical\u00a0\u00bb][vc_custom_heading text=\u00a0\u00bbAdoptez votre propre Ed gr\u00e2ce \u00e0 AGRIVI Engage\u00a0\u00bb font_container=\u00a0\u00bbtag:h2|text_align:left|color:%23407933&Prime; use_theme_fonts=\u00a0\u00bbyes\u00a0\u00bb el_class=\u00a0\u00bbsection__title\u00a0\u00bb][vc_column_text font_size=\u00a0\u00bb22&Prime; line_height=\u00a0\u00bb36&Prime; el_class=\u00a0\u00bblimited_width\u00a0\u00bb]Vous \u00eates une entreprise int\u00e9ress\u00e9e par Ed ? Il est disponible en solution en marque blanche. Donnez-lui votre nom avec AGRIVI Engage.[\/vc_column_text]<style type=\"text\/css\" >#b_qvqfb3or7q2c2twzn805 a{color:; background:; margin-top:0px; margin-bottom:0px;  margin-left:0px; margin-right:0px; font-weight:900; border-radius:0px;}#b_qvqfb3or7q2c2twzn805 a:hover{color: ; background: ;}<\/style><div class=\"ta_left tf_btn_pos\" id=\"b_qvqfb3or7q2c2twzn805\" ><a class=\"rd_normal_bt small_rd_bt  btn-agrivi-primary\" href=\"https:\/\/www.agrivi.com\/fr\/produits\/agrivi-engage\/\" target=\"\"   >EN SAVOIR PLUS<\/a><\/div>[\/vc_column][\/vc_row][vc_section full_width=\u00a0\u00bbstretch_row_content\u00a0\u00bb full_height=\u00a0\u00bbyes\u00a0\u00bb css=\u00a0\u00bb.vc_custom_1690967557932{padding-right: 20px !important;padding-left: 20px !important;background-image: url(https:\/\/www.agrivi.com\/wp-content\/uploads\/2023\/06\/AGRIVI-Web-Hero-Image-4.jpg?id=60753) !important;background-position: center !important;background-repeat: no-repeat !important;background-size: cover !important;}\u00a0\u00bb el_id=\u00a0\u00bbai-agronomic-advisory\u00a0\u00bb][vc_row type=\u00a0\u00bbfull-width-section\u00a0\u00bb el_class=\u00a0\u00bbcareers-5th-row\u00a0\u00bb][vc_column][vc_custom_heading text=\u00a0\u00bbConseil agronomique IA pour une gestion des cultures plus intelligente et plus efficace\u00a0\u00bb font_container=\u00a0\u00bbtag:h2|font_size:40px|text_align:center|color:%23ffffff|line_height:55px\u00a0\u00bb google_fonts=\u00a0\u00bbfont_family:Roboto%3A100%2C100italic%2C300%2C300italic%2Cregular%2Citalic%2C500%2C500italic%2C700%2C700italic%2C900%2C900italic|font_style:900%20bold%20regular%3A900%3Anormal\u00a0\u00bb css=\u00a0\u00bb.vc_custom_1684484518428{margin-bottom: 12px !important;}\u00a0\u00bb][vc_custom_heading text=\u00a0\u00bbUne question sur les semences ou la protection des cultures?\u00a0\u00bb font_container=\u00a0\u00bbtag:h2|font_size:30px|text_align:center|color:%23ffffff|line_height:38px\u00a0\u00bb google_fonts=\u00a0\u00bbfont_family:Roboto%3A100%2C100italic%2C300%2C300italic%2Cregular%2Citalic%2C500%2C500italic%2C700%2C700italic%2C900%2C900italic|font_style:300%20light%20regular%3A300%3Anormal\u00a0\u00bb el_class=\u00a0\u00bbnot_uppercase\u00a0\u00bb]<style type=\"text\/css\" >#b_6qyu15z26tz5yqpofisp a{color:#ffffff; background:#3f7631; margin-top:0px; margin-bottom:0px;  margin-left:0px; margin-right:0px; font-weight:500; border-radius:6px;}#b_6qyu15z26tz5yqpofisp a:hover{color:#ffffff ; background:#83b552 ;}<\/style><div class=\"ta_center tf_btn_pos\" id=\"b_6qyu15z26tz5yqpofisp\" ><a class=\"rd_normal_bt mediumlarge_rd_bt  btn-agrivi-tertiary\" href=\"https:\/\/www.agrivi.com\/fr\/demo\/\" target=\"yes\"   >CONTACTEZ-NOUS<\/a><\/div>[\/vc_column][\/vc_row][\/vc_section]<\/p>\n","protected":false},"excerpt":{"rendered":"<p>[vc_section full_width=\u00a0\u00bbstretch_row_content\u00a0\u00bb content_placement=\u00a0\u00bbmiddle\u00a0\u00bb el_class=\u00a0\u00bbagrivi-header desktop-only vh-50&Prime; css=\u00a0\u00bb.vc_custom_1752585979263{background: #407933 url(https:\/\/www.agrivi.com\/wp-content\/uploads\/2025\/07\/Advisor-Hero-language.jpg?id=72345) !important;background-position: center !important;background-repeat: no-repeat !important;background-size: cover !important;}\u00a0\u00bb][vc_row][vc_column][\/vc_column][\/vc_row][\/vc_section][vc_section full_width=\u00a0\u00bbstretch_row\u00a0\u00bb content_placement=\u00a0\u00bbmiddle\u00a0\u00bb el_class=\u00a0\u00bbagrivi-header mobile-only\u00a0\u00bb css=\u00a0\u00bb.vc_custom_1713366362239{margin-top: 50px !important;padding-top: 150px !important;padding-bottom: 150px !important;background: #407933 url(https:\/\/www.agrivi.com\/wp-content\/uploads\/2024\/04\/Advisor-Hero-MOBILE-New.jpg?id=66473) !important;background-position: center !important;background-repeat: no-repeat !important;background-size: cover !important;}\u00a0\u00bb][vc_row][vc_column][\/vc_column][\/vc_row][\/vc_section][vc_section full_width=\u00a0\u00bbstretch_row\u00a0\u00bb css=\u00a0\u00bb.vc_custom_1699011055212{border-bottom-width: 1px !important;background-position: center !important;background-repeat: no-repeat !important;background-size: cover !important;border-bottom-color: #cdcdcd !important;}\u00a0\u00bb][vc_row][vc_column][vc_video link=\u00a0\u00bbhttps:\/\/www.youtube.com\/watch?v=8m2HfGomZts\u00a0\u00bb align=\u00a0\u00bbcenter\u00a0\u00bb][\/vc_column][\/vc_row][\/vc_section][vc_section full_width=\u00a0\u00bbstretch_row\u00a0\u00bb el_class=\u00a0\u00bbcareers-3rd-row\u00a0\u00bb css=\u00a0\u00bb.vc_custom_1698752855966{padding-top: 0px !important;padding-bottom:<br \/><a href=\"https:\/\/www.agrivi.com\/fr\/produits\/agrivi-ed\/\" class=\"more\">Lire la suite<\/a><\/p>\n","protected":false},"author":15,"featured_media":0,"parent":23629,"menu_order":0,"comment_status":"closed","ping_status":"closed","template":"","meta":{"_acf_changed":false,"inline_featured_image":false,"footnotes":""},"class_list":["post-72340","page","type-page","status-publish","hentry"],"acf":[],"yoast_head":"<!-- This site is optimized with the Yoast SEO plugin v27.3 - https:\/\/yoast.com\/product\/yoast-seo-wordpress\/ -->\n<title>AGRIVI | Ed<\/title>\n<meta name=\"description\" content=\"D\u00e9couvrez AGRIVI Ed. Assistant de conseil agronomique bas\u00e9 sur l&#039;IA, con\u00e7u pour renforcer la cha\u00eene de valeur agricole et soutenir la num\u00e9risation de plus de 500 millions d&#039;exploitations agricoles dans le monde.\" \/>\n<meta name=\"robots\" content=\"index, follow, max-snippet:-1, max-image-preview:large, max-video-preview:-1\" \/>\n<link rel=\"canonical\" href=\"https:\/\/www.agrivi.com\/fr\/produits\/agrivi-ed\/\" \/>\n<meta property=\"og:locale\" content=\"fr_FR\" \/>\n<meta property=\"og:type\" content=\"article\" \/>\n<meta property=\"og:title\" content=\"AGRIVI | Ed\" \/>\n<meta property=\"og:description\" content=\"D\u00e9couvrez AGRIVI Ed. Assistant de conseil agronomique bas\u00e9 sur l&#039;IA, con\u00e7u pour renforcer la cha\u00eene de valeur agricole et soutenir la num\u00e9risation de plus de 500 millions d&#039;exploitations agricoles dans le monde.\" \/>\n<meta property=\"og:url\" content=\"https:\/\/www.agrivi.com\/fr\/produits\/agrivi-ed\/\" \/>\n<meta property=\"og:site_name\" content=\"AGRIVI\" \/>\n<meta property=\"article:modified_time\" content=\"2025-07-15T13:27:09+00:00\" \/>\n<meta name=\"twitter:card\" content=\"summary_large_image\" \/>\n<meta name=\"twitter:label1\" content=\"Dur\u00e9e de lecture estim\u00e9e\" \/>\n\t<meta name=\"twitter:data1\" content=\"7 minutes\" \/>\n<script type=\"application\/ld+json\" class=\"yoast-schema-graph\">{\"@context\":\"https:\\\/\\\/schema.org\",\"@graph\":[{\"@type\":\"WebPage\",\"@id\":\"https:\\\/\\\/www.agrivi.com\\\/fr\\\/produits\\\/agrivi-ed\\\/\",\"url\":\"https:\\\/\\\/www.agrivi.com\\\/fr\\\/produits\\\/agrivi-ed\\\/\",\"name\":\"AGRIVI | Ed\",\"isPartOf\":{\"@id\":\"https:\\\/\\\/www.agrivi.com\\\/fr\\\/#website\"},\"datePublished\":\"2023-05-18T16:19:03+00:00\",\"dateModified\":\"2025-07-15T13:27:09+00:00\",\"description\":\"D\u00e9couvrez AGRIVI Ed. Assistant de conseil agronomique bas\u00e9 sur l'IA, con\u00e7u pour renforcer la cha\u00eene de valeur agricole et soutenir la num\u00e9risation de plus de 500 millions d'exploitations agricoles dans le monde.\",\"breadcrumb\":{\"@id\":\"https:\\\/\\\/www.agrivi.com\\\/fr\\\/produits\\\/agrivi-ed\\\/#breadcrumb\"},\"inLanguage\":\"fr-FR\",\"potentialAction\":[{\"@type\":\"ReadAction\",\"target\":[\"https:\\\/\\\/www.agrivi.com\\\/fr\\\/produits\\\/agrivi-ed\\\/\"]}]},{\"@type\":\"BreadcrumbList\",\"@id\":\"https:\\\/\\\/www.agrivi.com\\\/fr\\\/produits\\\/agrivi-ed\\\/#breadcrumb\",\"itemListElement\":[{\"@type\":\"ListItem\",\"position\":1,\"name\":\"Home\",\"item\":\"https:\\\/\\\/www.agrivi.com\\\/fr\\\/\"},{\"@type\":\"ListItem\",\"position\":2,\"name\":\"Produits\",\"item\":\"https:\\\/\\\/www.agrivi.com\\\/fr\\\/produits\\\/\"},{\"@type\":\"ListItem\",\"position\":3,\"name\":\"AGRIVI Ed\"}]},{\"@type\":\"WebSite\",\"@id\":\"https:\\\/\\\/www.agrivi.com\\\/fr\\\/#website\",\"url\":\"https:\\\/\\\/www.agrivi.com\\\/fr\\\/\",\"name\":\"AGRIVI\",\"description\":\"Farm managment solutions\",\"publisher\":{\"@id\":\"https:\\\/\\\/www.agrivi.com\\\/fr\\\/#organization\"},\"potentialAction\":[{\"@type\":\"SearchAction\",\"target\":{\"@type\":\"EntryPoint\",\"urlTemplate\":\"https:\\\/\\\/www.agrivi.com\\\/fr\\\/?s={search_term_string}\"},\"query-input\":{\"@type\":\"PropertyValueSpecification\",\"valueRequired\":true,\"valueName\":\"search_term_string\"}}],\"inLanguage\":\"fr-FR\"},{\"@type\":\"Organization\",\"@id\":\"https:\\\/\\\/www.agrivi.com\\\/fr\\\/#organization\",\"name\":\"AGRIVI\",\"url\":\"https:\\\/\\\/www.agrivi.com\\\/fr\\\/\",\"logo\":{\"@type\":\"ImageObject\",\"inLanguage\":\"fr-FR\",\"@id\":\"https:\\\/\\\/www.agrivi.com\\\/fr\\\/#\\\/schema\\\/logo\\\/image\\\/\",\"url\":\"https:\\\/\\\/www.agrivi.com\\\/wp-content\\\/uploads\\\/2021\\\/02\\\/Agrivi-svg.svg\",\"contentUrl\":\"https:\\\/\\\/www.agrivi.com\\\/wp-content\\\/uploads\\\/2021\\\/02\\\/Agrivi-svg.svg\",\"width\":1,\"height\":1,\"caption\":\"AGRIVI\"},\"image\":{\"@id\":\"https:\\\/\\\/www.agrivi.com\\\/fr\\\/#\\\/schema\\\/logo\\\/image\\\/\"}}]}<\/script>\n<!-- \/ Yoast SEO plugin. -->","yoast_head_json":{"title":"AGRIVI | Ed","description":"D\u00e9couvrez AGRIVI Ed. Assistant de conseil agronomique bas\u00e9 sur l'IA, con\u00e7u pour renforcer la cha\u00eene de valeur agricole et soutenir la num\u00e9risation de plus de 500 millions d'exploitations agricoles dans le monde.","robots":{"index":"index","follow":"follow","max-snippet":"max-snippet:-1","max-image-preview":"max-image-preview:large","max-video-preview":"max-video-preview:-1"},"canonical":"https:\/\/www.agrivi.com\/fr\/produits\/agrivi-ed\/","og_locale":"fr_FR","og_type":"article","og_title":"AGRIVI | Ed","og_description":"D\u00e9couvrez AGRIVI Ed. Assistant de conseil agronomique bas\u00e9 sur l'IA, con\u00e7u pour renforcer la cha\u00eene de valeur agricole et soutenir la num\u00e9risation de plus de 500 millions d'exploitations agricoles dans le monde.","og_url":"https:\/\/www.agrivi.com\/fr\/produits\/agrivi-ed\/","og_site_name":"AGRIVI","article_modified_time":"2025-07-15T13:27:09+00:00","twitter_card":"summary_large_image","twitter_misc":{"Dur\u00e9e de lecture estim\u00e9e":"7 minutes"},"schema":{"@context":"https:\/\/schema.org","@graph":[{"@type":"WebPage","@id":"https:\/\/www.agrivi.com\/fr\/produits\/agrivi-ed\/","url":"https:\/\/www.agrivi.com\/fr\/produits\/agrivi-ed\/","name":"AGRIVI | Ed","isPartOf":{"@id":"https:\/\/www.agrivi.com\/fr\/#website"},"datePublished":"2023-05-18T16:19:03+00:00","dateModified":"2025-07-15T13:27:09+00:00","description":"D\u00e9couvrez AGRIVI Ed. Assistant de conseil agronomique bas\u00e9 sur l'IA, con\u00e7u pour renforcer la cha\u00eene de valeur agricole et soutenir la num\u00e9risation de plus de 500 millions d'exploitations agricoles dans le monde.","breadcrumb":{"@id":"https:\/\/www.agrivi.com\/fr\/produits\/agrivi-ed\/#breadcrumb"},"inLanguage":"fr-FR","potentialAction":[{"@type":"ReadAction","target":["https:\/\/www.agrivi.com\/fr\/produits\/agrivi-ed\/"]}]},{"@type":"BreadcrumbList","@id":"https:\/\/www.agrivi.com\/fr\/produits\/agrivi-ed\/#breadcrumb","itemListElement":[{"@type":"ListItem","position":1,"name":"Home","item":"https:\/\/www.agrivi.com\/fr\/"},{"@type":"ListItem","position":2,"name":"Produits","item":"https:\/\/www.agrivi.com\/fr\/produits\/"},{"@type":"ListItem","position":3,"name":"AGRIVI Ed"}]},{"@type":"WebSite","@id":"https:\/\/www.agrivi.com\/fr\/#website","url":"https:\/\/www.agrivi.com\/fr\/","name":"AGRIVI","description":"Farm managment solutions","publisher":{"@id":"https:\/\/www.agrivi.com\/fr\/#organization"},"potentialAction":[{"@type":"SearchAction","target":{"@type":"EntryPoint","urlTemplate":"https:\/\/www.agrivi.com\/fr\/?s={search_term_string}"},"query-input":{"@type":"PropertyValueSpecification","valueRequired":true,"valueName":"search_term_string"}}],"inLanguage":"fr-FR"},{"@type":"Organization","@id":"https:\/\/www.agrivi.com\/fr\/#organization","name":"AGRIVI","url":"https:\/\/www.agrivi.com\/fr\/","logo":{"@type":"ImageObject","inLanguage":"fr-FR","@id":"https:\/\/www.agrivi.com\/fr\/#\/schema\/logo\/image\/","url":"https:\/\/www.agrivi.com\/wp-content\/uploads\/2021\/02\/Agrivi-svg.svg","contentUrl":"https:\/\/www.agrivi.com\/wp-content\/uploads\/2021\/02\/Agrivi-svg.svg","width":1,"height":1,"caption":"AGRIVI"},"image":{"@id":"https:\/\/www.agrivi.com\/fr\/#\/schema\/logo\/image\/"}}]}},"_links":{"self":[{"href":"https:\/\/www.agrivi.com\/fr\/wp-json\/wp\/v2\/pages\/72340","targetHints":{"allow":["GET"]}}],"collection":[{"href":"https:\/\/www.agrivi.com\/fr\/wp-json\/wp\/v2\/pages"}],"about":[{"href":"https:\/\/www.agrivi.com\/fr\/wp-json\/wp\/v2\/types\/page"}],"author":[{"embeddable":true,"href":"https:\/\/www.agrivi.com\/fr\/wp-json\/wp\/v2\/users\/15"}],"replies":[{"embeddable":true,"href":"https:\/\/www.agrivi.com\/fr\/wp-json\/wp\/v2\/comments?post=72340"}],"version-history":[{"count":5,"href":"https:\/\/www.agrivi.com\/fr\/wp-json\/wp\/v2\/pages\/72340\/revisions"}],"predecessor-version":[{"id":72363,"href":"https:\/\/www.agrivi.com\/fr\/wp-json\/wp\/v2\/pages\/72340\/revisions\/72363"}],"up":[{"embeddable":true,"href":"https:\/\/www.agrivi.com\/fr\/wp-json\/wp\/v2\/pages\/23629"}],"wp:attachment":[{"href":"https:\/\/www.agrivi.com\/fr\/wp-json\/wp\/v2\/media?parent=72340"}],"curies":[{"name":"wp","href":"https:\/\/api.w.org\/{rel}","templated":true}]}}