
{"id":66669,"date":"2023-05-18T18:19:03","date_gmt":"2023-05-18T16:19:03","guid":{"rendered":"https:\/\/www.agrivi.com\/proizvodi\/agrivi-ed\/"},"modified":"2024-08-28T13:47:24","modified_gmt":"2024-08-28T11:47:24","slug":"ai-ed","status":"publish","type":"page","link":"https:\/\/www.agrivi.com\/hr\/proizvodi\/ai-ed\/","title":{"rendered":"AGRIVI Ed"},"content":{"rendered":"<p>[vc_section full_width=&#8221;stretch_row_content&#8221; content_placement=&#8221;middle&#8221; el_class=&#8221;agrivi-header desktop-only vh-50&#8243; css=&#8221;.vc_custom_1713875837881{background: #407933 url(https:\/\/www.agrivi.com\/wp-content\/uploads\/2024\/04\/Ed-Advisor-Hero-Other-Languages-1.jpg?id=66728) !important;background-position: center !important;background-repeat: no-repeat !important;background-size: cover !important;}&#8221;][vc_row][vc_column][\/vc_column][\/vc_row][\/vc_section][vc_section full_width=&#8221;stretch_row&#8221; content_placement=&#8221;middle&#8221; el_class=&#8221;agrivi-header mobile-only&#8221; css=&#8221;.vc_custom_1713875853287{margin-top: 50px !important;padding-top: 150px !important;padding-bottom: 150px !important;background: #407933 url(https:\/\/www.agrivi.com\/wp-content\/uploads\/2024\/04\/Advisor-Hero-MOBILE-Other-Languages.jpg?id=66719) !important;background-position: center !important;background-repeat: no-repeat !important;background-size: cover !important;}&#8221;][vc_row][vc_column][\/vc_column][\/vc_row][\/vc_section][vc_section full_width=&#8221;stretch_row&#8221; css=&#8221;.vc_custom_1699011055212{border-bottom-width: 1px !important;background-position: center !important;background-repeat: no-repeat !important;background-size: cover !important;border-bottom-color: #cdcdcd !important;}&#8221;][vc_row][vc_column][vc_video link=&#8221;https:\/\/www.youtube.com\/watch?v=8m2HfGomZts&#8221; align=&#8221;center&#8221;][\/vc_column][\/vc_row][\/vc_section][vc_section full_width=&#8221;stretch_row&#8221; el_class=&#8221;careers-3rd-row&#8221; css=&#8221;.vc_custom_1698752855966{padding-top: 0px !important;padding-bottom: 0px !important;}&#8221; el_id=&#8221;careers-section&#8221;][vc_row type=&#8221;full-width-section&#8221; content_placement=&#8221;middle&#8221; css=&#8221;.vc_custom_1698753068415{padding-top: 50px !important;background-color: #ffffff !important;}&#8221;][vc_column][vc_custom_heading text=&#8221;Upoznajte AGRIVI Ed-a, va\u0161eg AI agronomskog savjetnika&#8221; font_container=&#8221;tag:h2|text_align:center&#8221; use_theme_fonts=&#8221;yes&#8221;][\/vc_column][\/vc_row][vc_row type=&#8221;full-width-section&#8221; equal_height=&#8221;yes&#8221; css=&#8221;.vc_custom_1698753063886{border-bottom-width: 1px !important;background-color: #ffffff !important;border-bottom-color: #cdcdcd !important;border-bottom-style: solid !important;}&#8221; el_class=&#8221;swap-on-mobile&#8221;][vc_column width=&#8221;1\/2&#8243; el_class=&#8221;center-column-content-vertical mar-left&#8221;][vc_custom_heading text=&#8221;LOKALIZIRANOST&#8221; font_container=&#8221;tag:h2|font_size:35|text_align:left|color:%23407933|line_height:42px&#8221; use_theme_fonts=&#8221;yes&#8221; el_class=&#8221;section__title&#8221;][vc_column_text font_size=&#8221;22&#8243; line_height=&#8221;36&#8243; el_class=&#8221;limited_width&#8221;]Ed podr\u017eava razgovore na vi\u0161e od 50 jezika. Odaberite jezik koji vam najvi\u0161e odgovara.[\/vc_column_text][\/vc_column][vc_column width=&#8221;1\/2&#8243; el_class=&#8221;vc_col-sm-pull-6&#8243;][vc_single_image image=&#8221;60818&#8243; img_size=&#8221;full&#8221; alignment=&#8221;center&#8221; css=&#8221;.vc_custom_1685699107085{padding-top: 10% !important;padding-right: 10% !important;padding-bottom: 10% !important;padding-left: 10% !important;}&#8221;][\/vc_column][\/vc_row][vc_row type=&#8221;full-width-section&#8221; equal_height=&#8221;yes&#8221; css=&#8221;.vc_custom_1698753036150{border-bottom-width: 1px !important;background-color: #f7f8fa !important;border-bottom-color: #cdcdcd !important;border-bottom-style: solid !important;}&#8221;][vc_column width=&#8221;1\/2&#8243;][vc_single_image image=&#8221;66411&#8243; img_size=&#8221;full&#8221; alignment=&#8221;center&#8221; css=&#8221;.vc_custom_1713259548884{padding-top: 10% !important;padding-right: 10% !important;padding-bottom: 10% !important;padding-left: 10% !important;}&#8221;][\/vc_column][vc_column width=&#8221;1\/2&#8243; el_class=&#8221;center-column-content-vertical mar-right&#8221;][vc_custom_heading text=&#8221;SU\u010cELJE JEDNOSTAVNO ZA KORI\u0160TENJE&#8221; font_container=&#8221;tag:h2|font_size:35|text_align:left|color:%23407933|line_height:42px&#8221; use_theme_fonts=&#8221;yes&#8221; el_class=&#8221;section__title&#8221;][vc_column_text font_size=&#8221;22&#8243; line_height=&#8221;36&#8243; el_class=&#8221;limited_width&#8221;]Ed je dostupan kao WhatsApp i Viber AI savjenik, \u0161to ga \u010dini jednostavnim za kori\u0161tenje.[\/vc_column_text][\/vc_column][\/vc_row][vc_row type=&#8221;full-width-section&#8221; equal_height=&#8221;yes&#8221; css=&#8221;.vc_custom_1690965551218{border-bottom-width: 1px !important;background-color: #ffffff !important;border-bottom-color: #cdcdcd !important;border-bottom-style: solid !important;border-radius: 1px !important;}&#8221;][vc_column width=&#8221;1\/2&#8243;][vc_single_image image=&#8221;61062&#8243; img_size=&#8221;full&#8221; alignment=&#8221;center&#8221; css=&#8221;.vc_custom_1686563265424{padding-top: 10% !important;padding-right: 10% !important;padding-bottom: 10% !important;padding-left: 10% !important;}&#8221;][\/vc_column][vc_column width=&#8221;1\/2&#8243; el_class=&#8221;center-column-content-vertical mar-right&#8221;][vc_custom_heading text=&#8221;BOGATO ZNANJE&#8221; font_container=&#8221;tag:h2|font_size:35|text_align:left|color:%23407933|line_height:42px&#8221; use_theme_fonts=&#8221;yes&#8221; css=&#8221;.vc_custom_1686046317394{padding-top: 0px !important;padding-right: 0px !important;padding-bottom: 0px !important;padding-left: 0px !important;}&#8221; el_class=&#8221;section__title limited_width&#8221;][vc_column_text font_size=&#8221;22&#8243; line_height=&#8221;36&#8243; el_class=&#8221;limited_width&#8221; css=&#8221;.vc_custom_1713795493498{padding-top: 0px !important;padding-right: 0px !important;padding-bottom: 0px !important;padding-left: 0px !important;}&#8221;]Ed pru\u017ea kvalitetne i pravovremene informacije i agronomske savjete. Postavite bilo koje pitanje u vezi poljoprivrede, Ed zna odgovor.[\/vc_column_text][\/vc_column][\/vc_row][vc_row type=&#8221;full-width-section&#8221; equal_height=&#8221;yes&#8221; css=&#8221;.vc_custom_1690965560100{border-bottom-width: 1px !important;background-color: #f7f8fa !important;border-bottom-color: #cdcdcd !important;border-bottom-style: solid !important;}&#8221; el_class=&#8221;swap-on-mobile&#8221;][vc_column width=&#8221;1\/2&#8243; el_class=&#8221;center-column-content-vertical mar-left&#8221;][vc_custom_heading text=&#8221;STALNO DOSTUPAN&#8221; font_container=&#8221;tag:h2|font_size:35|text_align:left|color:%23407933|line_height:42px&#8221; use_theme_fonts=&#8221;yes&#8221; el_class=&#8221;section__title&#8221;][vc_column_text font_size=&#8221;22&#8243; line_height=&#8221;36&#8243; el_class=&#8221;limited_width&#8221;]Kada god zatrebate Ed-a on je tu. Ed ne spava niti ima radno vrijeme, on je ovdje da vas podr\u017ei savjetima kada vam god treba.[\/vc_column_text][\/vc_column][vc_column width=&#8221;1\/2&#8243;][vc_single_image image=&#8221;60782&#8243; img_size=&#8221;full&#8221; alignment=&#8221;center&#8221; css=&#8221;.vc_custom_1685699173864{padding-top: 10% !important;padding-right: 10% !important;padding-bottom: 10% !important;padding-left: 10% !important;}&#8221;][\/vc_column][\/vc_row][vc_row type=&#8221;full-width-section&#8221; equal_height=&#8221;yes&#8221; css=&#8221;.vc_custom_1690965573758{border-bottom-width: 1px !important;background-color: #ffffff !important;border-bottom-color: #cdcdcd !important;border-bottom-style: solid !important;border-radius: 1px !important;}&#8221;][vc_column width=&#8221;1\/2&#8243;][vc_single_image image=&#8221;60791&#8243; img_size=&#8221;full&#8221; alignment=&#8221;center&#8221; css=&#8221;.vc_custom_1685699187273{padding-top: 10% !important;padding-right: 10% !important;padding-bottom: 10% !important;padding-left: 10% !important;}&#8221;][\/vc_column][vc_column width=&#8221;1\/2&#8243; el_class=&#8221;center-column-content-vertical mar-right&#8221;][vc_custom_heading text=&#8221;TRENUTNI ODGOVORI&#8221; font_container=&#8221;tag:h2|font_size:35|text_align:left|color:%23407933|line_height:42px&#8221; use_theme_fonts=&#8221;yes&#8221; el_class=&#8221;section__title&#8221;][vc_column_text font_size=&#8221;22&#8243; line_height=&#8221;36&#8243; el_class=&#8221;limited_width&#8221;]Jednostavno su\u010delje \u010dini razgovor s Ed-om jednostavnim, kao kada se dopisujete s va\u0161im prijateljima. Postavite pitanje i Ed vam odmah odgovara.[\/vc_column_text][\/vc_column][\/vc_row][vc_row type=&#8221;full-width-section&#8221; equal_height=&#8221;yes&#8221; css=&#8221;.vc_custom_1690965579976{border-bottom-width: 1px !important;background-color: #f7f8fa !important;border-bottom-color: #cdcdcd !important;border-bottom-style: solid !important;}&#8221; el_class=&#8221;swap-on-mobile&#8221;][vc_column width=&#8221;1\/2&#8243; el_class=&#8221;center-column-content-vertical mar-left&#8221;][vc_custom_heading text=&#8221;NEOGRANI\u010cENI RAZGOVORI&#8221; font_container=&#8221;tag:h2|font_size:35|text_align:left|color:%23407933|line_height:42px&#8221; use_theme_fonts=&#8221;yes&#8221; el_class=&#8221;section__title&#8221;][vc_column_text font_size=&#8221;22&#8243; line_height=&#8221;36&#8243; el_class=&#8221;limited_width&#8221;]Mo\u017eete razgovarati s Ed-om koliko god \u017eelite, jer ne postoji ograni\u010denje na broj poruka.[\/vc_column_text][\/vc_column][vc_column width=&#8221;1\/2&#8243;][vc_single_image image=&#8221;61033&#8243; img_size=&#8221;full&#8221; alignment=&#8221;center&#8221; css=&#8221;.vc_custom_1686132752628{padding-top: 10% !important;padding-right: 10% !important;padding-bottom: 10% !important;padding-left: 10% !important;}&#8221;][\/vc_column][\/vc_row][\/vc_section][vc_row equal_height=&#8221;yes&#8221; el_class=&#8221;engage__section&#8221; el_id=&#8221;careers-section&#8221;][vc_column width=&#8221;1\/2&#8243;][vc_single_image image=&#8221;60800&#8243; img_size=&#8221;full&#8221; alignment=&#8221;center&#8221; css=&#8221;.vc_custom_1685706900003{padding-top: 10% !important;padding-right: 10% !important;padding-bottom: 0px !important;padding-left: 10% !important;}&#8221;][\/vc_column][vc_column width=&#8221;1\/2&#8243; el_class=&#8221;center-column-content-vertical&#8221;][vc_custom_heading text=&#8221;KREIRAJTE SVOG ED-A PUTEM AGRIVI ENGAGE PLATFORME&#8221; font_container=&#8221;tag:h2|text_align:left|color:%23407933&#8243; use_theme_fonts=&#8221;yes&#8221; el_class=&#8221;section__title&#8221;][vc_column_text font_size=&#8221;22&#8243; line_height=&#8221;36&#8243; el_class=&#8221;limited_width&#8221;]Jeste li kompanija zainteresirana za Ed-a? Ed je dostupan kao personalizirano rje\u0161enje pod va\u0161im brendom. Dajte Ed-u svoje ime putem AGRIVI Engage platforme.[\/vc_column_text]<style type=\"text\/css\" >#b_0few5w8fuzumhezgw75w a{color:; background:; margin-top:0px; margin-bottom:0px;  margin-left:0px; margin-right:0px; font-weight:900; border-radius:0px;}#b_0few5w8fuzumhezgw75w a:hover{color: ; background: ;}<\/style><div class=\"ta_left tf_btn_pos\" id=\"b_0few5w8fuzumhezgw75w\" ><a class=\"rd_normal_bt small_rd_bt  btn-agrivi-primary\" href=\"https:\/\/www.agrivi.com\/products\/engage\/\" target=\"yes\"   >SAZNAJTE VI\u0160E<\/a><\/div>[\/vc_column][\/vc_row][vc_section full_width=&#8221;stretch_row_content&#8221; full_height=&#8221;yes&#8221; css=&#8221;.vc_custom_1690967557932{padding-right: 20px !important;padding-left: 20px !important;background-image: url(https:\/\/www.agrivi.com\/wp-content\/uploads\/2023\/06\/AGRIVI-Web-Hero-Image-4.jpg?id=60753) !important;background-position: center !important;background-repeat: no-repeat !important;background-size: cover !important;}&#8221; el_id=&#8221;ai-agronomic-advisory&#8221;][vc_row type=&#8221;full-width-section&#8221; el_class=&#8221;careers-5th-row&#8221;][vc_column][vc_custom_heading text=&#8221;AI AGRONOMSKI SAVJETNIK KOJI UPRAVLJANJE USJEVIMA \u010cINI PAMETNIJIM I U\u010cINKOVITIJIM&#8221; font_container=&#8221;tag:h2|font_size:40px|text_align:center|color:%23ffffff|line_height:55px&#8221; google_fonts=&#8221;font_family:Roboto%3A100%2C100italic%2C300%2C300italic%2Cregular%2Citalic%2C500%2C500italic%2C700%2C700italic%2C900%2C900italic|font_style:900%20bold%20regular%3A900%3Anormal&#8221; css=&#8221;.vc_custom_1684484518428{margin-bottom: 12px !important;}&#8221;][vc_custom_heading text=&#8221;Imate pitanje o sjemenu ili za\u0161titi usjeva?&#8221; font_container=&#8221;tag:h2|font_size:30px|text_align:center|color:%23ffffff|line_height:38px&#8221; google_fonts=&#8221;font_family:Roboto%3A100%2C100italic%2C300%2C300italic%2Cregular%2Citalic%2C500%2C500italic%2C700%2C700italic%2C900%2C900italic|font_style:300%20light%20regular%3A300%3Anormal&#8221; el_class=&#8221;not_uppercase&#8221;]<style type=\"text\/css\" >#b_vct13ljg6by5yt435nt3 a{color:#ffffff; background:#3f7631; margin-top:0px; margin-bottom:0px;  margin-left:0px; margin-right:0px; font-weight:500; border-radius:6px;}#b_vct13ljg6by5yt435nt3 a:hover{color:#ffffff ; background:#83b552 ;}<\/style><div class=\"ta_center tf_btn_pos\" id=\"b_vct13ljg6by5yt435nt3\" ><a class=\"rd_normal_bt mediumlarge_rd_bt  btn-agrivi-tertiary\" href=\"https:\/\/www.agrivi.com\/demo\/engage\/\" target=\"yes\"   >KONTAKTIRAJTE NAS<\/a><\/div>[\/vc_column][\/vc_row][\/vc_section]<\/p>\n","protected":false},"excerpt":{"rendered":"<p>[vc_section full_width=&#8221;stretch_row_content&#8221; content_placement=&#8221;middle&#8221; el_class=&#8221;agrivi-header desktop-only vh-50&#8243; css=&#8221;.vc_custom_1713875837881{background: #407933 url(https:\/\/www.agrivi.com\/wp-content\/uploads\/2024\/04\/Ed-Advisor-Hero-Other-Languages-1.jpg?id=66728) !important;background-position: center !important;background-repeat: no-repeat !important;background-size: cover !important;}&#8221;][vc_row][vc_column][\/vc_column][\/vc_row][\/vc_section][vc_section full_width=&#8221;stretch_row&#8221; content_placement=&#8221;middle&#8221; el_class=&#8221;agrivi-header mobile-only&#8221; css=&#8221;.vc_custom_1713875853287{margin-top: 50px !important;padding-top: 150px !important;padding-bottom: 150px !important;background: #407933 url(https:\/\/www.agrivi.com\/wp-content\/uploads\/2024\/04\/Advisor-Hero-MOBILE-Other-Languages.jpg?id=66719) !important;background-position: center !important;background-repeat: no-repeat !important;background-size: cover !important;}&#8221;][vc_row][vc_column][\/vc_column][\/vc_row][\/vc_section][vc_section full_width=&#8221;stretch_row&#8221; css=&#8221;.vc_custom_1699011055212{border-bottom-width: 1px !important;background-position: center !important;background-repeat: no-repeat !important;background-size: cover !important;border-bottom-color: #cdcdcd !important;}&#8221;][vc_row][vc_column][vc_video link=&#8221;https:\/\/www.youtube.com\/watch?v=8m2HfGomZts&#8221; align=&#8221;center&#8221;][\/vc_column][\/vc_row][\/vc_section][vc_section full_width=&#8221;stretch_row&#8221; el_class=&#8221;careers-3rd-row&#8221; css=&#8221;.vc_custom_1698752855966{padding-top: 0px !important;padding-bottom:<br \/><a href=\"https:\/\/www.agrivi.com\/hr\/proizvodi\/ai-ed\/\" class=\"more\">PRO\u010cITAJTE VI\u0160E<\/a><\/p>\n","protected":false},"author":15,"featured_media":68246,"parent":21295,"menu_order":0,"comment_status":"closed","ping_status":"closed","template":"","meta":{"_acf_changed":false,"inline_featured_image":false,"footnotes":""},"class_list":["post-66669","page","type-page","status-publish","has-post-thumbnail","hentry"],"acf":[],"yoast_head":"<!-- This site is optimized with the Yoast SEO plugin v27.4 - https:\/\/yoast.com\/product\/yoast-seo-wordpress\/ -->\n<title>AGRIVI AI Ed<\/title>\n<meta name=\"description\" content=\"Upoznajte AI agronomskog savjetnika koji pru\u017ea pru\u017ea kvalitetne i pravovremene informacije i agronomske savjete.\" \/>\n<meta name=\"robots\" content=\"index, follow, max-snippet:-1, max-image-preview:large, max-video-preview:-1\" \/>\n<link rel=\"canonical\" href=\"https:\/\/www.agrivi.com\/hr\/proizvodi\/ai-ed\/\" \/>\n<meta property=\"og:locale\" content=\"hr_HR\" \/>\n<meta property=\"og:type\" content=\"article\" \/>\n<meta property=\"og:title\" content=\"AGRIVI AI Ed\" \/>\n<meta property=\"og:description\" content=\"Upoznajte AI agronomskog savjetnika koji pru\u017ea pru\u017ea kvalitetne i pravovremene informacije i agronomske savjete.\" \/>\n<meta property=\"og:url\" content=\"https:\/\/www.agrivi.com\/hr\/proizvodi\/ai-ed\/\" \/>\n<meta property=\"og:site_name\" content=\"AGRIVI\" \/>\n<meta property=\"article:modified_time\" content=\"2024-08-28T11:47:24+00:00\" \/>\n<meta property=\"og:image\" content=\"https:\/\/www.agrivi.com\/wp-content\/uploads\/2024\/08\/AGRIVI-ED.jpg\" \/>\n\t<meta property=\"og:image:width\" content=\"900\" \/>\n\t<meta property=\"og:image:height\" content=\"900\" \/>\n\t<meta property=\"og:image:type\" content=\"image\/jpeg\" \/>\n<meta name=\"twitter:card\" content=\"summary_large_image\" \/>\n<meta name=\"twitter:label1\" content=\"Procijenjeno vrijeme \u010ditanja\" \/>\n\t<meta name=\"twitter:data1\" content=\"7 minuta\" \/>\n<script type=\"application\/ld+json\" class=\"yoast-schema-graph\">{\"@context\":\"https:\\\/\\\/schema.org\",\"@graph\":[{\"@type\":\"WebPage\",\"@id\":\"https:\\\/\\\/www.agrivi.com\\\/hr\\\/proizvodi\\\/ai-ed\\\/\",\"url\":\"https:\\\/\\\/www.agrivi.com\\\/hr\\\/proizvodi\\\/ai-ed\\\/\",\"name\":\"AGRIVI AI Ed\",\"isPartOf\":{\"@id\":\"https:\\\/\\\/www.agrivi.com\\\/hr\\\/#website\"},\"primaryImageOfPage\":{\"@id\":\"https:\\\/\\\/www.agrivi.com\\\/hr\\\/proizvodi\\\/ai-ed\\\/#primaryimage\"},\"image\":{\"@id\":\"https:\\\/\\\/www.agrivi.com\\\/hr\\\/proizvodi\\\/ai-ed\\\/#primaryimage\"},\"thumbnailUrl\":\"https:\\\/\\\/www.agrivi.com\\\/wp-content\\\/uploads\\\/2024\\\/08\\\/AGRIVI-ED.jpg\",\"datePublished\":\"2023-05-18T16:19:03+00:00\",\"dateModified\":\"2024-08-28T11:47:24+00:00\",\"description\":\"Upoznajte AI agronomskog savjetnika koji pru\u017ea pru\u017ea kvalitetne i pravovremene informacije i agronomske savjete.\",\"breadcrumb\":{\"@id\":\"https:\\\/\\\/www.agrivi.com\\\/hr\\\/proizvodi\\\/ai-ed\\\/#breadcrumb\"},\"inLanguage\":\"hr\",\"potentialAction\":[{\"@type\":\"ReadAction\",\"target\":[\"https:\\\/\\\/www.agrivi.com\\\/hr\\\/proizvodi\\\/ai-ed\\\/\"]}]},{\"@type\":\"ImageObject\",\"inLanguage\":\"hr\",\"@id\":\"https:\\\/\\\/www.agrivi.com\\\/hr\\\/proizvodi\\\/ai-ed\\\/#primaryimage\",\"url\":\"https:\\\/\\\/www.agrivi.com\\\/wp-content\\\/uploads\\\/2024\\\/08\\\/AGRIVI-ED.jpg\",\"contentUrl\":\"https:\\\/\\\/www.agrivi.com\\\/wp-content\\\/uploads\\\/2024\\\/08\\\/AGRIVI-ED.jpg\",\"width\":900,\"height\":900,\"caption\":\"AGRIVI AI-ED\"},{\"@type\":\"BreadcrumbList\",\"@id\":\"https:\\\/\\\/www.agrivi.com\\\/hr\\\/proizvodi\\\/ai-ed\\\/#breadcrumb\",\"itemListElement\":[{\"@type\":\"ListItem\",\"position\":1,\"name\":\"Home\",\"item\":\"https:\\\/\\\/www.agrivi.com\\\/hr\\\/\"},{\"@type\":\"ListItem\",\"position\":2,\"name\":\"Proizvodi\",\"item\":\"https:\\\/\\\/www.agrivi.com\\\/hr\\\/proizvodi\\\/\"},{\"@type\":\"ListItem\",\"position\":3,\"name\":\"AGRIVI Ed\"}]},{\"@type\":\"WebSite\",\"@id\":\"https:\\\/\\\/www.agrivi.com\\\/hr\\\/#website\",\"url\":\"https:\\\/\\\/www.agrivi.com\\\/hr\\\/\",\"name\":\"AGRIVI\",\"description\":\"Farm managment solutions\",\"publisher\":{\"@id\":\"https:\\\/\\\/www.agrivi.com\\\/hr\\\/#organization\"},\"potentialAction\":[{\"@type\":\"SearchAction\",\"target\":{\"@type\":\"EntryPoint\",\"urlTemplate\":\"https:\\\/\\\/www.agrivi.com\\\/hr\\\/?s={search_term_string}\"},\"query-input\":{\"@type\":\"PropertyValueSpecification\",\"valueRequired\":true,\"valueName\":\"search_term_string\"}}],\"inLanguage\":\"hr\"},{\"@type\":\"Organization\",\"@id\":\"https:\\\/\\\/www.agrivi.com\\\/hr\\\/#organization\",\"name\":\"AGRIVI\",\"url\":\"https:\\\/\\\/www.agrivi.com\\\/hr\\\/\",\"logo\":{\"@type\":\"ImageObject\",\"inLanguage\":\"hr\",\"@id\":\"https:\\\/\\\/www.agrivi.com\\\/hr\\\/#\\\/schema\\\/logo\\\/image\\\/\",\"url\":\"https:\\\/\\\/www.agrivi.com\\\/wp-content\\\/uploads\\\/2021\\\/02\\\/Agrivi-svg.svg\",\"contentUrl\":\"https:\\\/\\\/www.agrivi.com\\\/wp-content\\\/uploads\\\/2021\\\/02\\\/Agrivi-svg.svg\",\"width\":1,\"height\":1,\"caption\":\"AGRIVI\"},\"image\":{\"@id\":\"https:\\\/\\\/www.agrivi.com\\\/hr\\\/#\\\/schema\\\/logo\\\/image\\\/\"}}]}<\/script>\n<!-- \/ Yoast SEO plugin. -->","yoast_head_json":{"title":"AGRIVI AI Ed","description":"Upoznajte AI agronomskog savjetnika koji pru\u017ea pru\u017ea kvalitetne i pravovremene informacije i agronomske savjete.","robots":{"index":"index","follow":"follow","max-snippet":"max-snippet:-1","max-image-preview":"max-image-preview:large","max-video-preview":"max-video-preview:-1"},"canonical":"https:\/\/www.agrivi.com\/hr\/proizvodi\/ai-ed\/","og_locale":"hr_HR","og_type":"article","og_title":"AGRIVI AI Ed","og_description":"Upoznajte AI agronomskog savjetnika koji pru\u017ea pru\u017ea kvalitetne i pravovremene informacije i agronomske savjete.","og_url":"https:\/\/www.agrivi.com\/hr\/proizvodi\/ai-ed\/","og_site_name":"AGRIVI","article_modified_time":"2024-08-28T11:47:24+00:00","og_image":[{"width":900,"height":900,"url":"https:\/\/www.agrivi.com\/wp-content\/uploads\/2024\/08\/AGRIVI-ED.jpg","type":"image\/jpeg"}],"twitter_card":"summary_large_image","twitter_misc":{"Procijenjeno vrijeme \u010ditanja":"7 minuta"},"schema":{"@context":"https:\/\/schema.org","@graph":[{"@type":"WebPage","@id":"https:\/\/www.agrivi.com\/hr\/proizvodi\/ai-ed\/","url":"https:\/\/www.agrivi.com\/hr\/proizvodi\/ai-ed\/","name":"AGRIVI AI Ed","isPartOf":{"@id":"https:\/\/www.agrivi.com\/hr\/#website"},"primaryImageOfPage":{"@id":"https:\/\/www.agrivi.com\/hr\/proizvodi\/ai-ed\/#primaryimage"},"image":{"@id":"https:\/\/www.agrivi.com\/hr\/proizvodi\/ai-ed\/#primaryimage"},"thumbnailUrl":"https:\/\/www.agrivi.com\/wp-content\/uploads\/2024\/08\/AGRIVI-ED.jpg","datePublished":"2023-05-18T16:19:03+00:00","dateModified":"2024-08-28T11:47:24+00:00","description":"Upoznajte AI agronomskog savjetnika koji pru\u017ea pru\u017ea kvalitetne i pravovremene informacije i agronomske savjete.","breadcrumb":{"@id":"https:\/\/www.agrivi.com\/hr\/proizvodi\/ai-ed\/#breadcrumb"},"inLanguage":"hr","potentialAction":[{"@type":"ReadAction","target":["https:\/\/www.agrivi.com\/hr\/proizvodi\/ai-ed\/"]}]},{"@type":"ImageObject","inLanguage":"hr","@id":"https:\/\/www.agrivi.com\/hr\/proizvodi\/ai-ed\/#primaryimage","url":"https:\/\/www.agrivi.com\/wp-content\/uploads\/2024\/08\/AGRIVI-ED.jpg","contentUrl":"https:\/\/www.agrivi.com\/wp-content\/uploads\/2024\/08\/AGRIVI-ED.jpg","width":900,"height":900,"caption":"AGRIVI AI-ED"},{"@type":"BreadcrumbList","@id":"https:\/\/www.agrivi.com\/hr\/proizvodi\/ai-ed\/#breadcrumb","itemListElement":[{"@type":"ListItem","position":1,"name":"Home","item":"https:\/\/www.agrivi.com\/hr\/"},{"@type":"ListItem","position":2,"name":"Proizvodi","item":"https:\/\/www.agrivi.com\/hr\/proizvodi\/"},{"@type":"ListItem","position":3,"name":"AGRIVI Ed"}]},{"@type":"WebSite","@id":"https:\/\/www.agrivi.com\/hr\/#website","url":"https:\/\/www.agrivi.com\/hr\/","name":"AGRIVI","description":"Farm managment solutions","publisher":{"@id":"https:\/\/www.agrivi.com\/hr\/#organization"},"potentialAction":[{"@type":"SearchAction","target":{"@type":"EntryPoint","urlTemplate":"https:\/\/www.agrivi.com\/hr\/?s={search_term_string}"},"query-input":{"@type":"PropertyValueSpecification","valueRequired":true,"valueName":"search_term_string"}}],"inLanguage":"hr"},{"@type":"Organization","@id":"https:\/\/www.agrivi.com\/hr\/#organization","name":"AGRIVI","url":"https:\/\/www.agrivi.com\/hr\/","logo":{"@type":"ImageObject","inLanguage":"hr","@id":"https:\/\/www.agrivi.com\/hr\/#\/schema\/logo\/image\/","url":"https:\/\/www.agrivi.com\/wp-content\/uploads\/2021\/02\/Agrivi-svg.svg","contentUrl":"https:\/\/www.agrivi.com\/wp-content\/uploads\/2021\/02\/Agrivi-svg.svg","width":1,"height":1,"caption":"AGRIVI"},"image":{"@id":"https:\/\/www.agrivi.com\/hr\/#\/schema\/logo\/image\/"}}]}},"_links":{"self":[{"href":"https:\/\/www.agrivi.com\/hr\/wp-json\/wp\/v2\/pages\/66669","targetHints":{"allow":["GET"]}}],"collection":[{"href":"https:\/\/www.agrivi.com\/hr\/wp-json\/wp\/v2\/pages"}],"about":[{"href":"https:\/\/www.agrivi.com\/hr\/wp-json\/wp\/v2\/types\/page"}],"author":[{"embeddable":true,"href":"https:\/\/www.agrivi.com\/hr\/wp-json\/wp\/v2\/users\/15"}],"replies":[{"embeddable":true,"href":"https:\/\/www.agrivi.com\/hr\/wp-json\/wp\/v2\/comments?post=66669"}],"version-history":[{"count":9,"href":"https:\/\/www.agrivi.com\/hr\/wp-json\/wp\/v2\/pages\/66669\/revisions"}],"predecessor-version":[{"id":66737,"href":"https:\/\/www.agrivi.com\/hr\/wp-json\/wp\/v2\/pages\/66669\/revisions\/66737"}],"up":[{"embeddable":true,"href":"https:\/\/www.agrivi.com\/hr\/wp-json\/wp\/v2\/pages\/21295"}],"wp:featuredmedia":[{"embeddable":true,"href":"https:\/\/www.agrivi.com\/hr\/wp-json\/wp\/v2\/media\/68246"}],"wp:attachment":[{"href":"https:\/\/www.agrivi.com\/hr\/wp-json\/wp\/v2\/media?parent=66669"}],"curies":[{"name":"wp","href":"https:\/\/api.w.org\/{rel}","templated":true}]}}