
{"id":17269,"date":"2021-01-19T11:41:48","date_gmt":"2021-01-19T10:41:48","guid":{"rendered":"http:\/\/qkx.kqs.mybluehost.me\/carriere\/"},"modified":"2022-03-30T12:21:16","modified_gmt":"2022-03-30T10:21:16","slug":"lavora-con-noi","status":"publish","type":"page","link":"https:\/\/www.agrivi.com\/it\/lavora-con-noi\/","title":{"rendered":"Lavora con noi"},"content":{"rendered":"<p>[vc_section full_width=&#8221;stretch_row&#8221; content_placement=&#8221;middle&#8221; el_class=&#8221;agrivi-header&#8221; css=&#8221;.vc_custom_1624450151654{background: #407933 url(https:\/\/www.agrivi.com\/wp-content\/uploads\/2021\/06\/AGRIVI-Web-Hero-Image-CAREERS.jpg?id=32362) !important;background-position: center !important;background-repeat: no-repeat !important;background-size: cover !important;}&#8221;][vc_row][vc_column][vc_custom_heading text=&#8221;LAVORA DA AGRIVI&#8221; font_container=&#8221;tag:h1|text_align:center|color:%23ffffff&#8221; use_theme_fonts=&#8221;yes&#8221; el_class=&#8221;agrivi-header-title&#8221;][vc_custom_heading text=&#8221;Unisciti a noi per cambiare il modo in cui viene prodotto il cibo.&#8221; font_container=&#8221;tag:h2|text_align:center|color:%23ffffff&#8221; el_class=&#8221;agrivi-header-subtitle&#8221;][\/vc_column][\/vc_row][\/vc_section][vc_section full_width=&#8221;stretch_row&#8221; el_class=&#8221;careers-3rd-row&#8221; css=&#8221;.vc_custom_1616664027404{padding-bottom: 0px !important;}&#8221;][vc_row content_placement=&#8221;middle&#8221;][vc_column][vc_custom_heading text=&#8221;I NOSTRI VALORI&#8221; font_container=&#8221;tag:h2|text_align:center&#8221; use_theme_fonts=&#8221;yes&#8221;][\/vc_column][\/vc_row][vc_row type=&#8221;full-width-section&#8221; equal_height=&#8221;yes&#8221; css=&#8221;.vc_custom_1621975490767{border-bottom-width: 1px !important;padding-bottom: 35px !important;background-color: #ffffff !important;border-bottom-color: #cdcdcd !important;border-bottom-style: solid !important;border-radius: 1px !important;}&#8221;][vc_column width=&#8221;1\/2&#8243;][vc_single_image image=&#8221;12849&#8243; img_size=&#8221;full&#8221; alignment=&#8221;center&#8221; css=&#8221;.vc_custom_1616659105736{padding-top: 10% !important;padding-right: 10% !important;padding-bottom: 10% !important;padding-left: 10% !important;}&#8221;][\/vc_column][vc_column width=&#8221;1\/2&#8243; el_class=&#8221;center-column-content-vertical&#8221;][vc_custom_heading text=&#8221;Passione&#8221; font_container=&#8221;tag:h2|font_size:35|text_align:left|color:%23407933|line_height:42px&#8221; use_theme_fonts=&#8221;yes&#8221; css=&#8221;.vc_custom_1616663014903{padding-top: 0px !important;padding-right: 0px !important;padding-bottom: 0px !important;padding-left: 0px !important;}&#8221;][vc_column_text font_size=&#8221;22&#8243; line_height=&#8221;36&#8243; el_class=&#8221;limited_width&#8221; css=&#8221;.vc_custom_1622269096700{padding-top: 0px !important;padding-right: 0px !important;padding-bottom: 0px !important;padding-left: 0px !important;}&#8221;]AGRIVI fa un lavoro significativo. Siamo appassionati di ci\u00f2 che facciamo e vogliamo lavorare con persone che condividono la nostra passione per avere un impatto positivo sul mondo.[\/vc_column_text][\/vc_column][\/vc_row][vc_row type=&#8221;full-width-section&#8221; equal_height=&#8221;yes&#8221; css=&#8221;.vc_custom_1621977209689{border-bottom-width: 1px !important;padding-top: 35px !important;padding-bottom: 35px !important;background-color: #f7f8fa !important;border-bottom-color: #cdcdcd !important;border-bottom-style: solid !important;}&#8221; el_class=&#8221;swap-on-mobile&#8221;][vc_column width=&#8221;1\/2&#8243; el_class=&#8221;center-column-content-vertical&#8221;][vc_custom_heading text=&#8221;Creativit\u00e0&#8221; font_container=&#8221;tag:h2|font_size:35|text_align:left|color:%23407933|line_height:42px&#8221; use_theme_fonts=&#8221;yes&#8221;][vc_column_text font_size=&#8221;22&#8243; line_height=&#8221;36&#8243; el_class=&#8221;limited_width&#8221;]<\/p>\n<p style=\"text-align: left;\">Le problematiche mondiali pi\u00f9 impegnative richiedono innovazione e idee fuori dagli schemi per risolverle. Noi valorizziamo le persone che sono pronte ad affrontare sfide e sono alla ricerca di nuovi percorsi con curiosit\u00e0 e creativit\u00e0.<\/p>\n<p>[\/vc_column_text][\/vc_column][vc_column width=&#8221;1\/2&#8243; el_class=&#8221;vc_col-sm-pull-6&#8243;][vc_single_image image=&#8221;12841&#8243; img_size=&#8221;full&#8221; alignment=&#8221;center&#8221; css=&#8221;.vc_custom_1615842020753{padding-top: 10% !important;padding-right: 10% !important;padding-bottom: 10% !important;padding-left: 10% !important;}&#8221;][\/vc_column][\/vc_row][vc_row type=&#8221;full-width-section&#8221; equal_height=&#8221;yes&#8221; css=&#8221;.vc_custom_1621977305040{border-bottom-width: 1px !important;padding-top: 35px !important;padding-bottom: 35px !important;background-color: #ffffff !important;border-bottom-color: #cdcdcd !important;border-bottom-style: solid !important;}&#8221;][vc_column width=&#8221;1\/2&#8243;][vc_single_image image=&#8221;12809&#8243; img_size=&#8221;full&#8221; alignment=&#8221;center&#8221; css=&#8221;.vc_custom_1615842684898{padding-top: 10% !important;padding-right: 10% !important;padding-bottom: 10% !important;padding-left: 10% !important;}&#8221;][\/vc_column][vc_column width=&#8221;1\/2&#8243; el_class=&#8221;center-column-content-vertical&#8221;][vc_custom_heading text=&#8221;Eccellenza&#8221; font_container=&#8221;tag:h2|font_size:35|text_align:left|color:%23407933|line_height:42px&#8221; use_theme_fonts=&#8221;yes&#8221;][vc_column_text font_size=&#8221;22&#8243; line_height=&#8221;36&#8243; el_class=&#8221;limited_width&#8221;]Per quanto le cose possano andare bene, si pu\u00f2 sempre migliorarle. Ci impegniamo per dare una qualit\u00e0 sempre pi\u00f9 elevata e soluzioni pi\u00f9 innovative per garantire il miglior risultato ai i nostri clienti.[\/vc_column_text][\/vc_column][\/vc_row][vc_row type=&#8221;full-width-section&#8221; equal_height=&#8221;yes&#8221; css=&#8221;.vc_custom_1621977312033{border-bottom-width: 1px !important;padding-top: 35px !important;padding-bottom: 35px !important;background-color: #f7f8fa !important;border-bottom-color: #cdcdcd !important;border-bottom-style: solid !important;}&#8221; el_class=&#8221;swap-on-mobile&#8221;][vc_column width=&#8221;1\/2&#8243; el_class=&#8221;center-column-content-vertical&#8221;][vc_custom_heading text=&#8221;Responsabilit\u00e0&#8221; font_container=&#8221;tag:h2|font_size:35|text_align:left|color:%23407933|line_height:42px&#8221; use_theme_fonts=&#8221;yes&#8221;][vc_column_text font_size=&#8221;22&#8243; line_height=&#8221;36&#8243; el_class=&#8221;limited_width&#8221;]Siamo persone che agiscono, non che trovano giustificazioni. Apprezziamo le persone che parlano con i fatti e non con le parole, che sono motivate e si prendono le loro responsabilit\u00e0 sul lavoro, dall&#8217;idea all&#8217;esecuzione.[\/vc_column_text][\/vc_column][vc_column width=&#8221;1\/2&#8243;][vc_single_image image=&#8221;12817&#8243; img_size=&#8221;full&#8221; alignment=&#8221;center&#8221; css=&#8221;.vc_custom_1615844094991{padding-top: 10% !important;padding-right: 10% !important;padding-bottom: 10% !important;padding-left: 10% !important;}&#8221;][\/vc_column][\/vc_row][vc_row type=&#8221;full-width-section&#8221; equal_height=&#8221;yes&#8221; css=&#8221;.vc_custom_1621977319631{border-bottom-width: 1px !important;background-color: #ffffff !important;border-bottom-color: #cdcdcd !important;border-bottom-style: solid !important;border-radius: 1px !important;}&#8221;][vc_column width=&#8221;1\/2&#8243;][vc_single_image image=&#8221;12833&#8243; img_size=&#8221;full&#8221; alignment=&#8221;center&#8221; css=&#8221;.vc_custom_1615841856224{padding-top: 10% !important;padding-right: 10% !important;padding-bottom: 10% !important;padding-left: 10% !important;}&#8221;][\/vc_column][vc_column width=&#8221;1\/2&#8243; el_class=&#8221;center-column-content-vertical&#8221;][vc_custom_heading text=&#8221;Lavoro Di Squadra&#8221; font_container=&#8221;tag:h2|font_size:35|text_align:left|color:%23407933|line_height:42px&#8221; use_theme_fonts=&#8221;yes&#8221;][vc_column_text font_size=&#8221;22&#8243; line_height=&#8221;36&#8243; el_class=&#8221;limited_width&#8221;]Una squadra \u00e8 sempre pi\u00f9 forte del singolo individuo. Abbiamo bisogno di un team proattivo, coinvolto e aperto, di persone che facciano la differenza nel gruppo.[\/vc_column_text][\/vc_column][\/vc_row][vc_row type=&#8221;full-width-section&#8221; equal_height=&#8221;yes&#8221; css=&#8221;.vc_custom_1621977327384{border-bottom-width: 1px !important;padding-top: 35px !important;padding-bottom: 35px !important;background-color: #f7f8fa !important;border-bottom-color: #cdcdcd !important;border-bottom-style: solid !important;}&#8221; el_class=&#8221;swap-on-mobile&#8221;][vc_column width=&#8221;1\/2&#8243; el_class=&#8221;center-column-content-vertical&#8221;][vc_custom_heading text=&#8221;Diversit\u00e0&#8221; font_container=&#8221;tag:h2|font_size:35|text_align:left|color:%23407933|line_height:42px&#8221; use_theme_fonts=&#8221;yes&#8221;][vc_column_text font_size=&#8221;22&#8243; line_height=&#8221;36&#8243; el_class=&#8221;limited_width&#8221;]Siamo un&#8217;azienda globale, la diversit\u00e0 \u00e8 nel nostro DNA. Creiamo soluzioni leader per il mercato, supportiamo i clienti in tutti i continenti, collaboriamo con persone in tutti i paesi e ci godiamo la diversit\u00e0 in cui viviamo.[\/vc_column_text][\/vc_column][vc_column width=&#8221;1\/2&#8243;][vc_single_image image=&#8221;12785&#8243; img_size=&#8221;full&#8221; alignment=&#8221;center&#8221; css=&#8221;.vc_custom_1615981953211{padding-top: 10% !important;padding-right: 10% !important;padding-bottom: 10% !important;padding-left: 10% !important;}&#8221;][\/vc_column][\/vc_row][vc_row type=&#8221;full-width-section&#8221; equal_height=&#8221;yes&#8221; css=&#8221;.vc_custom_1621977335231{border-bottom-width: 1px !important;padding-top: 35px !important;padding-bottom: 35px !important;background-color: #ffffff !important;border-bottom-color: #cdcdcd !important;border-bottom-style: solid !important;border-radius: 1px !important;}&#8221;][vc_column width=&#8221;1\/2&#8243;][vc_single_image image=&#8221;12825&#8243; img_size=&#8221;full&#8221; alignment=&#8221;center&#8221; css=&#8221;.vc_custom_1615842302314{padding-top: 10% !important;padding-right: 10% !important;padding-bottom: 10% !important;padding-left: 10% !important;}&#8221;][\/vc_column][vc_column width=&#8221;1\/2&#8243; el_class=&#8221;center-column-content-vertical&#8221;][vc_custom_heading text=&#8221;Sostenibilit\u00e0&#8221; font_container=&#8221;tag:h2|text_align:left|color:%23407933&#8243; use_theme_fonts=&#8221;yes&#8221;][vc_column_text font_size=&#8221;22&#8243; line_height=&#8221;36&#8243; el_class=&#8221;limited_width&#8221;]Abbiamo ereditato il pianeta dai nostri genitori e dai nostri nonni. \u00c8 nostra responsabilit\u00e0 prendercene cura nel corso della nostra vita e renderlo un posto migliore per le generazioni future.[\/vc_column_text][\/vc_column][\/vc_row][\/vc_section][vc_section full_width=&#8221;stretch_row&#8221; content_placement=&#8221;middle&#8221; css=&#8221;.vc_custom_1623683877125{padding-top: 0px !important;padding-right: 0px !important;padding-bottom: 0px !important;padding-left: 0px !important;}&#8221; el_class=&#8221;careers-benefits-section&#8221;][vc_row type=&#8221;full-width-section&#8221; equal_height=&#8221;yes&#8221; content_placement=&#8221;middle&#8221;][vc_column width=&#8221;1\/2&#8243;][vc_single_image image=&#8221;12793&#8243; img_size=&#8221;1054&#215;750&#8243; alignment=&#8221;center&#8221;][\/vc_column][vc_column width=&#8221;1\/2&#8243;][vc_custom_heading text=&#8221;VANTAGGI DI LAVORARE IN AGRIVI&#8221; font_container=&#8221;tag:h2|text_align:left|color:%23343434&#8243; use_theme_fonts=&#8221;yes&#8221;][vc_column_text font_size=&#8221;18&#8243; line_height=&#8221;28&#8243; el_class=&#8221;agrivi_benefits_ul&#8221;]<\/p>\n<ul>\n<li>Fai un lavoro che pu\u00f2 dare dei benefici reali al Mondo<\/li>\n<li>Contribuisci a creare un prodotto di eccellenza globlale utilizzato in tutto il mondo<\/li>\n<li>Unisciti ad un&#8217;azienda in rapida crescita in un settore da migliaia di miliardi di dollari<\/li>\n<li>Cresci professionalmente nel nostro team di esperti<\/li>\n<li>Ambiente di lavoro internazionale e flessibile<\/li>\n<\/ul>\n<p>[\/vc_column_text][\/vc_column][\/vc_row][\/vc_section][vc_section full_width=&#8221;stretch_row_content&#8221; full_height=&#8221;yes&#8221; css=&#8221;.vc_custom_1618060810927{background-image: url(https:\/\/www.agrivi.com\/wp-content\/uploads\/2021\/04\/AGRIVI-Web-Careers-CTA-Image.jpg?id=13406) !important;background-position: center !important;background-repeat: no-repeat !important;background-size: cover !important;}&#8221;][vc_row type=&#8221;full-width-section&#8221; el_class=&#8221;careers-5th-row&#8221;][vc_column][vc_custom_heading text=&#8221;Opportunit\u00e0 Di Carriera&#8221; font_container=&#8221;tag:h2|font_size:40px|text_align:center|color:%23ffffff|line_height:55px&#8221; google_fonts=&#8221;font_family:Roboto%3A100%2C100italic%2C300%2C300italic%2Cregular%2Citalic%2C500%2C500italic%2C700%2C700italic%2C900%2C900italic|font_style:900%20bold%20regular%3A900%3Anormal&#8221; css=&#8221;.vc_custom_1617988645839{margin-bottom: 12px !important;}&#8221;][vc_custom_heading text=&#8221;Cerca tra le posizioni aperte e inoltra la tua candidatura.&#8221; font_container=&#8221;tag:h2|font_size:30px|text_align:center|color:%23ffffff|line_height:38px&#8221; google_fonts=&#8221;font_family:Roboto%3A100%2C100italic%2C300%2C300italic%2Cregular%2Citalic%2C500%2C500italic%2C700%2C700italic%2C900%2C900italic|font_style:300%20light%20regular%3A300%3Anormal&#8221; el_class=&#8221;not_uppercase&#8221;]<style type=\"text\/css\" >#b_ow4fdu6rl5h1xpvw4jrm a{color:#ffffff; background:#3f7631; margin-top:0px; margin-bottom:0px;  margin-left:0px; margin-right:0px; font-weight:500; border-radius:6px;}#b_ow4fdu6rl5h1xpvw4jrm a:hover{color:#ffffff ; background:#83b552 ;}<\/style><div class=\"ta_center tf_btn_pos\" id=\"b_ow4fdu6rl5h1xpvw4jrm\" ><a class=\"rd_normal_bt mediumlarge_rd_bt  btn-agrivi-tertiary\" href=\"https:\/\/agrivi.talentlyft.com\/\" target=\"yes\"   >CONTROLLA LE POSIZIONI APERTE<\/a><\/div>[\/vc_column][\/vc_row][\/vc_section]<\/p>\n","protected":false},"excerpt":{"rendered":"<p>[vc_section full_width=&#8221;stretch_row&#8221; content_placement=&#8221;middle&#8221; el_class=&#8221;agrivi-header&#8221; css=&#8221;.vc_custom_1624450151654{background: #407933 url(https:\/\/www.agrivi.com\/wp-content\/uploads\/2021\/06\/AGRIVI-Web-Hero-Image-CAREERS.jpg?id=32362) !important;background-position: center !important;background-repeat: no-repeat !important;background-size: cover !important;}&#8221;][vc_row][vc_column][vc_custom_heading text=&#8221;LAVORA DA AGRIVI&#8221; font_container=&#8221;tag:h1|text_align:center|color:%23ffffff&#8221; use_theme_fonts=&#8221;yes&#8221; el_class=&#8221;agrivi-header-title&#8221;][vc_custom_heading text=&#8221;Unisciti a noi per cambiare il modo in cui viene prodotto il cibo.&#8221; font_container=&#8221;tag:h2|text_align:center|color:%23ffffff&#8221; el_class=&#8221;agrivi-header-subtitle&#8221;][\/vc_column][\/vc_row][\/vc_section][vc_section full_width=&#8221;stretch_row&#8221; el_class=&#8221;careers-3rd-row&#8221; css=&#8221;.vc_custom_1616664027404{padding-bottom: 0px !important;}&#8221;][vc_row content_placement=&#8221;middle&#8221;][vc_column][vc_custom_heading text=&#8221;I NOSTRI VALORI&#8221; font_container=&#8221;tag:h2|text_align:center&#8221; use_theme_fonts=&#8221;yes&#8221;][\/vc_column][\/vc_row][vc_row type=&#8221;full-width-section&#8221; equal_height=&#8221;yes&#8221; css=&#8221;.vc_custom_1621975490767{border-bottom-width: 1px !important;padding-bottom: 35px !important;background-color: #ffffff !important;border-bottom-color:<br \/><a href=\"https:\/\/www.agrivi.com\/it\/lavora-con-noi\/\" class=\"more\">Leggi di pi\u00f9<\/a><\/p>\n","protected":false},"author":15,"featured_media":0,"parent":0,"menu_order":0,"comment_status":"closed","ping_status":"closed","template":"","meta":{"_acf_changed":false,"inline_featured_image":false,"footnotes":""},"class_list":["post-17269","page","type-page","status-publish","hentry"],"acf":[],"yoast_head":"<!-- This site is optimized with the Yoast SEO plugin v27.4 - https:\/\/yoast.com\/product\/yoast-seo-wordpress\/ -->\n<title>AGRIVI | Carriere<\/title>\n<meta name=\"description\" content=\"Unisciti a noi per cambiare il modo in cui il cibo viene prodotto: esplora le nostre opportunit\u00e0 aperte per lo sviluppo della carriera.\" \/>\n<meta name=\"robots\" content=\"index, follow, max-snippet:-1, max-image-preview:large, max-video-preview:-1\" \/>\n<link rel=\"canonical\" href=\"https:\/\/www.agrivi.com\/it\/lavora-con-noi\/\" \/>\n<meta property=\"og:locale\" content=\"it_IT\" \/>\n<meta property=\"og:type\" content=\"article\" \/>\n<meta property=\"og:title\" content=\"AGRIVI | Carriere\" \/>\n<meta property=\"og:description\" content=\"Unisciti a noi per cambiare il modo in cui il cibo viene prodotto: esplora le nostre opportunit\u00e0 aperte per lo sviluppo della carriera.\" \/>\n<meta property=\"og:url\" content=\"https:\/\/www.agrivi.com\/it\/lavora-con-noi\/\" \/>\n<meta property=\"og:site_name\" content=\"AGRIVI\" \/>\n<meta property=\"article:modified_time\" content=\"2022-03-30T10:21:16+00:00\" \/>\n<meta name=\"twitter:card\" content=\"summary_large_image\" \/>\n<meta name=\"twitter:label1\" content=\"Tempo di lettura stimato\" \/>\n\t<meta name=\"twitter:data1\" content=\"7 minuti\" \/>\n<script type=\"application\/ld+json\" class=\"yoast-schema-graph\">{\"@context\":\"https:\\\/\\\/schema.org\",\"@graph\":[{\"@type\":\"WebPage\",\"@id\":\"https:\\\/\\\/www.agrivi.com\\\/it\\\/lavora-con-noi\\\/\",\"url\":\"https:\\\/\\\/www.agrivi.com\\\/it\\\/lavora-con-noi\\\/\",\"name\":\"AGRIVI | Carriere\",\"isPartOf\":{\"@id\":\"https:\\\/\\\/www.agrivi.com\\\/it\\\/#website\"},\"datePublished\":\"2021-01-19T10:41:48+00:00\",\"dateModified\":\"2022-03-30T10:21:16+00:00\",\"description\":\"Unisciti a noi per cambiare il modo in cui il cibo viene prodotto: esplora le nostre opportunit\u00e0 aperte per lo sviluppo della carriera.\",\"breadcrumb\":{\"@id\":\"https:\\\/\\\/www.agrivi.com\\\/it\\\/lavora-con-noi\\\/#breadcrumb\"},\"inLanguage\":\"it-IT\",\"potentialAction\":[{\"@type\":\"ReadAction\",\"target\":[\"https:\\\/\\\/www.agrivi.com\\\/it\\\/lavora-con-noi\\\/\"]}]},{\"@type\":\"BreadcrumbList\",\"@id\":\"https:\\\/\\\/www.agrivi.com\\\/it\\\/lavora-con-noi\\\/#breadcrumb\",\"itemListElement\":[{\"@type\":\"ListItem\",\"position\":1,\"name\":\"Home\",\"item\":\"https:\\\/\\\/www.agrivi.com\\\/it\\\/\"},{\"@type\":\"ListItem\",\"position\":2,\"name\":\"Lavora con noi\"}]},{\"@type\":\"WebSite\",\"@id\":\"https:\\\/\\\/www.agrivi.com\\\/it\\\/#website\",\"url\":\"https:\\\/\\\/www.agrivi.com\\\/it\\\/\",\"name\":\"AGRIVI\",\"description\":\"Farm managment solutions\",\"publisher\":{\"@id\":\"https:\\\/\\\/www.agrivi.com\\\/it\\\/#organization\"},\"potentialAction\":[{\"@type\":\"SearchAction\",\"target\":{\"@type\":\"EntryPoint\",\"urlTemplate\":\"https:\\\/\\\/www.agrivi.com\\\/it\\\/?s={search_term_string}\"},\"query-input\":{\"@type\":\"PropertyValueSpecification\",\"valueRequired\":true,\"valueName\":\"search_term_string\"}}],\"inLanguage\":\"it-IT\"},{\"@type\":\"Organization\",\"@id\":\"https:\\\/\\\/www.agrivi.com\\\/it\\\/#organization\",\"name\":\"AGRIVI\",\"url\":\"https:\\\/\\\/www.agrivi.com\\\/it\\\/\",\"logo\":{\"@type\":\"ImageObject\",\"inLanguage\":\"it-IT\",\"@id\":\"https:\\\/\\\/www.agrivi.com\\\/it\\\/#\\\/schema\\\/logo\\\/image\\\/\",\"url\":\"https:\\\/\\\/www.agrivi.com\\\/wp-content\\\/uploads\\\/2021\\\/02\\\/Agrivi-svg.svg\",\"contentUrl\":\"https:\\\/\\\/www.agrivi.com\\\/wp-content\\\/uploads\\\/2021\\\/02\\\/Agrivi-svg.svg\",\"width\":1,\"height\":1,\"caption\":\"AGRIVI\"},\"image\":{\"@id\":\"https:\\\/\\\/www.agrivi.com\\\/it\\\/#\\\/schema\\\/logo\\\/image\\\/\"}}]}<\/script>\n<!-- \/ Yoast SEO plugin. -->","yoast_head_json":{"title":"AGRIVI | Carriere","description":"Unisciti a noi per cambiare il modo in cui il cibo viene prodotto: esplora le nostre opportunit\u00e0 aperte per lo sviluppo della carriera.","robots":{"index":"index","follow":"follow","max-snippet":"max-snippet:-1","max-image-preview":"max-image-preview:large","max-video-preview":"max-video-preview:-1"},"canonical":"https:\/\/www.agrivi.com\/it\/lavora-con-noi\/","og_locale":"it_IT","og_type":"article","og_title":"AGRIVI | Carriere","og_description":"Unisciti a noi per cambiare il modo in cui il cibo viene prodotto: esplora le nostre opportunit\u00e0 aperte per lo sviluppo della carriera.","og_url":"https:\/\/www.agrivi.com\/it\/lavora-con-noi\/","og_site_name":"AGRIVI","article_modified_time":"2022-03-30T10:21:16+00:00","twitter_card":"summary_large_image","twitter_misc":{"Tempo di lettura stimato":"7 minuti"},"schema":{"@context":"https:\/\/schema.org","@graph":[{"@type":"WebPage","@id":"https:\/\/www.agrivi.com\/it\/lavora-con-noi\/","url":"https:\/\/www.agrivi.com\/it\/lavora-con-noi\/","name":"AGRIVI | Carriere","isPartOf":{"@id":"https:\/\/www.agrivi.com\/it\/#website"},"datePublished":"2021-01-19T10:41:48+00:00","dateModified":"2022-03-30T10:21:16+00:00","description":"Unisciti a noi per cambiare il modo in cui il cibo viene prodotto: esplora le nostre opportunit\u00e0 aperte per lo sviluppo della carriera.","breadcrumb":{"@id":"https:\/\/www.agrivi.com\/it\/lavora-con-noi\/#breadcrumb"},"inLanguage":"it-IT","potentialAction":[{"@type":"ReadAction","target":["https:\/\/www.agrivi.com\/it\/lavora-con-noi\/"]}]},{"@type":"BreadcrumbList","@id":"https:\/\/www.agrivi.com\/it\/lavora-con-noi\/#breadcrumb","itemListElement":[{"@type":"ListItem","position":1,"name":"Home","item":"https:\/\/www.agrivi.com\/it\/"},{"@type":"ListItem","position":2,"name":"Lavora con noi"}]},{"@type":"WebSite","@id":"https:\/\/www.agrivi.com\/it\/#website","url":"https:\/\/www.agrivi.com\/it\/","name":"AGRIVI","description":"Farm managment solutions","publisher":{"@id":"https:\/\/www.agrivi.com\/it\/#organization"},"potentialAction":[{"@type":"SearchAction","target":{"@type":"EntryPoint","urlTemplate":"https:\/\/www.agrivi.com\/it\/?s={search_term_string}"},"query-input":{"@type":"PropertyValueSpecification","valueRequired":true,"valueName":"search_term_string"}}],"inLanguage":"it-IT"},{"@type":"Organization","@id":"https:\/\/www.agrivi.com\/it\/#organization","name":"AGRIVI","url":"https:\/\/www.agrivi.com\/it\/","logo":{"@type":"ImageObject","inLanguage":"it-IT","@id":"https:\/\/www.agrivi.com\/it\/#\/schema\/logo\/image\/","url":"https:\/\/www.agrivi.com\/wp-content\/uploads\/2021\/02\/Agrivi-svg.svg","contentUrl":"https:\/\/www.agrivi.com\/wp-content\/uploads\/2021\/02\/Agrivi-svg.svg","width":1,"height":1,"caption":"AGRIVI"},"image":{"@id":"https:\/\/www.agrivi.com\/it\/#\/schema\/logo\/image\/"}}]}},"_links":{"self":[{"href":"https:\/\/www.agrivi.com\/it\/wp-json\/wp\/v2\/pages\/17269","targetHints":{"allow":["GET"]}}],"collection":[{"href":"https:\/\/www.agrivi.com\/it\/wp-json\/wp\/v2\/pages"}],"about":[{"href":"https:\/\/www.agrivi.com\/it\/wp-json\/wp\/v2\/types\/page"}],"author":[{"embeddable":true,"href":"https:\/\/www.agrivi.com\/it\/wp-json\/wp\/v2\/users\/15"}],"replies":[{"embeddable":true,"href":"https:\/\/www.agrivi.com\/it\/wp-json\/wp\/v2\/comments?post=17269"}],"version-history":[{"count":24,"href":"https:\/\/www.agrivi.com\/it\/wp-json\/wp\/v2\/pages\/17269\/revisions"}],"predecessor-version":[{"id":54325,"href":"https:\/\/www.agrivi.com\/it\/wp-json\/wp\/v2\/pages\/17269\/revisions\/54325"}],"wp:attachment":[{"href":"https:\/\/www.agrivi.com\/it\/wp-json\/wp\/v2\/media?parent=17269"}],"curies":[{"name":"wp","href":"https:\/\/api.w.org\/{rel}","templated":true}]}}