
{"id":14909,"date":"2021-01-19T11:41:48","date_gmt":"2021-01-19T10:41:48","guid":{"rendered":"http:\/\/qkx.kqs.mybluehost.me\/pracuj\/"},"modified":"2022-03-30T12:21:23","modified_gmt":"2022-03-30T10:21:23","slug":"kariera","status":"publish","type":"page","link":"https:\/\/www.agrivi.com\/pl\/kariera\/","title":{"rendered":"Kariera"},"content":{"rendered":"<p>[vc_section full_width=&#8221;stretch_row&#8221; content_placement=&#8221;middle&#8221; el_class=&#8221;agrivi-header&#8221; css=&#8221;.vc_custom_1624450151654{background: #407933 url(https:\/\/www.agrivi.com\/wp-content\/uploads\/2021\/06\/AGRIVI-Web-Hero-Image-CAREERS.jpg?id=32362) !important;background-position: center !important;background-repeat: no-repeat !important;background-size: cover !important;}&#8221;][vc_row][vc_column][vc_custom_heading text=&#8221;PRACUJ W AGRIVI&#8221; font_container=&#8221;tag:h1|text_align:center|color:%23ffffff&#8221; use_theme_fonts=&#8221;yes&#8221; el_class=&#8221;agrivi-header-title&#8221;][vc_custom_heading text=&#8221;Do\u0142\u0105cz do nas i razem zmie\u0144my spos\u00f3b, w jaki produkowana jest \u017cywno\u015b\u0107.&#8221; font_container=&#8221;tag:h2|text_align:center|color:%23ffffff&#8221; el_class=&#8221;agrivi-header-subtitle&#8221;][\/vc_column][\/vc_row][\/vc_section][vc_section full_width=&#8221;stretch_row&#8221; el_class=&#8221;careers-3rd-row&#8221; css=&#8221;.vc_custom_1616664027404{padding-bottom: 0px !important;}&#8221;][vc_row content_placement=&#8221;middle&#8221;][vc_column][vc_custom_heading text=&#8221;NASZE WARTO\u015aCI&#8221; font_container=&#8221;tag:h2|text_align:center&#8221; use_theme_fonts=&#8221;yes&#8221;][\/vc_column][\/vc_row][vc_row type=&#8221;full-width-section&#8221; equal_height=&#8221;yes&#8221; css=&#8221;.vc_custom_1621975490767{border-bottom-width: 1px !important;padding-bottom: 35px !important;background-color: #ffffff !important;border-bottom-color: #cdcdcd !important;border-bottom-style: solid !important;border-radius: 1px !important;}&#8221;][vc_column width=&#8221;1\/2&#8243;][vc_single_image image=&#8221;12850&#8243; img_size=&#8221;full&#8221; alignment=&#8221;center&#8221; css=&#8221;.vc_custom_1616659105736{padding-top: 10% !important;padding-right: 10% !important;padding-bottom: 10% !important;padding-left: 10% !important;}&#8221;][\/vc_column][vc_column width=&#8221;1\/2&#8243; el_class=&#8221;center-column-content-vertical&#8221;][vc_custom_heading text=&#8221;PASJA&#8221; font_container=&#8221;tag:h2|font_size:35|text_align:left|color:%23407933|line_height:42px&#8221; use_theme_fonts=&#8221;yes&#8221; css=&#8221;.vc_custom_1616663014903{padding-top: 0px !important;padding-right: 0px !important;padding-bottom: 0px !important;padding-left: 0px !important;}&#8221;][vc_column_text font_size=&#8221;22&#8243; line_height=&#8221;36&#8243; el_class=&#8221;limited_width&#8221; css=&#8221;.vc_custom_1622269096700{padding-top: 0px !important;padding-right: 0px !important;padding-bottom: 0px !important;padding-left: 0px !important;}&#8221;]AGRIVI wykonuje bardzo wa\u017cn\u0105 prac\u0119. Jeste\u015bmy pasjonatami tego, co robimy i chcemy pracowa\u0107 z lud\u017ami, kt\u00f3rzy podzielaj\u0105 nasz\u0105 pasj\u0119 do wywierania pozytywnego wp\u0142ywu na \u015bwiat.[\/vc_column_text][\/vc_column][\/vc_row][vc_row type=&#8221;full-width-section&#8221; equal_height=&#8221;yes&#8221; css=&#8221;.vc_custom_1621977209689{border-bottom-width: 1px !important;padding-top: 35px !important;padding-bottom: 35px !important;background-color: #f7f8fa !important;border-bottom-color: #cdcdcd !important;border-bottom-style: solid !important;}&#8221; el_class=&#8221;swap-on-mobile&#8221;][vc_column width=&#8221;1\/2&#8243; el_class=&#8221;center-column-content-vertical&#8221;][vc_custom_heading text=&#8221;KREATYWNO\u015a\u0106&#8221; font_container=&#8221;tag:h2|font_size:35|text_align:left|color:%23407933|line_height:42px&#8221; use_theme_fonts=&#8221;yes&#8221;][vc_column_text font_size=&#8221;22&#8243; line_height=&#8221;36&#8243; el_class=&#8221;limited_width&#8221;]<br \/>\nNajwi\u0119ksze globalne problemy wymagaj\u0105 rozwi\u0105za\u0144 opartych na innowacyjnych i nieszablonowych pomys\u0142ach. Cenimy ludzi, kt\u00f3rzy s\u0105 gotowi stawi\u0107 czo\u0142a wyzwaniom i szuka\u0107 nowych \u015bcie\u017cek z ciekawo\u015bci\u0105 i kreatywno\u015bci\u0105.<br \/>\n[\/vc_column_text][\/vc_column][vc_column width=&#8221;1\/2&#8243; el_class=&#8221;vc_col-sm-pull-6&#8243;][vc_single_image image=&#8221;12842&#8243; img_size=&#8221;full&#8221; alignment=&#8221;center&#8221; css=&#8221;.vc_custom_1615842020753{padding-top: 10% !important;padding-right: 10% !important;padding-bottom: 10% !important;padding-left: 10% !important;}&#8221;][\/vc_column][\/vc_row][vc_row type=&#8221;full-width-section&#8221; equal_height=&#8221;yes&#8221; css=&#8221;.vc_custom_1621977305040{border-bottom-width: 1px !important;padding-top: 35px !important;padding-bottom: 35px !important;background-color: #ffffff !important;border-bottom-color: #cdcdcd !important;border-bottom-style: solid !important;}&#8221;][vc_column width=&#8221;1\/2&#8243;][vc_single_image image=&#8221;12810&#8243; img_size=&#8221;full&#8221; alignment=&#8221;center&#8221; css=&#8221;.vc_custom_1615842684898{padding-top: 10% !important;padding-right: 10% !important;padding-bottom: 10% !important;padding-left: 10% !important;}&#8221;][\/vc_column][vc_column width=&#8221;1\/2&#8243; el_class=&#8221;center-column-content-vertical&#8221;][vc_custom_heading text=&#8221;PERFEKCJA&#8221; font_container=&#8221;tag:h2|font_size:35|text_align:left|color:%23407933|line_height:42px&#8221; use_theme_fonts=&#8221;yes&#8221;][vc_column_text font_size=&#8221;22&#8243; line_height=&#8221;36&#8243; el_class=&#8221;limited_width&#8221;]Jakkolwiek dobre s\u0105 rzeczy, zawsze s\u0105 sposoby na ich ulepszenie. D\u0105\u017cymy do najwy\u017cszej jako\u015bci i najlepszych rozwi\u0105za\u0144, kt\u00f3re zapewniaj\u0105 najwy\u017csz\u0105 satysfakcj\u0119 naszym klientom.[\/vc_column_text][\/vc_column][\/vc_row][vc_row type=&#8221;full-width-section&#8221; equal_height=&#8221;yes&#8221; css=&#8221;.vc_custom_1621977312033{border-bottom-width: 1px !important;padding-top: 35px !important;padding-bottom: 35px !important;background-color: #f7f8fa !important;border-bottom-color: #cdcdcd !important;border-bottom-style: solid !important;}&#8221; el_class=&#8221;swap-on-mobile&#8221;][vc_column width=&#8221;1\/2&#8243; el_class=&#8221;center-column-content-vertical&#8221;][vc_custom_heading text=&#8221;ODPOWIEDZIALNO\u015a\u0106&#8221; font_container=&#8221;tag:h2|font_size:35|text_align:left|color:%23407933|line_height:42px&#8221; use_theme_fonts=&#8221;yes&#8221;][vc_column_text font_size=&#8221;22&#8243; line_height=&#8221;36&#8243; el_class=&#8221;limited_width&#8221;]Dzia\u0142amy i nie szukamy wym\u00f3wek. Cenimy ludzi, kt\u00f3rzy robi\u0105 to co m\u00f3wi\u0105, kt\u00f3rzy s\u0105 zmotywowani i bior\u0105 odpowiedzialno\u015b\u0107 za swoj\u0105 prac\u0119 &#8211; od pomys\u0142u do wykonania.[\/vc_column_text][\/vc_column][vc_column width=&#8221;1\/2&#8243;][vc_single_image image=&#8221;12818&#8243; img_size=&#8221;full&#8221; alignment=&#8221;center&#8221; css=&#8221;.vc_custom_1615844094991{padding-top: 10% !important;padding-right: 10% !important;padding-bottom: 10% !important;padding-left: 10% !important;}&#8221;][\/vc_column][\/vc_row][vc_row type=&#8221;full-width-section&#8221; equal_height=&#8221;yes&#8221; css=&#8221;.vc_custom_1621977319631{border-bottom-width: 1px !important;background-color: #ffffff !important;border-bottom-color: #cdcdcd !important;border-bottom-style: solid !important;border-radius: 1px !important;}&#8221;][vc_column width=&#8221;1\/2&#8243;][vc_single_image image=&#8221;12834&#8243; img_size=&#8221;full&#8221; alignment=&#8221;center&#8221; css=&#8221;.vc_custom_1615841856224{padding-top: 10% !important;padding-right: 10% !important;padding-bottom: 10% !important;padding-left: 10% !important;}&#8221;][\/vc_column][vc_column width=&#8221;1\/2&#8243; el_class=&#8221;center-column-content-vertical&#8221;][vc_custom_heading text=&#8221;PRACA ZESPO\u0141OWA&#8221; font_container=&#8221;tag:h2|font_size:35|text_align:left|color:%23407933|line_height:42px&#8221; use_theme_fonts=&#8221;yes&#8221;][vc_column_text font_size=&#8221;22&#8243; line_height=&#8221;36&#8243; el_class=&#8221;limited_width&#8221;]Zesp\u00f3\u0142 jest zawsze silniejszy ni\u017c jednostka. Potrzebujemy aktywnego, zaanga\u017cowanego i otwartego zespo\u0142u, kt\u00f3ry wsp\u00f3lnie wprowadza zmiany.[\/vc_column_text][\/vc_column][\/vc_row][vc_row type=&#8221;full-width-section&#8221; equal_height=&#8221;yes&#8221; css=&#8221;.vc_custom_1621977327384{border-bottom-width: 1px !important;padding-top: 35px !important;padding-bottom: 35px !important;background-color: #f7f8fa !important;border-bottom-color: #cdcdcd !important;border-bottom-style: solid !important;}&#8221; el_class=&#8221;swap-on-mobile&#8221;][vc_column width=&#8221;1\/2&#8243; el_class=&#8221;center-column-content-vertical&#8221;][vc_custom_heading text=&#8221;R\u00d3\u017bNORODNO\u015a\u0106&#8221; font_container=&#8221;tag:h2|font_size:35|text_align:left|color:%23407933|line_height:42px&#8221; use_theme_fonts=&#8221;yes&#8221;][vc_column_text font_size=&#8221;22&#8243; line_height=&#8221;36&#8243; el_class=&#8221;limited_width&#8221;]Jeste\u015bmy globaln\u0105 firm\u0105 ze zr\u00f3\u017cnicowanym DNA. Tworzymy wiod\u0105ce na rynku rozwi\u0105zania, wspieramy klient\u00f3w na wszystkich kontynentach, zatrudniamy ludzi z r\u00f3\u017cnych kraj\u00f3w i cieszymy si\u0119 r\u00f3\u017cnorodno\u015bci\u0105, w kt\u00f3rej \u017cyjemy.[\/vc_column_text][\/vc_column][vc_column width=&#8221;1\/2&#8243;][vc_single_image image=&#8221;12786&#8243; img_size=&#8221;full&#8221; alignment=&#8221;center&#8221; css=&#8221;.vc_custom_1615981953211{padding-top: 10% !important;padding-right: 10% !important;padding-bottom: 10% !important;padding-left: 10% !important;}&#8221;][\/vc_column][\/vc_row][vc_row type=&#8221;full-width-section&#8221; equal_height=&#8221;yes&#8221; css=&#8221;.vc_custom_1621977335231{border-bottom-width: 1px !important;padding-top: 35px !important;padding-bottom: 35px !important;background-color: #ffffff !important;border-bottom-color: #cdcdcd !important;border-bottom-style: solid !important;border-radius: 1px !important;}&#8221;][vc_column width=&#8221;1\/2&#8243;][vc_single_image image=&#8221;12826&#8243; img_size=&#8221;full&#8221; alignment=&#8221;center&#8221; css=&#8221;.vc_custom_1615842302314{padding-top: 10% !important;padding-right: 10% !important;padding-bottom: 10% !important;padding-left: 10% !important;}&#8221;][\/vc_column][vc_column width=&#8221;1\/2&#8243; el_class=&#8221;center-column-content-vertical&#8221;][vc_custom_heading text=&#8221;ZR\u00d3WNOWA\u017bONY ROZW\u00d3J&#8221; font_container=&#8221;tag:h2|text_align:left|color:%23407933&#8243; use_theme_fonts=&#8221;yes&#8221;][vc_column_text font_size=&#8221;22&#8243; line_height=&#8221;36&#8243; el_class=&#8221;limited_width&#8221;]Odziedziczyli\u015bmy nasz\u0105 planet\u0119 po naszych rodzicach i dziadkach. To nasz obowi\u0105zek dba\u0107 o ni\u0105 podczas naszego \u017cycia i sprawi\u0107, \u017ce b\u0119dzie wspania\u0142ym miejscem do \u017cycia dla przysz\u0142ych pokole\u0144.[\/vc_column_text][\/vc_column][\/vc_row][\/vc_section][vc_section full_width=&#8221;stretch_row&#8221; content_placement=&#8221;middle&#8221; css=&#8221;.vc_custom_1623683877125{padding-top: 0px !important;padding-right: 0px !important;padding-bottom: 0px !important;padding-left: 0px !important;}&#8221; el_class=&#8221;careers-benefits-section&#8221;][vc_row type=&#8221;full-width-section&#8221; equal_height=&#8221;yes&#8221; content_placement=&#8221;middle&#8221;][vc_column width=&#8221;1\/2&#8243;][vc_single_image image=&#8221;12794&#8243; img_size=&#8221;1054&#215;750&#8243; alignment=&#8221;center&#8221;][\/vc_column][vc_column width=&#8221;1\/2&#8243;][vc_custom_heading text=&#8221;KORZY\u015aCI AGRIVI&#8221; font_container=&#8221;tag:h2|text_align:left|color:%23343434&#8243; use_theme_fonts=&#8221;yes&#8221;][vc_column_text font_size=&#8221;18&#8243; line_height=&#8221;28&#8243; el_class=&#8221;agrivi_benefits_ul&#8221;]<\/p>\n<ul>\n<li>Pracuj w miejscu, kt\u00f3re ma prawdziwy wp\u0142yw na \u015bwiat<\/li>\n<li>Stw\u00f3rz wiod\u0105cy produkt u\u017cywany na ca\u0142ym \u015bwiecie<\/li>\n<li>Do\u0142\u0105cz do szybko rozwijaj\u0105cej si\u0119 firmy w bran\u017cy wartej biliony dolar\u00f3w<\/li>\n<li>Rozwijaj si\u0119 w naszym do\u015bwiadczonym zespole<\/li>\n<li>Zosta\u0144 cz\u0119\u015bci\u0105 mi\u0119dzynarodowego, elastycznego \u015brodowiska<\/li>\n<\/ul>\n<p>&nbsp;<br \/>\n[\/vc_column_text][\/vc_column][\/vc_row][\/vc_section][vc_section full_width=&#8221;stretch_row_content&#8221; full_height=&#8221;yes&#8221; css=&#8221;.vc_custom_1618060810927{background-image: url(https:\/\/www.agrivi.com\/wp-content\/uploads\/2021\/04\/AGRIVI-Web-Careers-CTA-Image.jpg?id=13406) !important;background-position: center !important;background-repeat: no-repeat !important;background-size: cover !important;}&#8221;][vc_row type=&#8221;full-width-section&#8221; el_class=&#8221;careers-5th-row&#8221;][vc_column][vc_custom_heading text=&#8221;MO\u017bLIWO\u015aCI KARIERY&#8221; font_container=&#8221;tag:h2|font_size:40px|text_align:center|color:%23ffffff|line_height:55px&#8221; google_fonts=&#8221;font_family:Roboto%3A100%2C100italic%2C300%2C300italic%2Cregular%2Citalic%2C500%2C500italic%2C700%2C700italic%2C900%2C900italic|font_style:900%20bold%20regular%3A900%3Anormal&#8221; css=&#8221;.vc_custom_1617988645839{margin-bottom: 12px !important;}&#8221;][vc_custom_heading text=&#8221;Przejrzyj nasze aktualne oferty pracy i aplikuj.&#8221; font_container=&#8221;tag:h2|font_size:30px|text_align:center|color:%23ffffff|line_height:38px&#8221; google_fonts=&#8221;font_family:Roboto%3A100%2C100italic%2C300%2C300italic%2Cregular%2Citalic%2C500%2C500italic%2C700%2C700italic%2C900%2C900italic|font_style:300%20light%20regular%3A300%3Anormal&#8221; el_class=&#8221;not_uppercase&#8221;]<style type=\"text\/css\" >#b_li4iibbixvfqn5tedxcu a{color:#ffffff; background:#3f7631; margin-top:0px; margin-bottom:0px;  margin-left:0px; margin-right:0px; font-weight:500; border-radius:6px;}#b_li4iibbixvfqn5tedxcu a:hover{color:#ffffff ; background:#83b552 ;}<\/style><div class=\"ta_center tf_btn_pos\" id=\"b_li4iibbixvfqn5tedxcu\" ><a class=\"rd_normal_bt mediumlarge_rd_bt  btn-agrivi-tertiary\" href=\"https:\/\/agrivi.talentlyft.com\/\" target=\"yes\"   >SPRAWD\u0179, NA JAKIE STANOWISKA OBECNIE REKRUTUJEMY<\/a><\/div>[\/vc_column][\/vc_row][\/vc_section]<\/p>\n","protected":false},"excerpt":{"rendered":"<p>[vc_section full_width=&#8221;stretch_row&#8221; content_placement=&#8221;middle&#8221; el_class=&#8221;agrivi-header&#8221; css=&#8221;.vc_custom_1624450151654{background: #407933 url(https:\/\/www.agrivi.com\/wp-content\/uploads\/2021\/06\/AGRIVI-Web-Hero-Image-CAREERS.jpg?id=32362) !important;background-position: center !important;background-repeat: no-repeat !important;background-size: cover !important;}&#8221;][vc_row][vc_column][vc_custom_heading text=&#8221;PRACUJ W AGRIVI&#8221; font_container=&#8221;tag:h1|text_align:center|color:%23ffffff&#8221; use_theme_fonts=&#8221;yes&#8221; el_class=&#8221;agrivi-header-title&#8221;][vc_custom_heading text=&#8221;Do\u0142\u0105cz do nas i razem zmie\u0144my spos\u00f3b, w jaki produkowana jest \u017cywno\u015b\u0107.&#8221; font_container=&#8221;tag:h2|text_align:center|color:%23ffffff&#8221; el_class=&#8221;agrivi-header-subtitle&#8221;][\/vc_column][\/vc_row][\/vc_section][vc_section full_width=&#8221;stretch_row&#8221; el_class=&#8221;careers-3rd-row&#8221; css=&#8221;.vc_custom_1616664027404{padding-bottom: 0px !important;}&#8221;][vc_row content_placement=&#8221;middle&#8221;][vc_column][vc_custom_heading text=&#8221;NASZE WARTO\u015aCI&#8221; font_container=&#8221;tag:h2|text_align:center&#8221; use_theme_fonts=&#8221;yes&#8221;][\/vc_column][\/vc_row][vc_row type=&#8221;full-width-section&#8221; equal_height=&#8221;yes&#8221; css=&#8221;.vc_custom_1621975490767{border-bottom-width: 1px !important;padding-bottom: 35px !important;background-color: #ffffff !important;border-bottom-color: #cdcdcd !important;border-bottom-style:<br \/><a href=\"https:\/\/www.agrivi.com\/pl\/kariera\/\" class=\"more\">Przeczytaj wi\u0119cej<\/a><\/p>\n","protected":false},"author":15,"featured_media":0,"parent":0,"menu_order":0,"comment_status":"closed","ping_status":"closed","template":"","meta":{"_acf_changed":false,"inline_featured_image":false,"footnotes":""},"class_list":["post-14909","page","type-page","status-publish","hentry"],"acf":[],"yoast_head":"<!-- This site is optimized with the Yoast SEO plugin v27.4 - https:\/\/yoast.com\/product\/yoast-seo-wordpress\/ -->\n<title>AGRIVI | Kariera<\/title>\n<meta name=\"description\" content=\"Do\u0142\u0105cz do nas w zmianie sposobu produkcji \u017cywno\u015bci - poznaj nasze otwarte mo\u017cliwo\u015bci rozwoju kariery.\" \/>\n<meta name=\"robots\" content=\"index, follow, max-snippet:-1, max-image-preview:large, max-video-preview:-1\" \/>\n<link rel=\"canonical\" href=\"https:\/\/www.agrivi.com\/pl\/kariera\/\" \/>\n<meta property=\"og:locale\" content=\"pl_PL\" \/>\n<meta property=\"og:type\" content=\"article\" \/>\n<meta property=\"og:title\" content=\"AGRIVI | Kariera\" \/>\n<meta property=\"og:description\" content=\"Do\u0142\u0105cz do nas w zmianie sposobu produkcji \u017cywno\u015bci - poznaj nasze otwarte mo\u017cliwo\u015bci rozwoju kariery.\" \/>\n<meta property=\"og:url\" content=\"https:\/\/www.agrivi.com\/pl\/kariera\/\" \/>\n<meta property=\"og:site_name\" content=\"AGRIVI\" \/>\n<meta property=\"article:modified_time\" content=\"2022-03-30T10:21:23+00:00\" \/>\n<meta name=\"twitter:card\" content=\"summary_large_image\" \/>\n<meta name=\"twitter:label1\" content=\"Szacowany czas czytania\" \/>\n\t<meta name=\"twitter:data1\" content=\"3 minuty\" \/>\n<script type=\"application\/ld+json\" class=\"yoast-schema-graph\">{\"@context\":\"https:\\\/\\\/schema.org\",\"@graph\":[{\"@type\":\"WebPage\",\"@id\":\"https:\\\/\\\/www.agrivi.com\\\/pl\\\/kariera\\\/\",\"url\":\"https:\\\/\\\/www.agrivi.com\\\/pl\\\/kariera\\\/\",\"name\":\"AGRIVI | Kariera\",\"isPartOf\":{\"@id\":\"https:\\\/\\\/www.agrivi.com\\\/pl\\\/#website\"},\"datePublished\":\"2021-01-19T10:41:48+00:00\",\"dateModified\":\"2022-03-30T10:21:23+00:00\",\"description\":\"Do\u0142\u0105cz do nas w zmianie sposobu produkcji \u017cywno\u015bci - poznaj nasze otwarte mo\u017cliwo\u015bci rozwoju kariery.\",\"breadcrumb\":{\"@id\":\"https:\\\/\\\/www.agrivi.com\\\/pl\\\/kariera\\\/#breadcrumb\"},\"inLanguage\":\"pl-PL\",\"potentialAction\":[{\"@type\":\"ReadAction\",\"target\":[\"https:\\\/\\\/www.agrivi.com\\\/pl\\\/kariera\\\/\"]}]},{\"@type\":\"BreadcrumbList\",\"@id\":\"https:\\\/\\\/www.agrivi.com\\\/pl\\\/kariera\\\/#breadcrumb\",\"itemListElement\":[{\"@type\":\"ListItem\",\"position\":1,\"name\":\"Home\",\"item\":\"https:\\\/\\\/www.agrivi.com\\\/pl\\\/\"},{\"@type\":\"ListItem\",\"position\":2,\"name\":\"Kariera\"}]},{\"@type\":\"WebSite\",\"@id\":\"https:\\\/\\\/www.agrivi.com\\\/pl\\\/#website\",\"url\":\"https:\\\/\\\/www.agrivi.com\\\/pl\\\/\",\"name\":\"AGRIVI\",\"description\":\"Farm managment solutions\",\"publisher\":{\"@id\":\"https:\\\/\\\/www.agrivi.com\\\/pl\\\/#organization\"},\"potentialAction\":[{\"@type\":\"SearchAction\",\"target\":{\"@type\":\"EntryPoint\",\"urlTemplate\":\"https:\\\/\\\/www.agrivi.com\\\/pl\\\/?s={search_term_string}\"},\"query-input\":{\"@type\":\"PropertyValueSpecification\",\"valueRequired\":true,\"valueName\":\"search_term_string\"}}],\"inLanguage\":\"pl-PL\"},{\"@type\":\"Organization\",\"@id\":\"https:\\\/\\\/www.agrivi.com\\\/pl\\\/#organization\",\"name\":\"AGRIVI\",\"url\":\"https:\\\/\\\/www.agrivi.com\\\/pl\\\/\",\"logo\":{\"@type\":\"ImageObject\",\"inLanguage\":\"pl-PL\",\"@id\":\"https:\\\/\\\/www.agrivi.com\\\/pl\\\/#\\\/schema\\\/logo\\\/image\\\/\",\"url\":\"https:\\\/\\\/www.agrivi.com\\\/wp-content\\\/uploads\\\/2021\\\/02\\\/Agrivi-svg.svg\",\"contentUrl\":\"https:\\\/\\\/www.agrivi.com\\\/wp-content\\\/uploads\\\/2021\\\/02\\\/Agrivi-svg.svg\",\"width\":1,\"height\":1,\"caption\":\"AGRIVI\"},\"image\":{\"@id\":\"https:\\\/\\\/www.agrivi.com\\\/pl\\\/#\\\/schema\\\/logo\\\/image\\\/\"}}]}<\/script>\n<!-- \/ Yoast SEO plugin. -->","yoast_head_json":{"title":"AGRIVI | Kariera","description":"Do\u0142\u0105cz do nas w zmianie sposobu produkcji \u017cywno\u015bci - poznaj nasze otwarte mo\u017cliwo\u015bci rozwoju kariery.","robots":{"index":"index","follow":"follow","max-snippet":"max-snippet:-1","max-image-preview":"max-image-preview:large","max-video-preview":"max-video-preview:-1"},"canonical":"https:\/\/www.agrivi.com\/pl\/kariera\/","og_locale":"pl_PL","og_type":"article","og_title":"AGRIVI | Kariera","og_description":"Do\u0142\u0105cz do nas w zmianie sposobu produkcji \u017cywno\u015bci - poznaj nasze otwarte mo\u017cliwo\u015bci rozwoju kariery.","og_url":"https:\/\/www.agrivi.com\/pl\/kariera\/","og_site_name":"AGRIVI","article_modified_time":"2022-03-30T10:21:23+00:00","twitter_card":"summary_large_image","twitter_misc":{"Szacowany czas czytania":"3 minuty"},"schema":{"@context":"https:\/\/schema.org","@graph":[{"@type":"WebPage","@id":"https:\/\/www.agrivi.com\/pl\/kariera\/","url":"https:\/\/www.agrivi.com\/pl\/kariera\/","name":"AGRIVI | Kariera","isPartOf":{"@id":"https:\/\/www.agrivi.com\/pl\/#website"},"datePublished":"2021-01-19T10:41:48+00:00","dateModified":"2022-03-30T10:21:23+00:00","description":"Do\u0142\u0105cz do nas w zmianie sposobu produkcji \u017cywno\u015bci - poznaj nasze otwarte mo\u017cliwo\u015bci rozwoju kariery.","breadcrumb":{"@id":"https:\/\/www.agrivi.com\/pl\/kariera\/#breadcrumb"},"inLanguage":"pl-PL","potentialAction":[{"@type":"ReadAction","target":["https:\/\/www.agrivi.com\/pl\/kariera\/"]}]},{"@type":"BreadcrumbList","@id":"https:\/\/www.agrivi.com\/pl\/kariera\/#breadcrumb","itemListElement":[{"@type":"ListItem","position":1,"name":"Home","item":"https:\/\/www.agrivi.com\/pl\/"},{"@type":"ListItem","position":2,"name":"Kariera"}]},{"@type":"WebSite","@id":"https:\/\/www.agrivi.com\/pl\/#website","url":"https:\/\/www.agrivi.com\/pl\/","name":"AGRIVI","description":"Farm managment solutions","publisher":{"@id":"https:\/\/www.agrivi.com\/pl\/#organization"},"potentialAction":[{"@type":"SearchAction","target":{"@type":"EntryPoint","urlTemplate":"https:\/\/www.agrivi.com\/pl\/?s={search_term_string}"},"query-input":{"@type":"PropertyValueSpecification","valueRequired":true,"valueName":"search_term_string"}}],"inLanguage":"pl-PL"},{"@type":"Organization","@id":"https:\/\/www.agrivi.com\/pl\/#organization","name":"AGRIVI","url":"https:\/\/www.agrivi.com\/pl\/","logo":{"@type":"ImageObject","inLanguage":"pl-PL","@id":"https:\/\/www.agrivi.com\/pl\/#\/schema\/logo\/image\/","url":"https:\/\/www.agrivi.com\/wp-content\/uploads\/2021\/02\/Agrivi-svg.svg","contentUrl":"https:\/\/www.agrivi.com\/wp-content\/uploads\/2021\/02\/Agrivi-svg.svg","width":1,"height":1,"caption":"AGRIVI"},"image":{"@id":"https:\/\/www.agrivi.com\/pl\/#\/schema\/logo\/image\/"}}]}},"_links":{"self":[{"href":"https:\/\/www.agrivi.com\/pl\/wp-json\/wp\/v2\/pages\/14909","targetHints":{"allow":["GET"]}}],"collection":[{"href":"https:\/\/www.agrivi.com\/pl\/wp-json\/wp\/v2\/pages"}],"about":[{"href":"https:\/\/www.agrivi.com\/pl\/wp-json\/wp\/v2\/types\/page"}],"author":[{"embeddable":true,"href":"https:\/\/www.agrivi.com\/pl\/wp-json\/wp\/v2\/users\/15"}],"replies":[{"embeddable":true,"href":"https:\/\/www.agrivi.com\/pl\/wp-json\/wp\/v2\/comments?post=14909"}],"version-history":[{"count":25,"href":"https:\/\/www.agrivi.com\/pl\/wp-json\/wp\/v2\/pages\/14909\/revisions"}],"predecessor-version":[{"id":54329,"href":"https:\/\/www.agrivi.com\/pl\/wp-json\/wp\/v2\/pages\/14909\/revisions\/54329"}],"wp:attachment":[{"href":"https:\/\/www.agrivi.com\/pl\/wp-json\/wp\/v2\/media?parent=14909"}],"curies":[{"name":"wp","href":"https:\/\/api.w.org\/{rel}","templated":true}]}}