
{"id":72386,"date":"2023-05-18T18:19:03","date_gmt":"2023-05-18T16:19:03","guid":{"rendered":"https:\/\/www.agrivi.com\/produkty\/agrivi-ed\/"},"modified":"2025-07-15T16:03:43","modified_gmt":"2025-07-15T14:03:43","slug":"agrivi-ed","status":"publish","type":"page","link":"https:\/\/www.agrivi.com\/pl\/produkty\/agrivi-ed\/","title":{"rendered":"AGRIVI Ed"},"content":{"rendered":"<p>[vc_section full_width=&#8221;stretch_row_content&#8221; content_placement=&#8221;middle&#8221; el_class=&#8221;agrivi-header desktop-only vh-50&#8243; css=&#8221;.vc_custom_1752588076555{background: #407933 url(https:\/\/www.agrivi.com\/wp-content\/uploads\/2025\/07\/Advisor-Hero-language.jpg?id=72350) !important;background-position: center !important;background-repeat: no-repeat !important;background-size: cover !important;}&#8221;][vc_row][vc_column][\/vc_column][\/vc_row][\/vc_section][vc_section full_width=&#8221;stretch_row&#8221; content_placement=&#8221;middle&#8221; el_class=&#8221;agrivi-header mobile-only&#8221; css=&#8221;.vc_custom_1713366362239{margin-top: 50px !important;padding-top: 150px !important;padding-bottom: 150px !important;background: #407933 url(https:\/\/www.agrivi.com\/wp-content\/uploads\/2024\/04\/Advisor-Hero-MOBILE-New.jpg?id=66473) !important;background-position: center !important;background-repeat: no-repeat !important;background-size: cover !important;}&#8221;][vc_row][vc_column][\/vc_column][\/vc_row][\/vc_section][vc_section full_width=&#8221;stretch_row&#8221; css=&#8221;.vc_custom_1699011055212{border-bottom-width: 1px !important;background-position: center !important;background-repeat: no-repeat !important;background-size: cover !important;border-bottom-color: #cdcdcd !important;}&#8221;][vc_row][vc_column][vc_video link=&#8221;https:\/\/www.youtube.com\/watch?v=8m2HfGomZts&#8221; align=&#8221;center&#8221;][\/vc_column][\/vc_row][\/vc_section][vc_section full_width=&#8221;stretch_row&#8221; el_class=&#8221;careers-3rd-row&#8221; css=&#8221;.vc_custom_1698752855966{padding-top: 0px !important;padding-bottom: 0px !important;}&#8221; el_id=&#8221;careers-section&#8221;][vc_row type=&#8221;full-width-section&#8221; content_placement=&#8221;middle&#8221; css=&#8221;.vc_custom_1698753068415{padding-top: 50px !important;background-color: #ffffff !important;}&#8221;][vc_column][vc_custom_heading text=&#8221;Poznaj AGRIVI Ed \u2013 Twojego zaufanego agronoma&#8221; font_container=&#8221;tag:h2|text_align:center&#8221; use_theme_fonts=&#8221;yes&#8221;][\/vc_column][\/vc_row][vc_row type=&#8221;full-width-section&#8221; equal_height=&#8221;yes&#8221; css=&#8221;.vc_custom_1698753063886{border-bottom-width: 1px !important;background-color: #ffffff !important;border-bottom-color: #cdcdcd !important;border-bottom-style: solid !important;}&#8221; el_class=&#8221;swap-on-mobile&#8221;][vc_column width=&#8221;1\/2&#8243; el_class=&#8221;center-column-content-vertical mar-left&#8221;][vc_custom_heading text=&#8221;Lokalizacja&#8221; font_container=&#8221;tag:h2|font_size:35|text_align:left|color:%23407933|line_height:42px&#8221; use_theme_fonts=&#8221;yes&#8221; el_class=&#8221;section__title&#8221;][vc_column_text font_size=&#8221;22&#8243; line_height=&#8221;36&#8243; el_class=&#8221;limited_width&#8221;]<br \/>\nEd obs\u0142uguje rozmowy w ponad 50 j\u0119zykach. Wybierz j\u0119zyk, kt\u00f3ry najbardziej Ci odpowiada.<br \/>\n[\/vc_column_text][\/vc_column][vc_column width=&#8221;1\/2&#8243; el_class=&#8221;vc_col-sm-pull-6&#8243;][vc_single_image image=&#8221;60822&#8243; img_size=&#8221;full&#8221; alignment=&#8221;center&#8221; css=&#8221;.vc_custom_1685699107085{padding-top: 10% !important;padding-right: 10% !important;padding-bottom: 10% !important;padding-left: 10% !important;}&#8221;][\/vc_column][\/vc_row][vc_row type=&#8221;full-width-section&#8221; equal_height=&#8221;yes&#8221; css=&#8221;.vc_custom_1698753036150{border-bottom-width: 1px !important;background-color: #f7f8fa !important;border-bottom-color: #cdcdcd !important;border-bottom-style: solid !important;}&#8221;][vc_column width=&#8221;1\/2&#8243;][vc_single_image image=&#8221;66415&#8243; img_size=&#8221;full&#8221; alignment=&#8221;center&#8221; css=&#8221;.vc_custom_1713259548884{padding-top: 10% !important;padding-right: 10% !important;padding-bottom: 10% !important;padding-left: 10% !important;}&#8221;][\/vc_column][vc_column width=&#8221;1\/2&#8243; el_class=&#8221;center-column-content-vertical mar-right&#8221;][vc_custom_heading text=&#8221;\u0141atwa w obs\u0142udze aplikacja&#8221; font_container=&#8221;tag:h2|font_size:35|text_align:left|color:%23407933|line_height:42px&#8221; use_theme_fonts=&#8221;yes&#8221; el_class=&#8221;section__title&#8221;][vc_column_text font_size=&#8221;22&#8243; line_height=&#8221;36&#8243; el_class=&#8221;limited_width&#8221;]Ed jest dost\u0119pny jako doradca AI na WhatsAppie, co sprawia, \u017ce jest bardzo prosty w obs\u0142udze.[\/vc_column_text][\/vc_column][\/vc_row][vc_row type=&#8221;full-width-section&#8221; equal_height=&#8221;yes&#8221; css=&#8221;.vc_custom_1690965551218{border-bottom-width: 1px !important;background-color: #ffffff !important;border-bottom-color: #cdcdcd !important;border-bottom-style: solid !important;border-radius: 1px !important;}&#8221;][vc_column width=&#8221;1\/2&#8243;][vc_single_image image=&#8221;61066&#8243; img_size=&#8221;full&#8221; alignment=&#8221;center&#8221; css=&#8221;.vc_custom_1686563265424{padding-top: 10% !important;padding-right: 10% !important;padding-bottom: 10% !important;padding-left: 10% !important;}&#8221;][\/vc_column][vc_column width=&#8221;1\/2&#8243; el_class=&#8221;center-column-content-vertical mar-right&#8221;][vc_custom_heading text=&#8221;Bogata wiedza ekspercka&#8221; font_container=&#8221;tag:h2|font_size:35|text_align:left|color:%23407933|line_height:42px&#8221; use_theme_fonts=&#8221;yes&#8221; css=&#8221;.vc_custom_1686046317394{padding-top: 0px !important;padding-right: 0px !important;padding-bottom: 0px !important;padding-left: 0px !important;}&#8221; el_class=&#8221;section__title limited_width&#8221;][vc_column_text font_size=&#8221;22&#8243; line_height=&#8221;36&#8243; el_class=&#8221;limited_width&#8221; css=&#8221;.vc_custom_1685005172855{padding-top: 0px !important;padding-right: 0px !important;padding-bottom: 0px !important;padding-left: 0px !important;}&#8221;]Ed dostarcza dok\u0142adnych i warto\u015bciowych informacji o produktach i \u015brodkach produkcji. Zapytaj o dowolny produkt \u2013 Ed zna odpowied\u017a.[\/vc_column_text][\/vc_column][\/vc_row][vc_row type=&#8221;full-width-section&#8221; equal_height=&#8221;yes&#8221; css=&#8221;.vc_custom_1690965560100{border-bottom-width: 1px !important;background-color: #f7f8fa !important;border-bottom-color: #cdcdcd !important;border-bottom-style: solid !important;}&#8221; el_class=&#8221;swap-on-mobile&#8221;][vc_column width=&#8221;1\/2&#8243; el_class=&#8221;center-column-content-vertical mar-left&#8221;][vc_custom_heading text=&#8221;Dost\u0119pny 24\/7&#8243; font_container=&#8221;tag:h2|font_size:35|text_align:left|color:%23407933|line_height:42px&#8221; use_theme_fonts=&#8221;yes&#8221; el_class=&#8221;section__title&#8221;][vc_column_text font_size=&#8221;22&#8243; line_height=&#8221;36&#8243; el_class=&#8221;limited_width&#8221;]Kiedy tylko potrzebujesz Ed\u2019a, jest do Twojej dyspozycji. Nie \u015bpi, nie pracuje na zmiany \u2013 jest got\u00f3w pomaga\u0107 Ci zawsze, gdy tego potrzebujesz.[\/vc_column_text][\/vc_column][vc_column width=&#8221;1\/2&#8243;][vc_single_image image=&#8221;60786&#8243; img_size=&#8221;full&#8221; alignment=&#8221;center&#8221; css=&#8221;.vc_custom_1685699173864{padding-top: 10% !important;padding-right: 10% !important;padding-bottom: 10% !important;padding-left: 10% !important;}&#8221;][\/vc_column][\/vc_row][vc_row type=&#8221;full-width-section&#8221; equal_height=&#8221;yes&#8221; css=&#8221;.vc_custom_1690965573758{border-bottom-width: 1px !important;background-color: #ffffff !important;border-bottom-color: #cdcdcd !important;border-bottom-style: solid !important;border-radius: 1px !important;}&#8221;][vc_column width=&#8221;1\/2&#8243;][vc_single_image image=&#8221;60795&#8243; img_size=&#8221;full&#8221; alignment=&#8221;center&#8221; css=&#8221;.vc_custom_1685699187273{padding-top: 10% !important;padding-right: 10% !important;padding-bottom: 10% !important;padding-left: 10% !important;}&#8221;][\/vc_column][vc_column width=&#8221;1\/2&#8243; el_class=&#8221;center-column-content-vertical mar-right&#8221;][vc_custom_heading text=&#8221;Natychmiastowe odpowiedzi&#8221; font_container=&#8221;tag:h2|font_size:35|text_align:left|color:%23407933|line_height:42px&#8221; use_theme_fonts=&#8221;yes&#8221; el_class=&#8221;section__title&#8221;][vc_column_text font_size=&#8221;22&#8243; line_height=&#8221;36&#8243; el_class=&#8221;limited_width&#8221;]Prosty interfejs sprawia, \u017ce rozmowa jest \u0142atwa jak pogaw\u0119dka z przyjacielem.[\/vc_column_text][\/vc_column][\/vc_row][vc_row type=&#8221;full-width-section&#8221; equal_height=&#8221;yes&#8221; css=&#8221;.vc_custom_1690965579976{border-bottom-width: 1px !important;background-color: #f7f8fa !important;border-bottom-color: #cdcdcd !important;border-bottom-style: solid !important;}&#8221; el_class=&#8221;swap-on-mobile&#8221;][vc_column width=&#8221;1\/2&#8243; el_class=&#8221;center-column-content-vertical mar-left&#8221;][vc_custom_heading text=&#8221;Nieograniczone rozmowy&#8221; font_container=&#8221;tag:h2|font_size:35|text_align:left|color:%23407933|line_height:42px&#8221; use_theme_fonts=&#8221;yes&#8221; el_class=&#8221;section__title&#8221;][vc_column_text font_size=&#8221;22&#8243; line_height=&#8221;36&#8243; el_class=&#8221;limited_width&#8221;]Mo\u017cesz pyta\u0107 Ed\u2019a o rad\u0119 tak cz\u0119sto, jak chcesz \u2013 bez ogranicze\u0144 wiadomo\u015bci.[\/vc_column_text][\/vc_column][vc_column width=&#8221;1\/2&#8243;][vc_single_image image=&#8221;61037&#8243; img_size=&#8221;full&#8221; alignment=&#8221;center&#8221; css=&#8221;.vc_custom_1686132752628{padding-top: 10% !important;padding-right: 10% !important;padding-bottom: 10% !important;padding-left: 10% !important;}&#8221;][\/vc_column][\/vc_row][\/vc_section][vc_row equal_height=&#8221;yes&#8221; el_class=&#8221;engage__section&#8221; el_id=&#8221;careers-section&#8221;][vc_column width=&#8221;1\/2&#8243; el_class=&#8221;image-pb-mobile&#8221;][vc_single_image image=&#8221;72359&#8243; img_size=&#8221;full&#8221; alignment=&#8221;center&#8221; css=&#8221;.vc_custom_1752588134477{padding-top: 10% !important;padding-right: 10% !important;padding-bottom: 0px !important;padding-left: 10% !important;}&#8221;][\/vc_column][vc_column width=&#8221;1\/2&#8243; el_class=&#8221;center-column-content-vertical&#8221;][vc_custom_heading text=&#8221;Wdr\u00f3\u017c w\u0142asnego Ed\u2019a z AGRIVI Engage&#8221; font_container=&#8221;tag:h2|text_align:left|color:%23407933&#8243; use_theme_fonts=&#8221;yes&#8221; el_class=&#8221;section__title&#8221;][vc_column_text font_size=&#8221;22&#8243; line_height=&#8221;36&#8243; el_class=&#8221;limited_width&#8221;]Jeste\u015b firm\u0105 zainteresowan\u0105 Ed\u2019em? Ed jest dost\u0119pny jako rozwi\u0105zanie white-label pod Twoj\u0105 mark\u0105. Nadaj mu swoj\u0105 nazw\u0119 dzi\u0119ki AGRIVI Engage.[\/vc_column_text]<style type=\"text\/css\" >#b_9tmyhm0eneapb72ubm0r a{color:; background:; margin-top:0px; margin-bottom:0px;  margin-left:0px; margin-right:0px; font-weight:900; border-radius:0px;}#b_9tmyhm0eneapb72ubm0r a:hover{color: ; background: ;}<\/style><div class=\"ta_left tf_btn_pos\" id=\"b_9tmyhm0eneapb72ubm0r\" ><a class=\"rd_normal_bt small_rd_bt  btn-agrivi-primary\" href=\"https:\/\/www.agrivi.com\/pl\/produkty\/agrivi-engage\/\" target=\"\"   >DOWIEDZ SI\u0118 WI\u0118CEJ<\/a><\/div>[\/vc_column][\/vc_row][vc_section full_width=&#8221;stretch_row_content&#8221; full_height=&#8221;yes&#8221; css=&#8221;.vc_custom_1690967557932{padding-right: 20px !important;padding-left: 20px !important;background-image: url(https:\/\/www.agrivi.com\/wp-content\/uploads\/2023\/06\/AGRIVI-Web-Hero-Image-4.jpg?id=60753) !important;background-position: center !important;background-repeat: no-repeat !important;background-size: cover !important;}&#8221; el_id=&#8221;ai-agronomic-advisory&#8221;][vc_row type=&#8221;full-width-section&#8221; el_class=&#8221;careers-5th-row&#8221;][vc_column][vc_custom_heading text=&#8221;Doradztwo agronomiczne AI, kt\u00f3re czyni zarz\u0105dzanie uprawami bardziej inteligentnym i efektywnym&#8221; font_container=&#8221;tag:h2|font_size:40px|text_align:center|color:%23ffffff|line_height:55px&#8221; google_fonts=&#8221;font_family:Roboto%3A100%2C100italic%2C300%2C300italic%2Cregular%2Citalic%2C500%2C500italic%2C700%2C700italic%2C900%2C900italic|font_style:900%20bold%20regular%3A900%3Anormal&#8221; css=&#8221;.vc_custom_1684484518428{margin-bottom: 12px !important;}&#8221;][vc_custom_heading text=&#8221;Masz pytanie dotycz\u0105ce nasion lub ochrony ro\u015blin?&#8221; font_container=&#8221;tag:h2|font_size:30px|text_align:center|color:%23ffffff|line_height:38px&#8221; google_fonts=&#8221;font_family:Roboto%3A100%2C100italic%2C300%2C300italic%2Cregular%2Citalic%2C500%2C500italic%2C700%2C700italic%2C900%2C900italic|font_style:300%20light%20regular%3A300%3Anormal&#8221; el_class=&#8221;not_uppercase&#8221;]<style type=\"text\/css\" >#b_l9r5lis0181efg3mjups a{color:#ffffff; background:#3f7631; margin-top:0px; margin-bottom:0px;  margin-left:0px; margin-right:0px; font-weight:500; border-radius:6px;}#b_l9r5lis0181efg3mjups a:hover{color:#ffffff ; background:#83b552 ;}<\/style><div class=\"ta_center tf_btn_pos\" id=\"b_l9r5lis0181efg3mjups\" ><a class=\"rd_normal_bt mediumlarge_rd_bt  btn-agrivi-tertiary\" href=\"https:\/\/www.agrivi.com\/pl\/demo\/\" target=\"yes\"   >SKONTAKTUJ SI\u0118 Z NAMI<\/a><\/div>[\/vc_column][\/vc_row][\/vc_section]<\/p>\n","protected":false},"excerpt":{"rendered":"<p>[vc_section full_width=&#8221;stretch_row_content&#8221; content_placement=&#8221;middle&#8221; el_class=&#8221;agrivi-header desktop-only vh-50&#8243; css=&#8221;.vc_custom_1752588076555{background: #407933 url(https:\/\/www.agrivi.com\/wp-content\/uploads\/2025\/07\/Advisor-Hero-language.jpg?id=72350) !important;background-position: center !important;background-repeat: no-repeat !important;background-size: cover !important;}&#8221;][vc_row][vc_column][\/vc_column][\/vc_row][\/vc_section][vc_section full_width=&#8221;stretch_row&#8221; content_placement=&#8221;middle&#8221; el_class=&#8221;agrivi-header mobile-only&#8221; css=&#8221;.vc_custom_1713366362239{margin-top: 50px !important;padding-top: 150px !important;padding-bottom: 150px !important;background: #407933 url(https:\/\/www.agrivi.com\/wp-content\/uploads\/2024\/04\/Advisor-Hero-MOBILE-New.jpg?id=66473) !important;background-position: center !important;background-repeat: no-repeat !important;background-size: cover !important;}&#8221;][vc_row][vc_column][\/vc_column][\/vc_row][\/vc_section][vc_section full_width=&#8221;stretch_row&#8221; css=&#8221;.vc_custom_1699011055212{border-bottom-width: 1px !important;background-position: center !important;background-repeat: no-repeat !important;background-size: cover !important;border-bottom-color: #cdcdcd !important;}&#8221;][vc_row][vc_column][vc_video link=&#8221;https:\/\/www.youtube.com\/watch?v=8m2HfGomZts&#8221; align=&#8221;center&#8221;][\/vc_column][\/vc_row][\/vc_section][vc_section full_width=&#8221;stretch_row&#8221; el_class=&#8221;careers-3rd-row&#8221; css=&#8221;.vc_custom_1698752855966{padding-top: 0px !important;padding-bottom:<br \/><a href=\"https:\/\/www.agrivi.com\/pl\/produkty\/agrivi-ed\/\" class=\"more\">Przeczytaj wi\u0119cej<\/a><\/p>\n","protected":false},"author":15,"featured_media":0,"parent":15040,"menu_order":0,"comment_status":"closed","ping_status":"closed","template":"","meta":{"_acf_changed":false,"inline_featured_image":false,"footnotes":""},"class_list":["post-72386","page","type-page","status-publish","hentry"],"acf":[],"yoast_head":"<!-- This site is optimized with the Yoast SEO plugin v27.3 - https:\/\/yoast.com\/product\/yoast-seo-wordpress\/ -->\n<title>AGRIVI | Ed<\/title>\n<meta name=\"description\" content=\"Poznaj AGRIVI Ed. Asystenta doradztwa agronomicznego opartego na sztucznej inteligencji, kt\u00f3rego celem jest wzmocnienie \u0142a\u0144cucha warto\u015bci w rolnictwie i wsparcie cyfryzacji ponad 500 milion\u00f3w gospodarstw rolnych na ca\u0142ym \u015bwiecie.\" \/>\n<meta name=\"robots\" content=\"index, follow, max-snippet:-1, max-image-preview:large, max-video-preview:-1\" \/>\n<link rel=\"canonical\" href=\"https:\/\/www.agrivi.com\/pl\/produkty\/agrivi-ed\/\" \/>\n<meta property=\"og:locale\" content=\"pl_PL\" \/>\n<meta property=\"og:type\" content=\"article\" \/>\n<meta property=\"og:title\" content=\"AGRIVI | Ed\" \/>\n<meta property=\"og:description\" content=\"Poznaj AGRIVI Ed. Asystenta doradztwa agronomicznego opartego na sztucznej inteligencji, kt\u00f3rego celem jest wzmocnienie \u0142a\u0144cucha warto\u015bci w rolnictwie i wsparcie cyfryzacji ponad 500 milion\u00f3w gospodarstw rolnych na ca\u0142ym \u015bwiecie.\" \/>\n<meta property=\"og:url\" content=\"https:\/\/www.agrivi.com\/pl\/produkty\/agrivi-ed\/\" \/>\n<meta property=\"og:site_name\" content=\"AGRIVI\" \/>\n<meta property=\"article:modified_time\" content=\"2025-07-15T14:03:43+00:00\" \/>\n<meta name=\"twitter:card\" content=\"summary_large_image\" \/>\n<meta name=\"twitter:label1\" content=\"Szacowany czas czytania\" \/>\n\t<meta name=\"twitter:data1\" content=\"7 minut\" \/>\n<script type=\"application\/ld+json\" class=\"yoast-schema-graph\">{\"@context\":\"https:\\\/\\\/schema.org\",\"@graph\":[{\"@type\":\"WebPage\",\"@id\":\"https:\\\/\\\/www.agrivi.com\\\/pl\\\/produkty\\\/agrivi-ed\\\/\",\"url\":\"https:\\\/\\\/www.agrivi.com\\\/pl\\\/produkty\\\/agrivi-ed\\\/\",\"name\":\"AGRIVI | Ed\",\"isPartOf\":{\"@id\":\"https:\\\/\\\/www.agrivi.com\\\/pl\\\/#website\"},\"datePublished\":\"2023-05-18T16:19:03+00:00\",\"dateModified\":\"2025-07-15T14:03:43+00:00\",\"description\":\"Poznaj AGRIVI Ed. Asystenta doradztwa agronomicznego opartego na sztucznej inteligencji, kt\u00f3rego celem jest wzmocnienie \u0142a\u0144cucha warto\u015bci w rolnictwie i wsparcie cyfryzacji ponad 500 milion\u00f3w gospodarstw rolnych na ca\u0142ym \u015bwiecie.\",\"breadcrumb\":{\"@id\":\"https:\\\/\\\/www.agrivi.com\\\/pl\\\/produkty\\\/agrivi-ed\\\/#breadcrumb\"},\"inLanguage\":\"pl-PL\",\"potentialAction\":[{\"@type\":\"ReadAction\",\"target\":[\"https:\\\/\\\/www.agrivi.com\\\/pl\\\/produkty\\\/agrivi-ed\\\/\"]}]},{\"@type\":\"BreadcrumbList\",\"@id\":\"https:\\\/\\\/www.agrivi.com\\\/pl\\\/produkty\\\/agrivi-ed\\\/#breadcrumb\",\"itemListElement\":[{\"@type\":\"ListItem\",\"position\":1,\"name\":\"Home\",\"item\":\"https:\\\/\\\/www.agrivi.com\\\/pl\\\/\"},{\"@type\":\"ListItem\",\"position\":2,\"name\":\"Produkty\",\"item\":\"https:\\\/\\\/www.agrivi.com\\\/pl\\\/produkty\\\/\"},{\"@type\":\"ListItem\",\"position\":3,\"name\":\"AGRIVI Ed\"}]},{\"@type\":\"WebSite\",\"@id\":\"https:\\\/\\\/www.agrivi.com\\\/pl\\\/#website\",\"url\":\"https:\\\/\\\/www.agrivi.com\\\/pl\\\/\",\"name\":\"AGRIVI\",\"description\":\"Farm managment solutions\",\"publisher\":{\"@id\":\"https:\\\/\\\/www.agrivi.com\\\/pl\\\/#organization\"},\"potentialAction\":[{\"@type\":\"SearchAction\",\"target\":{\"@type\":\"EntryPoint\",\"urlTemplate\":\"https:\\\/\\\/www.agrivi.com\\\/pl\\\/?s={search_term_string}\"},\"query-input\":{\"@type\":\"PropertyValueSpecification\",\"valueRequired\":true,\"valueName\":\"search_term_string\"}}],\"inLanguage\":\"pl-PL\"},{\"@type\":\"Organization\",\"@id\":\"https:\\\/\\\/www.agrivi.com\\\/pl\\\/#organization\",\"name\":\"AGRIVI\",\"url\":\"https:\\\/\\\/www.agrivi.com\\\/pl\\\/\",\"logo\":{\"@type\":\"ImageObject\",\"inLanguage\":\"pl-PL\",\"@id\":\"https:\\\/\\\/www.agrivi.com\\\/pl\\\/#\\\/schema\\\/logo\\\/image\\\/\",\"url\":\"https:\\\/\\\/www.agrivi.com\\\/wp-content\\\/uploads\\\/2021\\\/02\\\/Agrivi-svg.svg\",\"contentUrl\":\"https:\\\/\\\/www.agrivi.com\\\/wp-content\\\/uploads\\\/2021\\\/02\\\/Agrivi-svg.svg\",\"width\":1,\"height\":1,\"caption\":\"AGRIVI\"},\"image\":{\"@id\":\"https:\\\/\\\/www.agrivi.com\\\/pl\\\/#\\\/schema\\\/logo\\\/image\\\/\"}}]}<\/script>\n<!-- \/ Yoast SEO plugin. -->","yoast_head_json":{"title":"AGRIVI | Ed","description":"Poznaj AGRIVI Ed. Asystenta doradztwa agronomicznego opartego na sztucznej inteligencji, kt\u00f3rego celem jest wzmocnienie \u0142a\u0144cucha warto\u015bci w rolnictwie i wsparcie cyfryzacji ponad 500 milion\u00f3w gospodarstw rolnych na ca\u0142ym \u015bwiecie.","robots":{"index":"index","follow":"follow","max-snippet":"max-snippet:-1","max-image-preview":"max-image-preview:large","max-video-preview":"max-video-preview:-1"},"canonical":"https:\/\/www.agrivi.com\/pl\/produkty\/agrivi-ed\/","og_locale":"pl_PL","og_type":"article","og_title":"AGRIVI | Ed","og_description":"Poznaj AGRIVI Ed. Asystenta doradztwa agronomicznego opartego na sztucznej inteligencji, kt\u00f3rego celem jest wzmocnienie \u0142a\u0144cucha warto\u015bci w rolnictwie i wsparcie cyfryzacji ponad 500 milion\u00f3w gospodarstw rolnych na ca\u0142ym \u015bwiecie.","og_url":"https:\/\/www.agrivi.com\/pl\/produkty\/agrivi-ed\/","og_site_name":"AGRIVI","article_modified_time":"2025-07-15T14:03:43+00:00","twitter_card":"summary_large_image","twitter_misc":{"Szacowany czas czytania":"7 minut"},"schema":{"@context":"https:\/\/schema.org","@graph":[{"@type":"WebPage","@id":"https:\/\/www.agrivi.com\/pl\/produkty\/agrivi-ed\/","url":"https:\/\/www.agrivi.com\/pl\/produkty\/agrivi-ed\/","name":"AGRIVI | Ed","isPartOf":{"@id":"https:\/\/www.agrivi.com\/pl\/#website"},"datePublished":"2023-05-18T16:19:03+00:00","dateModified":"2025-07-15T14:03:43+00:00","description":"Poznaj AGRIVI Ed. Asystenta doradztwa agronomicznego opartego na sztucznej inteligencji, kt\u00f3rego celem jest wzmocnienie \u0142a\u0144cucha warto\u015bci w rolnictwie i wsparcie cyfryzacji ponad 500 milion\u00f3w gospodarstw rolnych na ca\u0142ym \u015bwiecie.","breadcrumb":{"@id":"https:\/\/www.agrivi.com\/pl\/produkty\/agrivi-ed\/#breadcrumb"},"inLanguage":"pl-PL","potentialAction":[{"@type":"ReadAction","target":["https:\/\/www.agrivi.com\/pl\/produkty\/agrivi-ed\/"]}]},{"@type":"BreadcrumbList","@id":"https:\/\/www.agrivi.com\/pl\/produkty\/agrivi-ed\/#breadcrumb","itemListElement":[{"@type":"ListItem","position":1,"name":"Home","item":"https:\/\/www.agrivi.com\/pl\/"},{"@type":"ListItem","position":2,"name":"Produkty","item":"https:\/\/www.agrivi.com\/pl\/produkty\/"},{"@type":"ListItem","position":3,"name":"AGRIVI Ed"}]},{"@type":"WebSite","@id":"https:\/\/www.agrivi.com\/pl\/#website","url":"https:\/\/www.agrivi.com\/pl\/","name":"AGRIVI","description":"Farm managment solutions","publisher":{"@id":"https:\/\/www.agrivi.com\/pl\/#organization"},"potentialAction":[{"@type":"SearchAction","target":{"@type":"EntryPoint","urlTemplate":"https:\/\/www.agrivi.com\/pl\/?s={search_term_string}"},"query-input":{"@type":"PropertyValueSpecification","valueRequired":true,"valueName":"search_term_string"}}],"inLanguage":"pl-PL"},{"@type":"Organization","@id":"https:\/\/www.agrivi.com\/pl\/#organization","name":"AGRIVI","url":"https:\/\/www.agrivi.com\/pl\/","logo":{"@type":"ImageObject","inLanguage":"pl-PL","@id":"https:\/\/www.agrivi.com\/pl\/#\/schema\/logo\/image\/","url":"https:\/\/www.agrivi.com\/wp-content\/uploads\/2021\/02\/Agrivi-svg.svg","contentUrl":"https:\/\/www.agrivi.com\/wp-content\/uploads\/2021\/02\/Agrivi-svg.svg","width":1,"height":1,"caption":"AGRIVI"},"image":{"@id":"https:\/\/www.agrivi.com\/pl\/#\/schema\/logo\/image\/"}}]}},"_links":{"self":[{"href":"https:\/\/www.agrivi.com\/pl\/wp-json\/wp\/v2\/pages\/72386","targetHints":{"allow":["GET"]}}],"collection":[{"href":"https:\/\/www.agrivi.com\/pl\/wp-json\/wp\/v2\/pages"}],"about":[{"href":"https:\/\/www.agrivi.com\/pl\/wp-json\/wp\/v2\/types\/page"}],"author":[{"embeddable":true,"href":"https:\/\/www.agrivi.com\/pl\/wp-json\/wp\/v2\/users\/15"}],"replies":[{"embeddable":true,"href":"https:\/\/www.agrivi.com\/pl\/wp-json\/wp\/v2\/comments?post=72386"}],"version-history":[{"count":7,"href":"https:\/\/www.agrivi.com\/pl\/wp-json\/wp\/v2\/pages\/72386\/revisions"}],"predecessor-version":[{"id":72395,"href":"https:\/\/www.agrivi.com\/pl\/wp-json\/wp\/v2\/pages\/72386\/revisions\/72395"}],"up":[{"embeddable":true,"href":"https:\/\/www.agrivi.com\/pl\/wp-json\/wp\/v2\/pages\/15040"}],"wp:attachment":[{"href":"https:\/\/www.agrivi.com\/pl\/wp-json\/wp\/v2\/media?parent=72386"}],"curies":[{"name":"wp","href":"https:\/\/api.w.org\/{rel}","templated":true}]}}