
{"id":14843,"date":"2021-01-19T11:41:48","date_gmt":"2021-01-19T10:41:48","guid":{"rendered":"http:\/\/qkx.kqs.mybluehost.me\/cariere\/"},"modified":"2022-03-30T12:21:31","modified_gmt":"2022-03-30T10:21:31","slug":"cariere","status":"publish","type":"page","link":"https:\/\/www.agrivi.com\/ro\/cariere\/","title":{"rendered":"Cariere"},"content":{"rendered":"<p>[vc_section full_width=&#8221;stretch_row&#8221; content_placement=&#8221;middle&#8221; el_class=&#8221;agrivi-header&#8221; css=&#8221;.vc_custom_1624450151654{background: #407933 url(https:\/\/www.agrivi.com\/wp-content\/uploads\/2021\/06\/AGRIVI-Web-Hero-Image-CAREERS.jpg?id=32362) !important;background-position: center !important;background-repeat: no-repeat !important;background-size: cover !important;}&#8221;][vc_row][vc_column][vc_custom_heading text=&#8221;CARIERE AGRIVI&#8221; font_container=&#8221;tag:h1|text_align:center|color:%23ffffff&#8221; use_theme_fonts=&#8221;yes&#8221; el_class=&#8221;agrivi-header-title&#8221;][vc_custom_heading text=&#8221;Vino al\u0103turi de noi pentru a contribui la schimbarea modului \u00een care sunt produse alimentele.&#8221; font_container=&#8221;tag:h2|text_align:center|color:%23ffffff&#8221; el_class=&#8221;agrivi-header-subtitle&#8221;][\/vc_column][\/vc_row][\/vc_section][vc_section full_width=&#8221;stretch_row&#8221; el_class=&#8221;careers-3rd-row&#8221; css=&#8221;.vc_custom_1616664027404{padding-bottom: 0px !important;}&#8221;][vc_row content_placement=&#8221;middle&#8221;][vc_column][vc_custom_heading text=&#8221;VALORILE NOASTRE&#8221; font_container=&#8221;tag:h2|text_align:center&#8221; use_theme_fonts=&#8221;yes&#8221;][\/vc_column][\/vc_row][vc_row type=&#8221;full-width-section&#8221; equal_height=&#8221;yes&#8221; css=&#8221;.vc_custom_1621975490767{border-bottom-width: 1px !important;padding-bottom: 35px !important;background-color: #ffffff !important;border-bottom-color: #cdcdcd !important;border-bottom-style: solid !important;border-radius: 1px !important;}&#8221;][vc_column width=&#8221;1\/2&#8243;][vc_single_image image=&#8221;12851&#8243; img_size=&#8221;full&#8221; alignment=&#8221;center&#8221; css=&#8221;.vc_custom_1616659105736{padding-top: 10% !important;padding-right: 10% !important;padding-bottom: 10% !important;padding-left: 10% !important;}&#8221;][\/vc_column][vc_column width=&#8221;1\/2&#8243; el_class=&#8221;center-column-content-vertical&#8221;][vc_custom_heading text=&#8221;PASIUNE&#8221; font_container=&#8221;tag:h2|font_size:35|text_align:left|color:%23407933|line_height:42px&#8221; use_theme_fonts=&#8221;yes&#8221; css=&#8221;.vc_custom_1616663014903{padding-top: 0px !important;padding-right: 0px !important;padding-bottom: 0px !important;padding-left: 0px !important;}&#8221;][vc_column_text font_size=&#8221;22&#8243; line_height=&#8221;36&#8243; el_class=&#8221;limited_width&#8221; css=&#8221;.vc_custom_1622269096700{padding-top: 0px !important;padding-right: 0px !important;padding-bottom: 0px !important;padding-left: 0px !important;}&#8221;]AGRIVI are o misiune important\u0103. Suntem pasiona\u021bi de ceea ce facem \u0219i dorim s\u0103 lucr\u0103m cu oameni care \u00eemp\u0103rt\u0103\u0219esc pasiunea noastr\u0103 de a avea un impact pozitiv asupra lumii.[\/vc_column_text][\/vc_column][\/vc_row][vc_row type=&#8221;full-width-section&#8221; equal_height=&#8221;yes&#8221; css=&#8221;.vc_custom_1621977209689{border-bottom-width: 1px !important;padding-top: 35px !important;padding-bottom: 35px !important;background-color: #f7f8fa !important;border-bottom-color: #cdcdcd !important;border-bottom-style: solid !important;}&#8221; el_class=&#8221;swap-on-mobile&#8221;][vc_column width=&#8221;1\/2&#8243; el_class=&#8221;center-column-content-vertical&#8221;][vc_custom_heading text=&#8221;CREATIVITATE&#8221; font_container=&#8221;tag:h2|font_size:35|text_align:left|color:%23407933|line_height:42px&#8221; use_theme_fonts=&#8221;yes&#8221;][vc_column_text font_size=&#8221;22&#8243; line_height=&#8221;36&#8243; el_class=&#8221;limited_width&#8221;]<\/p>\n<p style=\"text-align: left;\">Cele mai mari probleme la nivel global necesit\u0103 idei inovatoare \u0219i neconven\u021bionale pentru putea fi rezolvate. Apreciem oamenii care reusesc s\u0103 fac\u0103 fa\u021b\u0103 provoc\u0103rilor si prin curiozitate \u0219i creativitate g\u0103sesc noi solu\u021bii.<\/p>\n<p>&nbsp;<br \/>\n[\/vc_column_text][\/vc_column][vc_column width=&#8221;1\/2&#8243; el_class=&#8221;vc_col-sm-pull-6&#8243;][vc_single_image image=&#8221;12843&#8243; img_size=&#8221;full&#8221; alignment=&#8221;center&#8221; css=&#8221;.vc_custom_1615842020753{padding-top: 10% !important;padding-right: 10% !important;padding-bottom: 10% !important;padding-left: 10% !important;}&#8221;][\/vc_column][\/vc_row][vc_row type=&#8221;full-width-section&#8221; equal_height=&#8221;yes&#8221; css=&#8221;.vc_custom_1621977305040{border-bottom-width: 1px !important;padding-top: 35px !important;padding-bottom: 35px !important;background-color: #ffffff !important;border-bottom-color: #cdcdcd !important;border-bottom-style: solid !important;}&#8221;][vc_column width=&#8221;1\/2&#8243;][vc_single_image image=&#8221;12811&#8243; img_size=&#8221;full&#8221; alignment=&#8221;center&#8221; css=&#8221;.vc_custom_1615842684898{padding-top: 10% !important;padding-right: 10% !important;padding-bottom: 10% !important;padding-left: 10% !important;}&#8221;][\/vc_column][vc_column width=&#8221;1\/2&#8243; el_class=&#8221;center-column-content-vertical&#8221;][vc_custom_heading text=&#8221;EXCELEN\u021aA&#8221; font_container=&#8221;tag:h2|font_size:35|text_align:left|color:%23407933|line_height:42px&#8221; use_theme_fonts=&#8221;yes&#8221;][vc_column_text font_size=&#8221;22&#8243; line_height=&#8221;36&#8243; el_class=&#8221;limited_width&#8221;]Oric\u00e2t de bune ar fi unele lucruri, exist\u0103 \u00eentotdeauna modalit\u0103\u021bi de a le face mai bine. Ne str\u0103duim s\u0103 realiz\u0103m software de calitate premium \u0219i s\u0103 implement\u0103m cele mai bune solu\u021bii care s\u0103 aduc\u0103 cea mai ridicat\u0103 valoare clien\u021bilor no\u0219tri.[\/vc_column_text][\/vc_column][\/vc_row][vc_row type=&#8221;full-width-section&#8221; equal_height=&#8221;yes&#8221; css=&#8221;.vc_custom_1621977312033{border-bottom-width: 1px !important;padding-top: 35px !important;padding-bottom: 35px !important;background-color: #f7f8fa !important;border-bottom-color: #cdcdcd !important;border-bottom-style: solid !important;}&#8221; el_class=&#8221;swap-on-mobile&#8221;][vc_column width=&#8221;1\/2&#8243; el_class=&#8221;center-column-content-vertical&#8221;][vc_custom_heading text=&#8221;RESPONSABILITATE&#8221; font_container=&#8221;tag:h2|font_size:35|text_align:left|color:%23407933|line_height:42px&#8221; use_theme_fonts=&#8221;yes&#8221;][vc_column_text font_size=&#8221;22&#8243; line_height=&#8221;36&#8243; el_class=&#8221;limited_width&#8221;]Suntem f\u0103ptuitori, nu c\u0103ut\u0103m scuze. Apreciem persoanele care \u00ee\u0219i pun \u00een practic\u0103 ideile, care sunt motivate \u0219i \u00ee\u0219i asum\u0103 \u00eentreaga responsabilitate pentru munca lor, de la idee la execu\u021bie.[\/vc_column_text][\/vc_column][vc_column width=&#8221;1\/2&#8243;][vc_single_image image=&#8221;12819&#8243; img_size=&#8221;full&#8221; alignment=&#8221;center&#8221; css=&#8221;.vc_custom_1615844094991{padding-top: 10% !important;padding-right: 10% !important;padding-bottom: 10% !important;padding-left: 10% !important;}&#8221;][\/vc_column][\/vc_row][vc_row type=&#8221;full-width-section&#8221; equal_height=&#8221;yes&#8221; css=&#8221;.vc_custom_1621977319631{border-bottom-width: 1px !important;background-color: #ffffff !important;border-bottom-color: #cdcdcd !important;border-bottom-style: solid !important;border-radius: 1px !important;}&#8221;][vc_column width=&#8221;1\/2&#8243;][vc_single_image image=&#8221;12835&#8243; img_size=&#8221;full&#8221; alignment=&#8221;center&#8221; css=&#8221;.vc_custom_1615841856224{padding-top: 10% !important;padding-right: 10% !important;padding-bottom: 10% !important;padding-left: 10% !important;}&#8221;][\/vc_column][vc_column width=&#8221;1\/2&#8243; el_class=&#8221;center-column-content-vertical&#8221;][vc_custom_heading text=&#8221;MUNCA \u00ceN ECHIP\u0102&#8221; font_container=&#8221;tag:h2|font_size:35|text_align:left|color:%23407933|line_height:42px&#8221; use_theme_fonts=&#8221;yes&#8221;][vc_column_text font_size=&#8221;22&#8243; line_height=&#8221;36&#8243; el_class=&#8221;limited_width&#8221;]O echip\u0103 este \u00eentotdeauna mai puternic\u0103 dec\u00e2t o singur\u0103 persoan\u0103. Avem nevoie de coechipieri proactivi, implica\u021bi \u0219i deschi\u0219i, care s\u0103 \u00eencline balan\u021ba \u00eentr-un efort de echip\u0103.[\/vc_column_text][\/vc_column][\/vc_row][vc_row type=&#8221;full-width-section&#8221; equal_height=&#8221;yes&#8221; css=&#8221;.vc_custom_1621977327384{border-bottom-width: 1px !important;padding-top: 35px !important;padding-bottom: 35px !important;background-color: #f7f8fa !important;border-bottom-color: #cdcdcd !important;border-bottom-style: solid !important;}&#8221; el_class=&#8221;swap-on-mobile&#8221;][vc_column width=&#8221;1\/2&#8243; el_class=&#8221;center-column-content-vertical&#8221;][vc_custom_heading text=&#8221;DIVERSITATE&#8221; font_container=&#8221;tag:h2|font_size:35|text_align:left|color:%23407933|line_height:42px&#8221; use_theme_fonts=&#8221;yes&#8221;][vc_column_text font_size=&#8221;22&#8243; line_height=&#8221;36&#8243; el_class=&#8221;limited_width&#8221;]Suntem o companie global\u0103, iar diversitatea este \u00een ADN-ul nostru. Cre\u0103m solu\u021bii revolu\u021bionare, sprijinim clien\u021bi de pe toate continentele, angaj\u0103m oameni din diferite \u021b\u0103ri \u0219i ne bucur\u0103m de diversitatea \u00een care tr\u0103im.[\/vc_column_text][\/vc_column][vc_column width=&#8221;1\/2&#8243;][vc_single_image image=&#8221;12787&#8243; img_size=&#8221;full&#8221; alignment=&#8221;center&#8221; css=&#8221;.vc_custom_1615981953211{padding-top: 10% !important;padding-right: 10% !important;padding-bottom: 10% !important;padding-left: 10% !important;}&#8221;][\/vc_column][\/vc_row][vc_row type=&#8221;full-width-section&#8221; equal_height=&#8221;yes&#8221; css=&#8221;.vc_custom_1621977335231{border-bottom-width: 1px !important;padding-top: 35px !important;padding-bottom: 35px !important;background-color: #ffffff !important;border-bottom-color: #cdcdcd !important;border-bottom-style: solid !important;border-radius: 1px !important;}&#8221;][vc_column width=&#8221;1\/2&#8243;][vc_single_image image=&#8221;12827&#8243; img_size=&#8221;full&#8221; alignment=&#8221;center&#8221; css=&#8221;.vc_custom_1615842302314{padding-top: 10% !important;padding-right: 10% !important;padding-bottom: 10% !important;padding-left: 10% !important;}&#8221;][\/vc_column][vc_column width=&#8221;1\/2&#8243; el_class=&#8221;center-column-content-vertical&#8221;][vc_custom_heading text=&#8221;DURABILITATE&#8221; font_container=&#8221;tag:h2|text_align:left|color:%23407933&#8243; use_theme_fonts=&#8221;yes&#8221;][vc_column_text font_size=&#8221;22&#8243; line_height=&#8221;36&#8243; el_class=&#8221;limited_width&#8221;]Am mo\u0219tenit planeta de la p\u0103rin\u021bii \u0219i bunicii nostri. Este responsabilitatea noastr\u0103 s\u0103 avem grij\u0103 de ea pe parcursul \u00eentregii noastre vie\u021bi \u0219i s\u0103 o facem un loc minunat de tr\u0103it pentru genera\u021biile viitoare.[\/vc_column_text][\/vc_column][\/vc_row][\/vc_section][vc_section full_width=&#8221;stretch_row&#8221; content_placement=&#8221;middle&#8221; css=&#8221;.vc_custom_1623683877125{padding-top: 0px !important;padding-right: 0px !important;padding-bottom: 0px !important;padding-left: 0px !important;}&#8221; el_class=&#8221;careers-benefits-section&#8221;][vc_row type=&#8221;full-width-section&#8221; equal_height=&#8221;yes&#8221; content_placement=&#8221;middle&#8221;][vc_column width=&#8221;1\/2&#8243;][vc_single_image image=&#8221;12795&#8243; img_size=&#8221;1054&#215;750&#8243; alignment=&#8221;center&#8221;][\/vc_column][vc_column width=&#8221;1\/2&#8243;][vc_custom_heading text=&#8221;AVANTAJELE AGRIVI&#8221; font_container=&#8221;tag:h2|text_align:left|color:%23343434&#8243; use_theme_fonts=&#8221;yes&#8221;][vc_column_text font_size=&#8221;18&#8243; line_height=&#8221;28&#8243; el_class=&#8221;agrivi_benefits_ul&#8221;]<\/p>\n<ul>\n<li>Lucreaz\u0103 \u00eentr-un domeniu care are un impact real asupra lumii<\/li>\n<li>Construie\u0219te un produs de top utilizat la nivel mondial<\/li>\n<li>Vino al\u0103turi de o companie \u00een cre\u0219tere rapid\u0103 \u00eentr-o industrie de trilioane de dolari<\/li>\n<li>Dezvolt\u0103-te profesional \u00een cadrul echipei noastre experimentate<\/li>\n<li>Un mediu de lucru interna\u021bional \u0219i flexibil<\/li>\n<\/ul>\n<p>&nbsp;<br \/>\n[\/vc_column_text][\/vc_column][\/vc_row][\/vc_section][vc_section full_width=&#8221;stretch_row_content&#8221; full_height=&#8221;yes&#8221; css=&#8221;.vc_custom_1618060810927{background-image: url(https:\/\/www.agrivi.com\/wp-content\/uploads\/2021\/04\/AGRIVI-Web-Careers-CTA-Image.jpg?id=13406) !important;background-position: center !important;background-repeat: no-repeat !important;background-size: cover !important;}&#8221;][vc_row type=&#8221;full-width-section&#8221; el_class=&#8221;careers-5th-row&#8221;][vc_column][vc_custom_heading text=&#8221;OPPORTUNIT\u0102\u021aI CARIER\u0102 &#8221; font_container=&#8221;tag:h2|font_size:40px|text_align:center|color:%23ffffff|line_height:55px&#8221; google_fonts=&#8221;font_family:Roboto%3A100%2C100italic%2C300%2C300italic%2Cregular%2Citalic%2C500%2C500italic%2C700%2C700italic%2C900%2C900italic|font_style:900%20bold%20regular%3A900%3Anormal&#8221; css=&#8221;.vc_custom_1617988645839{margin-bottom: 12px !important;}&#8221;][vc_custom_heading text=&#8221;C\u0103uta\u021bi prin locurile de munc\u0103 disponibile \u0219i aplica\u021bi.&#8221; font_container=&#8221;tag:h2|font_size:30px|text_align:center|color:%23ffffff|line_height:38px&#8221; google_fonts=&#8221;font_family:Roboto%3A100%2C100italic%2C300%2C300italic%2Cregular%2Citalic%2C500%2C500italic%2C700%2C700italic%2C900%2C900italic|font_style:300%20light%20regular%3A300%3Anormal&#8221; el_class=&#8221;not_uppercase&#8221;]<style type=\"text\/css\" >#b_rrruf8650md35hdbw6v9 a{color:#ffffff; background:#3f7631; margin-top:0px; margin-bottom:0px;  margin-left:0px; margin-right:0px; font-weight:500; border-radius:6px;}#b_rrruf8650md35hdbw6v9 a:hover{color:#ffffff ; background:#83b552 ;}<\/style><div class=\"ta_center tf_btn_pos\" id=\"b_rrruf8650md35hdbw6v9\" ><a class=\"rd_normal_bt mediumlarge_rd_bt  btn-agrivi-tertiary\" href=\"https:\/\/agrivi.talentlyft.com\/\" target=\"yes\"   >VERIFICA\u021aI LOCURILE DE MUNC\u0102 DISPONIBILE<\/a><\/div>[\/vc_column][\/vc_row][\/vc_section]<\/p>\n","protected":false},"excerpt":{"rendered":"<p>[vc_section full_width=&#8221;stretch_row&#8221; content_placement=&#8221;middle&#8221; el_class=&#8221;agrivi-header&#8221; css=&#8221;.vc_custom_1624450151654{background: #407933 url(https:\/\/www.agrivi.com\/wp-content\/uploads\/2021\/06\/AGRIVI-Web-Hero-Image-CAREERS.jpg?id=32362) !important;background-position: center !important;background-repeat: no-repeat !important;background-size: cover !important;}&#8221;][vc_row][vc_column][vc_custom_heading text=&#8221;CARIERE AGRIVI&#8221; font_container=&#8221;tag:h1|text_align:center|color:%23ffffff&#8221; use_theme_fonts=&#8221;yes&#8221; el_class=&#8221;agrivi-header-title&#8221;][vc_custom_heading text=&#8221;Vino al\u0103turi de noi pentru a contribui la schimbarea modului \u00een care sunt produse alimentele.&#8221; font_container=&#8221;tag:h2|text_align:center|color:%23ffffff&#8221; el_class=&#8221;agrivi-header-subtitle&#8221;][\/vc_column][\/vc_row][\/vc_section][vc_section full_width=&#8221;stretch_row&#8221; el_class=&#8221;careers-3rd-row&#8221; css=&#8221;.vc_custom_1616664027404{padding-bottom: 0px !important;}&#8221;][vc_row content_placement=&#8221;middle&#8221;][vc_column][vc_custom_heading text=&#8221;VALORILE NOASTRE&#8221; font_container=&#8221;tag:h2|text_align:center&#8221; use_theme_fonts=&#8221;yes&#8221;][\/vc_column][\/vc_row][vc_row type=&#8221;full-width-section&#8221; equal_height=&#8221;yes&#8221; css=&#8221;.vc_custom_1621975490767{border-bottom-width: 1px !important;padding-bottom: 35px !important;background-color: #ffffff !important;border-bottom-color:<br \/><a href=\"https:\/\/www.agrivi.com\/ro\/cariere\/\" class=\"more\">Citeste mai mult<\/a><\/p>\n","protected":false},"author":15,"featured_media":0,"parent":0,"menu_order":0,"comment_status":"closed","ping_status":"closed","template":"","meta":{"_acf_changed":false,"inline_featured_image":false,"footnotes":""},"class_list":["post-14843","page","type-page","status-publish","hentry"],"acf":[],"yoast_head":"<!-- This site is optimized with the Yoast SEO plugin v27.4 - https:\/\/yoast.com\/product\/yoast-seo-wordpress\/ -->\n<title>AGRIVI | Cariere<\/title>\n<meta name=\"description\" content=\"Al\u0103tur\u0103-te nou\u0103 schimb\u0103rii modului \u00een care se produc m\u00e2ncarea - exploreaz\u0103 oportunit\u0103\u021bile noastre deschise pentru dezvoltarea carierei.\" \/>\n<meta name=\"robots\" content=\"index, follow, max-snippet:-1, max-image-preview:large, max-video-preview:-1\" \/>\n<link rel=\"canonical\" href=\"https:\/\/www.agrivi.com\/ro\/cariere\/\" \/>\n<meta property=\"og:locale\" content=\"ro_RO\" \/>\n<meta property=\"og:type\" content=\"article\" \/>\n<meta property=\"og:title\" content=\"AGRIVI | Cariere\" \/>\n<meta property=\"og:description\" content=\"Al\u0103tur\u0103-te nou\u0103 schimb\u0103rii modului \u00een care se produc m\u00e2ncarea - exploreaz\u0103 oportunit\u0103\u021bile noastre deschise pentru dezvoltarea carierei.\" \/>\n<meta property=\"og:url\" content=\"https:\/\/www.agrivi.com\/ro\/cariere\/\" \/>\n<meta property=\"og:site_name\" content=\"AGRIVI\" \/>\n<meta property=\"article:modified_time\" content=\"2022-03-30T10:21:31+00:00\" \/>\n<meta name=\"twitter:card\" content=\"summary_large_image\" \/>\n<meta name=\"twitter:label1\" content=\"Timp estimat pentru citire\" \/>\n\t<meta name=\"twitter:data1\" content=\"8 minute\" \/>\n<script type=\"application\/ld+json\" class=\"yoast-schema-graph\">{\"@context\":\"https:\\\/\\\/schema.org\",\"@graph\":[{\"@type\":\"WebPage\",\"@id\":\"https:\\\/\\\/www.agrivi.com\\\/ro\\\/cariere\\\/\",\"url\":\"https:\\\/\\\/www.agrivi.com\\\/ro\\\/cariere\\\/\",\"name\":\"AGRIVI | Cariere\",\"isPartOf\":{\"@id\":\"https:\\\/\\\/www.agrivi.com\\\/ro\\\/#website\"},\"datePublished\":\"2021-01-19T10:41:48+00:00\",\"dateModified\":\"2022-03-30T10:21:31+00:00\",\"description\":\"Al\u0103tur\u0103-te nou\u0103 schimb\u0103rii modului \u00een care se produc m\u00e2ncarea - exploreaz\u0103 oportunit\u0103\u021bile noastre deschise pentru dezvoltarea carierei.\",\"breadcrumb\":{\"@id\":\"https:\\\/\\\/www.agrivi.com\\\/ro\\\/cariere\\\/#breadcrumb\"},\"inLanguage\":\"ro-RO\",\"potentialAction\":[{\"@type\":\"ReadAction\",\"target\":[\"https:\\\/\\\/www.agrivi.com\\\/ro\\\/cariere\\\/\"]}]},{\"@type\":\"BreadcrumbList\",\"@id\":\"https:\\\/\\\/www.agrivi.com\\\/ro\\\/cariere\\\/#breadcrumb\",\"itemListElement\":[{\"@type\":\"ListItem\",\"position\":1,\"name\":\"Home\",\"item\":\"https:\\\/\\\/www.agrivi.com\\\/ro\\\/\"},{\"@type\":\"ListItem\",\"position\":2,\"name\":\"Cariere\"}]},{\"@type\":\"WebSite\",\"@id\":\"https:\\\/\\\/www.agrivi.com\\\/ro\\\/#website\",\"url\":\"https:\\\/\\\/www.agrivi.com\\\/ro\\\/\",\"name\":\"AGRIVI\",\"description\":\"Farm managment solutions\",\"publisher\":{\"@id\":\"https:\\\/\\\/www.agrivi.com\\\/ro\\\/#organization\"},\"potentialAction\":[{\"@type\":\"SearchAction\",\"target\":{\"@type\":\"EntryPoint\",\"urlTemplate\":\"https:\\\/\\\/www.agrivi.com\\\/ro\\\/?s={search_term_string}\"},\"query-input\":{\"@type\":\"PropertyValueSpecification\",\"valueRequired\":true,\"valueName\":\"search_term_string\"}}],\"inLanguage\":\"ro-RO\"},{\"@type\":\"Organization\",\"@id\":\"https:\\\/\\\/www.agrivi.com\\\/ro\\\/#organization\",\"name\":\"AGRIVI\",\"url\":\"https:\\\/\\\/www.agrivi.com\\\/ro\\\/\",\"logo\":{\"@type\":\"ImageObject\",\"inLanguage\":\"ro-RO\",\"@id\":\"https:\\\/\\\/www.agrivi.com\\\/ro\\\/#\\\/schema\\\/logo\\\/image\\\/\",\"url\":\"https:\\\/\\\/www.agrivi.com\\\/wp-content\\\/uploads\\\/2021\\\/02\\\/Agrivi-svg.svg\",\"contentUrl\":\"https:\\\/\\\/www.agrivi.com\\\/wp-content\\\/uploads\\\/2021\\\/02\\\/Agrivi-svg.svg\",\"width\":1,\"height\":1,\"caption\":\"AGRIVI\"},\"image\":{\"@id\":\"https:\\\/\\\/www.agrivi.com\\\/ro\\\/#\\\/schema\\\/logo\\\/image\\\/\"}}]}<\/script>\n<!-- \/ Yoast SEO plugin. -->","yoast_head_json":{"title":"AGRIVI | Cariere","description":"Al\u0103tur\u0103-te nou\u0103 schimb\u0103rii modului \u00een care se produc m\u00e2ncarea - exploreaz\u0103 oportunit\u0103\u021bile noastre deschise pentru dezvoltarea carierei.","robots":{"index":"index","follow":"follow","max-snippet":"max-snippet:-1","max-image-preview":"max-image-preview:large","max-video-preview":"max-video-preview:-1"},"canonical":"https:\/\/www.agrivi.com\/ro\/cariere\/","og_locale":"ro_RO","og_type":"article","og_title":"AGRIVI | Cariere","og_description":"Al\u0103tur\u0103-te nou\u0103 schimb\u0103rii modului \u00een care se produc m\u00e2ncarea - exploreaz\u0103 oportunit\u0103\u021bile noastre deschise pentru dezvoltarea carierei.","og_url":"https:\/\/www.agrivi.com\/ro\/cariere\/","og_site_name":"AGRIVI","article_modified_time":"2022-03-30T10:21:31+00:00","twitter_card":"summary_large_image","twitter_misc":{"Timp estimat pentru citire":"8 minute"},"schema":{"@context":"https:\/\/schema.org","@graph":[{"@type":"WebPage","@id":"https:\/\/www.agrivi.com\/ro\/cariere\/","url":"https:\/\/www.agrivi.com\/ro\/cariere\/","name":"AGRIVI | Cariere","isPartOf":{"@id":"https:\/\/www.agrivi.com\/ro\/#website"},"datePublished":"2021-01-19T10:41:48+00:00","dateModified":"2022-03-30T10:21:31+00:00","description":"Al\u0103tur\u0103-te nou\u0103 schimb\u0103rii modului \u00een care se produc m\u00e2ncarea - exploreaz\u0103 oportunit\u0103\u021bile noastre deschise pentru dezvoltarea carierei.","breadcrumb":{"@id":"https:\/\/www.agrivi.com\/ro\/cariere\/#breadcrumb"},"inLanguage":"ro-RO","potentialAction":[{"@type":"ReadAction","target":["https:\/\/www.agrivi.com\/ro\/cariere\/"]}]},{"@type":"BreadcrumbList","@id":"https:\/\/www.agrivi.com\/ro\/cariere\/#breadcrumb","itemListElement":[{"@type":"ListItem","position":1,"name":"Home","item":"https:\/\/www.agrivi.com\/ro\/"},{"@type":"ListItem","position":2,"name":"Cariere"}]},{"@type":"WebSite","@id":"https:\/\/www.agrivi.com\/ro\/#website","url":"https:\/\/www.agrivi.com\/ro\/","name":"AGRIVI","description":"Farm managment solutions","publisher":{"@id":"https:\/\/www.agrivi.com\/ro\/#organization"},"potentialAction":[{"@type":"SearchAction","target":{"@type":"EntryPoint","urlTemplate":"https:\/\/www.agrivi.com\/ro\/?s={search_term_string}"},"query-input":{"@type":"PropertyValueSpecification","valueRequired":true,"valueName":"search_term_string"}}],"inLanguage":"ro-RO"},{"@type":"Organization","@id":"https:\/\/www.agrivi.com\/ro\/#organization","name":"AGRIVI","url":"https:\/\/www.agrivi.com\/ro\/","logo":{"@type":"ImageObject","inLanguage":"ro-RO","@id":"https:\/\/www.agrivi.com\/ro\/#\/schema\/logo\/image\/","url":"https:\/\/www.agrivi.com\/wp-content\/uploads\/2021\/02\/Agrivi-svg.svg","contentUrl":"https:\/\/www.agrivi.com\/wp-content\/uploads\/2021\/02\/Agrivi-svg.svg","width":1,"height":1,"caption":"AGRIVI"},"image":{"@id":"https:\/\/www.agrivi.com\/ro\/#\/schema\/logo\/image\/"}}]}},"_links":{"self":[{"href":"https:\/\/www.agrivi.com\/ro\/wp-json\/wp\/v2\/pages\/14843","targetHints":{"allow":["GET"]}}],"collection":[{"href":"https:\/\/www.agrivi.com\/ro\/wp-json\/wp\/v2\/pages"}],"about":[{"href":"https:\/\/www.agrivi.com\/ro\/wp-json\/wp\/v2\/types\/page"}],"author":[{"embeddable":true,"href":"https:\/\/www.agrivi.com\/ro\/wp-json\/wp\/v2\/users\/15"}],"replies":[{"embeddable":true,"href":"https:\/\/www.agrivi.com\/ro\/wp-json\/wp\/v2\/comments?post=14843"}],"version-history":[{"count":24,"href":"https:\/\/www.agrivi.com\/ro\/wp-json\/wp\/v2\/pages\/14843\/revisions"}],"predecessor-version":[{"id":54333,"href":"https:\/\/www.agrivi.com\/ro\/wp-json\/wp\/v2\/pages\/14843\/revisions\/54333"}],"wp:attachment":[{"href":"https:\/\/www.agrivi.com\/ro\/wp-json\/wp\/v2\/media?parent=14843"}],"curies":[{"name":"wp","href":"https:\/\/api.w.org\/{rel}","templated":true}]}}