
{"id":72404,"date":"2023-05-18T18:19:03","date_gmt":"2023-05-18T16:19:03","guid":{"rendered":"https:\/\/www.agrivi.com\/proizvodi\/agrivi-ed\/"},"modified":"2025-07-15T16:19:28","modified_gmt":"2025-07-15T14:19:28","slug":"agrivi-ed","status":"publish","type":"page","link":"https:\/\/www.agrivi.com\/sr\/proizvodi\/agrivi-ed\/","title":{"rendered":"AGRIVI Ed"},"content":{"rendered":"<p>[vc_section full_width=&#8220;stretch_row_content&#8220; content_placement=&#8220;middle&#8220; el_class=&#8220;agrivi-header desktop-only vh-50&#8243; css=&#8220;.vc_custom_1752589111506{background: #407933 url(https:\/\/www.agrivi.com\/wp-content\/uploads\/2025\/07\/Advisor-Hero-language.jpg?id=72352) !important;background-position: center !important;background-repeat: no-repeat !important;background-size: cover !important;}&#8220;][vc_row][vc_column][\/vc_column][\/vc_row][\/vc_section][vc_section full_width=&#8220;stretch_row&#8220; content_placement=&#8220;middle&#8220; el_class=&#8220;agrivi-header mobile-only&#8220; css=&#8220;.vc_custom_1713366362239{margin-top: 50px !important;padding-top: 150px !important;padding-bottom: 150px !important;background: #407933 url(https:\/\/www.agrivi.com\/wp-content\/uploads\/2024\/04\/Advisor-Hero-MOBILE-New.jpg?id=66473) !important;background-position: center !important;background-repeat: no-repeat !important;background-size: cover !important;}&#8220;][vc_row][vc_column][\/vc_column][\/vc_row][\/vc_section][vc_section full_width=&#8220;stretch_row&#8220; css=&#8220;.vc_custom_1699011055212{border-bottom-width: 1px !important;background-position: center !important;background-repeat: no-repeat !important;background-size: cover !important;border-bottom-color: #cdcdcd !important;}&#8220;][vc_row][vc_column][vc_video link=&#8220;https:\/\/www.youtube.com\/watch?v=8m2HfGomZts&#8220; align=&#8220;center&#8220;][\/vc_column][\/vc_row][\/vc_section][vc_section full_width=&#8220;stretch_row&#8220; el_class=&#8220;careers-3rd-row&#8220; css=&#8220;.vc_custom_1698752855966{padding-top: 0px !important;padding-bottom: 0px !important;}&#8220; el_id=&#8220;careers-section&#8220;][vc_row type=&#8220;full-width-section&#8220; content_placement=&#8220;middle&#8220; css=&#8220;.vc_custom_1698753068415{padding-top: 50px !important;background-color: #ffffff !important;}&#8220;][vc_column][vc_custom_heading text=&#8220;Upoznajte AGRIVI Ed-a, va\u0161eg pouzdanog agronoma&#8220; font_container=&#8220;tag:h2|text_align:center&#8220; use_theme_fonts=&#8220;yes&#8220;][\/vc_column][\/vc_row][vc_row type=&#8220;full-width-section&#8220; equal_height=&#8220;yes&#8220; css=&#8220;.vc_custom_1698753063886{border-bottom-width: 1px !important;background-color: #ffffff !important;border-bottom-color: #cdcdcd !important;border-bottom-style: solid !important;}&#8220; el_class=&#8220;swap-on-mobile&#8220;][vc_column width=&#8220;1\/2&#8243; el_class=&#8220;center-column-content-vertical mar-left&#8220;][vc_custom_heading text=&#8220;Lokalizacija&#8220; font_container=&#8220;tag:h2|font_size:35|text_align:left|color:%23407933|line_height:42px&#8220; use_theme_fonts=&#8220;yes&#8220; el_class=&#8220;section__title&#8220;][vc_column_text font_size=&#8220;22&#8243; line_height=&#8220;36&#8243; el_class=&#8220;limited_width&#8220;]<br \/>\nEd podr\u017eava komunikaciju na vi\u0161e od 50 jezika. Izaberite jezik koji vam najvi\u0161e odgovara.<br \/>\n[\/vc_column_text][\/vc_column][vc_column width=&#8220;1\/2&#8243; el_class=&#8220;vc_col-sm-pull-6&#8243;][vc_single_image image=&#8220;60824&#8243; img_size=&#8220;full&#8220; alignment=&#8220;center&#8220; css=&#8220;.vc_custom_1685699107085{padding-top: 10% !important;padding-right: 10% !important;padding-bottom: 10% !important;padding-left: 10% !important;}&#8220;][\/vc_column][\/vc_row][vc_row type=&#8220;full-width-section&#8220; equal_height=&#8220;yes&#8220; css=&#8220;.vc_custom_1698753036150{border-bottom-width: 1px !important;background-color: #f7f8fa !important;border-bottom-color: #cdcdcd !important;border-bottom-style: solid !important;}&#8220;][vc_column width=&#8220;1\/2&#8243;][vc_single_image image=&#8220;66417&#8243; img_size=&#8220;full&#8220; alignment=&#8220;center&#8220; css=&#8220;.vc_custom_1713259548884{padding-top: 10% !important;padding-right: 10% !important;padding-bottom: 10% !important;padding-left: 10% !important;}&#8220;][\/vc_column][vc_column width=&#8220;1\/2&#8243; el_class=&#8220;center-column-content-vertical mar-right&#8220;][vc_custom_heading text=&#8220;Jednostavan interfejs za kori\u0161\u0107enje&#8220; font_container=&#8220;tag:h2|font_size:35|text_align:left|color:%23407933|line_height:42px&#8220; use_theme_fonts=&#8220;yes&#8220; el_class=&#8220;section__title&#8220;][vc_column_text font_size=&#8220;22&#8243; line_height=&#8220;36&#8243; el_class=&#8220;limited_width&#8220;]Ed je dostupan kao AI savetnik na WhatsApp-u, \u0161to ga \u010dini lakim za kori\u0161\u0107enje.[\/vc_column_text][\/vc_column][\/vc_row][vc_row type=&#8220;full-width-section&#8220; equal_height=&#8220;yes&#8220; css=&#8220;.vc_custom_1690965551218{border-bottom-width: 1px !important;background-color: #ffffff !important;border-bottom-color: #cdcdcd !important;border-bottom-style: solid !important;border-radius: 1px !important;}&#8220;][vc_column width=&#8220;1\/2&#8243;][vc_single_image image=&#8220;61068&#8243; img_size=&#8220;full&#8220; alignment=&#8220;center&#8220; css=&#8220;.vc_custom_1686563265424{padding-top: 10% !important;padding-right: 10% !important;padding-bottom: 10% !important;padding-left: 10% !important;}&#8220;][\/vc_column][vc_column width=&#8220;1\/2&#8243; el_class=&#8220;center-column-content-vertical mar-right&#8220;][vc_custom_heading text=&#8220;Sna\u017eno znanje&#8220; font_container=&#8220;tag:h2|font_size:35|text_align:left|color:%23407933|line_height:42px&#8220; use_theme_fonts=&#8220;yes&#8220; css=&#8220;.vc_custom_1686046317394{padding-top: 0px !important;padding-right: 0px !important;padding-bottom: 0px !important;padding-left: 0px !important;}&#8220; el_class=&#8220;section__title limited_width&#8220;][vc_column_text font_size=&#8220;22&#8243; line_height=&#8220;36&#8243; el_class=&#8220;limited_width&#8220; css=&#8220;.vc_custom_1685005172855{padding-top: 0px !important;padding-right: 0px !important;padding-bottom: 0px !important;padding-left: 0px !important;}&#8220;]Ed pru\u017ea kvalitetne i ta\u010dne informacije o inputima. Postavite bilo koje pitanje o proizvodima, Ed zna sve.[\/vc_column_text][\/vc_column][\/vc_row][vc_row type=&#8220;full-width-section&#8220; equal_height=&#8220;yes&#8220; css=&#8220;.vc_custom_1690965560100{border-bottom-width: 1px !important;background-color: #f7f8fa !important;border-bottom-color: #cdcdcd !important;border-bottom-style: solid !important;}&#8220; el_class=&#8220;swap-on-mobile&#8220;][vc_column width=&#8220;1\/2&#8243; el_class=&#8220;center-column-content-vertical mar-left&#8220;][vc_custom_heading text=&#8220;Dostupan 24\/7&#8243; font_container=&#8220;tag:h2|font_size:35|text_align:left|color:%23407933|line_height:42px&#8220; use_theme_fonts=&#8220;yes&#8220; el_class=&#8220;section__title&#8220;][vc_column_text font_size=&#8220;22&#8243; line_height=&#8220;36&#8243; el_class=&#8220;limited_width&#8220;]Kad god vam treba Ed, on je tu. Ne treba mu san niti raspored smena, uvek je spreman da vam pomogne.[\/vc_column_text][\/vc_column][vc_column width=&#8220;1\/2&#8243;][vc_single_image image=&#8220;60788&#8243; img_size=&#8220;full&#8220; alignment=&#8220;center&#8220; css=&#8220;.vc_custom_1685699173864{padding-top: 10% !important;padding-right: 10% !important;padding-bottom: 10% !important;padding-left: 10% !important;}&#8220;][\/vc_column][\/vc_row][vc_row type=&#8220;full-width-section&#8220; equal_height=&#8220;yes&#8220; css=&#8220;.vc_custom_1690965573758{border-bottom-width: 1px !important;background-color: #ffffff !important;border-bottom-color: #cdcdcd !important;border-bottom-style: solid !important;border-radius: 1px !important;}&#8220;][vc_column width=&#8220;1\/2&#8243;][vc_single_image image=&#8220;60797&#8243; img_size=&#8220;full&#8220; alignment=&#8220;center&#8220; css=&#8220;.vc_custom_1685699187273{padding-top: 10% !important;padding-right: 10% !important;padding-bottom: 10% !important;padding-left: 10% !important;}&#8220;][\/vc_column][vc_column width=&#8220;1\/2&#8243; el_class=&#8220;center-column-content-vertical mar-right&#8220;][vc_custom_heading text=&#8220;Trenuta\u010dni odgovori&#8220; font_container=&#8220;tag:h2|font_size:35|text_align:left|color:%23407933|line_height:42px&#8220; use_theme_fonts=&#8220;yes&#8220; el_class=&#8220;section__title&#8220;][vc_column_text font_size=&#8220;22&#8243; line_height=&#8220;36&#8243; el_class=&#8220;limited_width&#8220;]Jednostavan interfejs \u010dini razgovor lakim kao \u0107askanje sa prijateljem.[\/vc_column_text][\/vc_column][\/vc_row][vc_row type=&#8220;full-width-section&#8220; equal_height=&#8220;yes&#8220; css=&#8220;.vc_custom_1690965579976{border-bottom-width: 1px !important;background-color: #f7f8fa !important;border-bottom-color: #cdcdcd !important;border-bottom-style: solid !important;}&#8220; el_class=&#8220;swap-on-mobile&#8220;][vc_column width=&#8220;1\/2&#8243; el_class=&#8220;center-column-content-vertical mar-left&#8220;][vc_custom_heading text=&#8220;Neograni\u010deni razgovori&#8220; font_container=&#8220;tag:h2|font_size:35|text_align:left|color:%23407933|line_height:42px&#8220; use_theme_fonts=&#8220;yes&#8220; el_class=&#8220;section__title&#8220;][vc_column_text font_size=&#8220;22&#8243; line_height=&#8220;36&#8243; el_class=&#8220;limited_width&#8220;]Mo\u017eete tra\u017eiti savete od Eda koliko god \u017eelite, nema ograni\u010denja u porukama.[\/vc_column_text][\/vc_column][vc_column width=&#8220;1\/2&#8243;][vc_single_image image=&#8220;61039&#8243; img_size=&#8220;full&#8220; alignment=&#8220;center&#8220; css=&#8220;.vc_custom_1686132752628{padding-top: 10% !important;padding-right: 10% !important;padding-bottom: 10% !important;padding-left: 10% !important;}&#8220;][\/vc_column][\/vc_row][\/vc_section][vc_row equal_height=&#8220;yes&#8220; el_class=&#8220;engage__section&#8220; el_id=&#8220;careers-section&#8220;][vc_column width=&#8220;1\/2&#8243; el_class=&#8220;image-pb-mobile&#8220;][vc_single_image image=&#8220;72361&#8243; img_size=&#8220;full&#8220; alignment=&#8220;center&#8220; css=&#8220;.vc_custom_1752589159627{padding-top: 10% !important;padding-right: 10% !important;padding-bottom: 0px !important;padding-left: 10% !important;}&#8220;][\/vc_column][vc_column width=&#8220;1\/2&#8243; el_class=&#8220;center-column-content-vertical&#8220;][vc_custom_heading text=&#8220;Dobijte svog Eda preko AGRIVI Engage&#8220; font_container=&#8220;tag:h2|text_align:left|color:%23407933&#8243; use_theme_fonts=&#8220;yes&#8220; el_class=&#8220;section__title&#8220;][vc_column_text font_size=&#8220;22&#8243; line_height=&#8220;36&#8243; el_class=&#8220;limited_width&#8220;]Da li ste kompanija zainteresovana za Eda? Ed je dostupan kao white-label re\u0161enje pod va\u0161im brendom. Dajte Ed-u svoje ime s pomo\u0107u platforme AGRIVI Engage.[\/vc_column_text]<style type=\"text\/css\" >#b_dj11u2u1kbui0kl5jrve a{color:; background:; margin-top:0px; margin-bottom:0px;  margin-left:0px; margin-right:0px; font-weight:900; border-radius:0px;}#b_dj11u2u1kbui0kl5jrve a:hover{color: ; background: ;}<\/style><div class=\"ta_left tf_btn_pos\" id=\"b_dj11u2u1kbui0kl5jrve\" ><a class=\"rd_normal_bt small_rd_bt  btn-agrivi-primary\" href=\"https:\/\/www.agrivi.com\/sr\/proizvodi\/agrivi-engage\/\" target=\"\"   >SAZNAJTE VI\u0160E<\/a><\/div>[\/vc_column][\/vc_row][vc_section full_width=&#8220;stretch_row_content&#8220; full_height=&#8220;yes&#8220; css=&#8220;.vc_custom_1690967557932{padding-right: 20px !important;padding-left: 20px !important;background-image: url(https:\/\/www.agrivi.com\/wp-content\/uploads\/2023\/06\/AGRIVI-Web-Hero-Image-4.jpg?id=60753) !important;background-position: center !important;background-repeat: no-repeat !important;background-size: cover !important;}&#8220; el_id=&#8220;ai-agronomic-advisory&#8220;][vc_row type=&#8220;full-width-section&#8220; el_class=&#8220;careers-5th-row&#8220;][vc_column][vc_custom_heading text=&#8220;AI agronomski savetnik koji \u010dini upravljanje usevima pametnijim i efikasnijim&#8220; font_container=&#8220;tag:h2|font_size:40px|text_align:center|color:%23ffffff|line_height:55px&#8220; google_fonts=&#8220;font_family:Roboto%3A100%2C100italic%2C300%2C300italic%2Cregular%2Citalic%2C500%2C500italic%2C700%2C700italic%2C900%2C900italic|font_style:900%20bold%20regular%3A900%3Anormal&#8220; css=&#8220;.vc_custom_1684484518428{margin-bottom: 12px !important;}&#8220;][vc_custom_heading text=&#8220;Imate pitanje o semenu ili za\u0161titi useva?&#8220; font_container=&#8220;tag:h2|font_size:30px|text_align:center|color:%23ffffff|line_height:38px&#8220; google_fonts=&#8220;font_family:Roboto%3A100%2C100italic%2C300%2C300italic%2Cregular%2Citalic%2C500%2C500italic%2C700%2C700italic%2C900%2C900italic|font_style:300%20light%20regular%3A300%3Anormal&#8220; el_class=&#8220;not_uppercase&#8220;]<style type=\"text\/css\" >#b_7qdpgii57noqh3z3jr15 a{color:#ffffff; background:#3f7631; margin-top:0px; margin-bottom:0px;  margin-left:0px; margin-right:0px; font-weight:500; border-radius:6px;}#b_7qdpgii57noqh3z3jr15 a:hover{color:#ffffff ; background:#83b552 ;}<\/style><div class=\"ta_center tf_btn_pos\" id=\"b_7qdpgii57noqh3z3jr15\" ><a class=\"rd_normal_bt mediumlarge_rd_bt  btn-agrivi-tertiary\" href=\"https:\/\/www.agrivi.com\/sr\/demo\/\" target=\"yes\"   >KONTAKTIRAJTE NAS<\/a><\/div>[\/vc_column][\/vc_row][\/vc_section]<\/p>\n","protected":false},"excerpt":{"rendered":"<p>[vc_section full_width=&#8220;stretch_row_content&#8220; content_placement=&#8220;middle&#8220; el_class=&#8220;agrivi-header desktop-only vh-50&#8243; css=&#8220;.vc_custom_1752589111506{background: #407933 url(https:\/\/www.agrivi.com\/wp-content\/uploads\/2025\/07\/Advisor-Hero-language.jpg?id=72352) !important;background-position: center !important;background-repeat: no-repeat !important;background-size: cover !important;}&#8220;][vc_row][vc_column][\/vc_column][\/vc_row][\/vc_section][vc_section full_width=&#8220;stretch_row&#8220; content_placement=&#8220;middle&#8220; el_class=&#8220;agrivi-header mobile-only&#8220; css=&#8220;.vc_custom_1713366362239{margin-top: 50px !important;padding-top: 150px !important;padding-bottom: 150px !important;background: #407933 url(https:\/\/www.agrivi.com\/wp-content\/uploads\/2024\/04\/Advisor-Hero-MOBILE-New.jpg?id=66473) !important;background-position: center !important;background-repeat: no-repeat !important;background-size: cover !important;}&#8220;][vc_row][vc_column][\/vc_column][\/vc_row][\/vc_section][vc_section full_width=&#8220;stretch_row&#8220; css=&#8220;.vc_custom_1699011055212{border-bottom-width: 1px !important;background-position: center !important;background-repeat: no-repeat !important;background-size: cover !important;border-bottom-color: #cdcdcd !important;}&#8220;][vc_row][vc_column][vc_video link=&#8220;https:\/\/www.youtube.com\/watch?v=8m2HfGomZts&#8220; align=&#8220;center&#8220;][\/vc_column][\/vc_row][\/vc_section][vc_section full_width=&#8220;stretch_row&#8220; el_class=&#8220;careers-3rd-row&#8220; css=&#8220;.vc_custom_1698752855966{padding-top: 0px !important;padding-bottom:<br \/><a href=\"https:\/\/www.agrivi.com\/sr\/proizvodi\/agrivi-ed\/\" class=\"more\">Op\u0161irnije<\/a><\/p>\n","protected":false},"author":15,"featured_media":0,"parent":17888,"menu_order":0,"comment_status":"closed","ping_status":"closed","template":"","meta":{"_acf_changed":false,"inline_featured_image":false,"footnotes":""},"class_list":["post-72404","page","type-page","status-publish","hentry"],"acf":[],"yoast_head":"<!-- This site is optimized with the Yoast SEO plugin v27.3 - https:\/\/yoast.com\/product\/yoast-seo-wordpress\/ -->\n<title>AGRIVI | Ed<\/title>\n<meta name=\"description\" content=\"Upoznajte AGRIVI Ed. Agronomskog savetodavnog asistenta vo\u0111enog ve\u0161ta\u010dkom inteligencijom, dizajniranog da osna\u017ei lanac vrednosti poljoprivrede i podr\u017ei digitalizaciju preko 500 miliona farmi \u0161irom sveta.\" \/>\n<meta name=\"robots\" content=\"index, follow, max-snippet:-1, max-image-preview:large, max-video-preview:-1\" \/>\n<link rel=\"canonical\" href=\"https:\/\/www.agrivi.com\/sr\/proizvodi\/agrivi-ed\/\" \/>\n<meta property=\"og:locale\" content=\"sr_RS\" \/>\n<meta property=\"og:type\" content=\"article\" \/>\n<meta property=\"og:title\" content=\"AGRIVI | Ed\" \/>\n<meta property=\"og:description\" content=\"Upoznajte AGRIVI Ed. Agronomskog savetodavnog asistenta vo\u0111enog ve\u0161ta\u010dkom inteligencijom, dizajniranog da osna\u017ei lanac vrednosti poljoprivrede i podr\u017ei digitalizaciju preko 500 miliona farmi \u0161irom sveta.\" \/>\n<meta property=\"og:url\" content=\"https:\/\/www.agrivi.com\/sr\/proizvodi\/agrivi-ed\/\" \/>\n<meta property=\"og:site_name\" content=\"AGRIVI\" \/>\n<meta property=\"article:modified_time\" content=\"2025-07-15T14:19:28+00:00\" \/>\n<meta name=\"twitter:card\" content=\"summary_large_image\" \/>\n<meta name=\"twitter:label1\" content=\"\u041f\u0440\u043e\u0446\u0435\u045a\u0435\u043d\u043e \u0432\u0440\u0435\u043c\u0435 \u0447\u0438\u0442\u0430\u045a\u0430\" \/>\n\t<meta name=\"twitter:data1\" content=\"7 \u043c\u0438\u043d\u0443\u0442\u0430\" \/>\n<script type=\"application\/ld+json\" class=\"yoast-schema-graph\">{\"@context\":\"https:\\\/\\\/schema.org\",\"@graph\":[{\"@type\":\"WebPage\",\"@id\":\"https:\\\/\\\/www.agrivi.com\\\/sr\\\/proizvodi\\\/agrivi-ed\\\/\",\"url\":\"https:\\\/\\\/www.agrivi.com\\\/sr\\\/proizvodi\\\/agrivi-ed\\\/\",\"name\":\"AGRIVI | Ed\",\"isPartOf\":{\"@id\":\"https:\\\/\\\/www.agrivi.com\\\/sr\\\/#website\"},\"datePublished\":\"2023-05-18T16:19:03+00:00\",\"dateModified\":\"2025-07-15T14:19:28+00:00\",\"description\":\"Upoznajte AGRIVI Ed. Agronomskog savetodavnog asistenta vo\u0111enog ve\u0161ta\u010dkom inteligencijom, dizajniranog da osna\u017ei lanac vrednosti poljoprivrede i podr\u017ei digitalizaciju preko 500 miliona farmi \u0161irom sveta.\",\"breadcrumb\":{\"@id\":\"https:\\\/\\\/www.agrivi.com\\\/sr\\\/proizvodi\\\/agrivi-ed\\\/#breadcrumb\"},\"inLanguage\":\"sr-RS\",\"potentialAction\":[{\"@type\":\"ReadAction\",\"target\":[\"https:\\\/\\\/www.agrivi.com\\\/sr\\\/proizvodi\\\/agrivi-ed\\\/\"]}]},{\"@type\":\"BreadcrumbList\",\"@id\":\"https:\\\/\\\/www.agrivi.com\\\/sr\\\/proizvodi\\\/agrivi-ed\\\/#breadcrumb\",\"itemListElement\":[{\"@type\":\"ListItem\",\"position\":1,\"name\":\"Home\",\"item\":\"https:\\\/\\\/www.agrivi.com\\\/sr\\\/\"},{\"@type\":\"ListItem\",\"position\":2,\"name\":\"Proizvodi\",\"item\":\"https:\\\/\\\/www.agrivi.com\\\/sr\\\/proizvodi\\\/\"},{\"@type\":\"ListItem\",\"position\":3,\"name\":\"AGRIVI Ed\"}]},{\"@type\":\"WebSite\",\"@id\":\"https:\\\/\\\/www.agrivi.com\\\/sr\\\/#website\",\"url\":\"https:\\\/\\\/www.agrivi.com\\\/sr\\\/\",\"name\":\"AGRIVI\",\"description\":\"Farm managment solutions\",\"publisher\":{\"@id\":\"https:\\\/\\\/www.agrivi.com\\\/sr\\\/#organization\"},\"potentialAction\":[{\"@type\":\"SearchAction\",\"target\":{\"@type\":\"EntryPoint\",\"urlTemplate\":\"https:\\\/\\\/www.agrivi.com\\\/sr\\\/?s={search_term_string}\"},\"query-input\":{\"@type\":\"PropertyValueSpecification\",\"valueRequired\":true,\"valueName\":\"search_term_string\"}}],\"inLanguage\":\"sr-RS\"},{\"@type\":\"Organization\",\"@id\":\"https:\\\/\\\/www.agrivi.com\\\/sr\\\/#organization\",\"name\":\"AGRIVI\",\"url\":\"https:\\\/\\\/www.agrivi.com\\\/sr\\\/\",\"logo\":{\"@type\":\"ImageObject\",\"inLanguage\":\"sr-RS\",\"@id\":\"https:\\\/\\\/www.agrivi.com\\\/sr\\\/#\\\/schema\\\/logo\\\/image\\\/\",\"url\":\"https:\\\/\\\/www.agrivi.com\\\/wp-content\\\/uploads\\\/2021\\\/02\\\/Agrivi-svg.svg\",\"contentUrl\":\"https:\\\/\\\/www.agrivi.com\\\/wp-content\\\/uploads\\\/2021\\\/02\\\/Agrivi-svg.svg\",\"width\":1,\"height\":1,\"caption\":\"AGRIVI\"},\"image\":{\"@id\":\"https:\\\/\\\/www.agrivi.com\\\/sr\\\/#\\\/schema\\\/logo\\\/image\\\/\"}}]}<\/script>\n<!-- \/ Yoast SEO plugin. -->","yoast_head_json":{"title":"AGRIVI | Ed","description":"Upoznajte AGRIVI Ed. Agronomskog savetodavnog asistenta vo\u0111enog ve\u0161ta\u010dkom inteligencijom, dizajniranog da osna\u017ei lanac vrednosti poljoprivrede i podr\u017ei digitalizaciju preko 500 miliona farmi \u0161irom sveta.","robots":{"index":"index","follow":"follow","max-snippet":"max-snippet:-1","max-image-preview":"max-image-preview:large","max-video-preview":"max-video-preview:-1"},"canonical":"https:\/\/www.agrivi.com\/sr\/proizvodi\/agrivi-ed\/","og_locale":"sr_RS","og_type":"article","og_title":"AGRIVI | Ed","og_description":"Upoznajte AGRIVI Ed. Agronomskog savetodavnog asistenta vo\u0111enog ve\u0161ta\u010dkom inteligencijom, dizajniranog da osna\u017ei lanac vrednosti poljoprivrede i podr\u017ei digitalizaciju preko 500 miliona farmi \u0161irom sveta.","og_url":"https:\/\/www.agrivi.com\/sr\/proizvodi\/agrivi-ed\/","og_site_name":"AGRIVI","article_modified_time":"2025-07-15T14:19:28+00:00","twitter_card":"summary_large_image","twitter_misc":{"\u041f\u0440\u043e\u0446\u0435\u045a\u0435\u043d\u043e \u0432\u0440\u0435\u043c\u0435 \u0447\u0438\u0442\u0430\u045a\u0430":"7 \u043c\u0438\u043d\u0443\u0442\u0430"},"schema":{"@context":"https:\/\/schema.org","@graph":[{"@type":"WebPage","@id":"https:\/\/www.agrivi.com\/sr\/proizvodi\/agrivi-ed\/","url":"https:\/\/www.agrivi.com\/sr\/proizvodi\/agrivi-ed\/","name":"AGRIVI | Ed","isPartOf":{"@id":"https:\/\/www.agrivi.com\/sr\/#website"},"datePublished":"2023-05-18T16:19:03+00:00","dateModified":"2025-07-15T14:19:28+00:00","description":"Upoznajte AGRIVI Ed. Agronomskog savetodavnog asistenta vo\u0111enog ve\u0161ta\u010dkom inteligencijom, dizajniranog da osna\u017ei lanac vrednosti poljoprivrede i podr\u017ei digitalizaciju preko 500 miliona farmi \u0161irom sveta.","breadcrumb":{"@id":"https:\/\/www.agrivi.com\/sr\/proizvodi\/agrivi-ed\/#breadcrumb"},"inLanguage":"sr-RS","potentialAction":[{"@type":"ReadAction","target":["https:\/\/www.agrivi.com\/sr\/proizvodi\/agrivi-ed\/"]}]},{"@type":"BreadcrumbList","@id":"https:\/\/www.agrivi.com\/sr\/proizvodi\/agrivi-ed\/#breadcrumb","itemListElement":[{"@type":"ListItem","position":1,"name":"Home","item":"https:\/\/www.agrivi.com\/sr\/"},{"@type":"ListItem","position":2,"name":"Proizvodi","item":"https:\/\/www.agrivi.com\/sr\/proizvodi\/"},{"@type":"ListItem","position":3,"name":"AGRIVI Ed"}]},{"@type":"WebSite","@id":"https:\/\/www.agrivi.com\/sr\/#website","url":"https:\/\/www.agrivi.com\/sr\/","name":"AGRIVI","description":"Farm managment solutions","publisher":{"@id":"https:\/\/www.agrivi.com\/sr\/#organization"},"potentialAction":[{"@type":"SearchAction","target":{"@type":"EntryPoint","urlTemplate":"https:\/\/www.agrivi.com\/sr\/?s={search_term_string}"},"query-input":{"@type":"PropertyValueSpecification","valueRequired":true,"valueName":"search_term_string"}}],"inLanguage":"sr-RS"},{"@type":"Organization","@id":"https:\/\/www.agrivi.com\/sr\/#organization","name":"AGRIVI","url":"https:\/\/www.agrivi.com\/sr\/","logo":{"@type":"ImageObject","inLanguage":"sr-RS","@id":"https:\/\/www.agrivi.com\/sr\/#\/schema\/logo\/image\/","url":"https:\/\/www.agrivi.com\/wp-content\/uploads\/2021\/02\/Agrivi-svg.svg","contentUrl":"https:\/\/www.agrivi.com\/wp-content\/uploads\/2021\/02\/Agrivi-svg.svg","width":1,"height":1,"caption":"AGRIVI"},"image":{"@id":"https:\/\/www.agrivi.com\/sr\/#\/schema\/logo\/image\/"}}]}},"_links":{"self":[{"href":"https:\/\/www.agrivi.com\/sr\/wp-json\/wp\/v2\/pages\/72404","targetHints":{"allow":["GET"]}}],"collection":[{"href":"https:\/\/www.agrivi.com\/sr\/wp-json\/wp\/v2\/pages"}],"about":[{"href":"https:\/\/www.agrivi.com\/sr\/wp-json\/wp\/v2\/types\/page"}],"author":[{"embeddable":true,"href":"https:\/\/www.agrivi.com\/sr\/wp-json\/wp\/v2\/users\/15"}],"replies":[{"embeddable":true,"href":"https:\/\/www.agrivi.com\/sr\/wp-json\/wp\/v2\/comments?post=72404"}],"version-history":[{"count":6,"href":"https:\/\/www.agrivi.com\/sr\/wp-json\/wp\/v2\/pages\/72404\/revisions"}],"predecessor-version":[{"id":72412,"href":"https:\/\/www.agrivi.com\/sr\/wp-json\/wp\/v2\/pages\/72404\/revisions\/72412"}],"up":[{"embeddable":true,"href":"https:\/\/www.agrivi.com\/sr\/wp-json\/wp\/v2\/pages\/17888"}],"wp:attachment":[{"href":"https:\/\/www.agrivi.com\/sr\/wp-json\/wp\/v2\/media?parent=72404"}],"curies":[{"name":"wp","href":"https:\/\/api.w.org\/{rel}","templated":true}]}}